{"id":54678,"date":"2025-08-22T02:16:03","date_gmt":"2025-08-22T05:16:03","guid":{"rendered":"https:\/\/rms-enlinea.com.ar\/tienda\/producto\/proyector-epson-power-lite-x49-xga-3600-lumens\/"},"modified":"2026-04-23T11:40:17","modified_gmt":"2026-04-23T14:40:17","slug":"proyector-epson-power-lite-x49-xga-3600-lumens","status":"publish","type":"product","link":"https:\/\/rms-enlinea.com.ar\/tienda\/producto\/proyector-epson-power-lite-x49-xga-3600-lumens\/","title":{"rendered":"Proyector Epson Power Lite X49 Xga 3600 Lumens"},"content":{"rendered":"<p>Sistema de Proyecci\u00f3n: Tecnolog\u00eda Epson 3LCD de 3 chips<\/p>\n<p>M\u00e9todo de Proyecci\u00f3n: Frontal \/ Posterior \/ Techo<\/p>\n<p>Pantalla LCD: 0,55-pulgadas (C2fine)<\/p>\n<p>M\u00e9todo de visualizaci\u00f3n: Poly-silicon TFT active matrix<\/p>\n<p>N\u00famero de Pixeles: 786.432 pixeles (1.024 px x 768 px) x 3<\/p>\n<p>Luminosidad en Color: 3.600 L\u00famenes<\/p>\n<p>Luminosidad en Blanco: 3.600 L\u00famenes<\/p>\n<p>Relaci\u00f3n de Aspecto: 4:3<\/p>\n<p>Resoluci\u00f3n Nativa: XGA<\/p>\n<p>Tipo de L\u00e1mpara: 210W UHE<\/p>\n<p>Vida \u00datil de la L\u00e1mpara: 6.000 horas (normal); 12.000 horas (Eco)<\/p>\n<p>Correcci\u00f3n de Trapecio: Vertical: -30\u00b0 +30\u00ba Horizontal: -30\u00b0 +30\u00b0<\/p>\n<p>Relaci\u00f3n de Contraste: Hasta 16.000:1<\/p>\n<p>Reproducci\u00f3n del Color: Hasta 1 bill\u00f3n de colores<\/p>\n<p>Temperatura de uso: 5 \u00b0C a 40 \u00b0C (41 \u00b0F a 104 \u00b0F)<\/p>\n<p>Dimensiones: 302 mm x 87 mm x 249 mm (ancho x alto x profundidad)<\/p>\n<p>Peso: 2,7 Kg<\/p>\n<p>Seguridad: Kensington\u00ae Lock, traba de seguridad<\/p>\n<p>Voltaje de Fuente de Poder: 100V &#8211; 240V AC +\/- 10%, 50 Hz\/60 Hz<\/p>\n","protected":false},"excerpt":{"rendered":"<p>Sistema de Proyecci\u00f3n: Tecnolog\u00eda Epson 3LCD de 3 chips M\u00e9todo de Proyecci\u00f3n: Frontal \/ Posterior \/ Techo Pantalla LCD: 0,55-pulgadas (C2fine) M\u00e9todo de visualizaci\u00f3n: Poly-silicon TFT active matrix N\u00famero de Pixeles: 786.432 pixeles (1.024 px x 768 px) x 3 Luminosidad en Color: 3.600 L\u00famenes Luminosidad en Blanco: 3.600 L\u00famenes Relaci\u00f3n de Aspecto: 4:3 Resoluci\u00f3n [&hellip;]<\/p>\n","protected":false},"featured_media":54679,"comment_status":"open","ping_status":"closed","template":"","meta":{"_uag_custom_page_level_css":""},"product_brand":[553],"product_cat":[615],"product_tag":[],"class_list":{"0":"post-54678","1":"product","2":"type-product","3":"status-publish","4":"has-post-thumbnail","6":"product_brand-epson","7":"product_cat-proyectores","9":"first","10":"outofstock","11":"sale","12":"taxable","13":"shipping-taxable","14":"purchasable","15":"product-type-simple"},"uagb_featured_image_src":{"full":["https:\/\/rms-enlinea.com.ar\/wp-content\/uploads\/2025\/08\/D_819509-MLA89931485120_082025-F.jpg",1181,516,false],"thumbnail":["https:\/\/rms-enlinea.com.ar\/wp-content\/uploads\/2025\/08\/D_819509-MLA89931485120_082025-F-150x150.jpg",150,150,true],"medium":["https:\/\/rms-enlinea.com.ar\/wp-content\/uploads\/2025\/08\/D_819509-MLA89931485120_082025-F-300x131.jpg",300,131,true],"medium_large":["https:\/\/rms-enlinea.com.ar\/wp-content\/uploads\/2025\/08\/D_819509-MLA89931485120_082025-F-768x336.jpg",768,336,true],"large":["https:\/\/rms-enlinea.com.ar\/wp-content\/uploads\/2025\/08\/D_819509-MLA89931485120_082025-F-1024x447.jpg",1024,447,true],"1536x1536":["https:\/\/rms-enlinea.com.ar\/wp-content\/uploads\/2025\/08\/D_819509-MLA89931485120_082025-F.jpg",1181,516,false],"2048x2048":["https:\/\/rms-enlinea.com.ar\/wp-content\/uploads\/2025\/08\/D_819509-MLA89931485120_082025-F.jpg",1181,516,false],"woocommerce_thumbnail":["https:\/\/rms-enlinea.com.ar\/wp-content\/uploads\/2025\/08\/D_819509-MLA89931485120_082025-F-450x450.jpg",450,450,true],"woocommerce_single":["https:\/\/rms-enlinea.com.ar\/wp-content\/uploads\/2025\/08\/D_819509-MLA89931485120_082025-F-600x262.jpg",600,262,true],"woocommerce_gallery_thumbnail":["https:\/\/rms-enlinea.com.ar\/wp-content\/uploads\/2025\/08\/D_819509-MLA89931485120_082025-F-100x100.jpg",100,100,true]},"uagb_author_info":{"display_name":"nelson","author_link":"https:\/\/rms-enlinea.com.ar\/tienda\/author\/"},"uagb_comment_info":0,"uagb_excerpt":"Sistema de Proyecci\u00f3n: Tecnolog\u00eda Epson 3LCD de 3 chips M\u00e9todo de Proyecci\u00f3n: Frontal \/ Posterior \/ Techo Pantalla LCD: 0,55-pulgadas (C2fine) M\u00e9todo de visualizaci\u00f3n: Poly-silicon TFT active matrix N\u00famero de Pixeles: 786.432 pixeles (1.024 px x 768 px) x 3 Luminosidad en Color: 3.600 L\u00famenes Luminosidad en Blanco: 3.600 L\u00famenes Relaci\u00f3n de Aspecto: 4:3 Resoluci\u00f3n&hellip;","_links":{"self":[{"href":"https:\/\/rms-enlinea.com.ar\/tienda\/wp-json\/wp\/v2\/product\/54678","targetHints":{"allow":["GET"]}}],"collection":[{"href":"https:\/\/rms-enlinea.com.ar\/tienda\/wp-json\/wp\/v2\/product"}],"about":[{"href":"https:\/\/rms-enlinea.com.ar\/tienda\/wp-json\/wp\/v2\/types\/product"}],"replies":[{"embeddable":true,"href":"https:\/\/rms-enlinea.com.ar\/tienda\/wp-json\/wp\/v2\/comments?post=54678"}],"wp:featuredmedia":[{"embeddable":true,"href":"https:\/\/rms-enlinea.com.ar\/tienda\/wp-json\/wp\/v2\/media\/54679"}],"wp:attachment":[{"href":"https:\/\/rms-enlinea.com.ar\/tienda\/wp-json\/wp\/v2\/media?parent=54678"}],"wp:term":[{"taxonomy":"product_brand","embeddable":true,"href":"https:\/\/rms-enlinea.com.ar\/tienda\/wp-json\/wp\/v2\/product_brand?post=54678"},{"taxonomy":"product_cat","embeddable":true,"href":"https:\/\/rms-enlinea.com.ar\/tienda\/wp-json\/wp\/v2\/product_cat?post=54678"},{"taxonomy":"product_tag","embeddable":true,"href":"https:\/\/rms-enlinea.com.ar\/tienda\/wp-json\/wp\/v2\/product_tag?post=54678"}],"curies":[{"name":"wp","href":"https:\/\/api.w.org\/{rel}","templated":true}]}}