{"id":5468,"date":"2025-06-12T03:40:10","date_gmt":"2025-06-12T06:40:10","guid":{"rendered":"https:\/\/rms-enlinea.com.ar\/tienda\/producto\/microprocesador-amd-ryzen-5-5500-16mb-3-6ghz-am4-6-nucleos\/"},"modified":"2026-04-21T05:53:50","modified_gmt":"2026-04-21T08:53:50","slug":"microprocesador-amd-ryzen-5-5500-16mb-3-6ghz-am4-6-nucleos","status":"publish","type":"product","link":"https:\/\/rms-enlinea.com.ar\/tienda\/producto\/microprocesador-amd-ryzen-5-5500-16mb-3-6ghz-am4-6-nucleos\/","title":{"rendered":"Microprocesador Amd Ryzen 5 5500 16mb 3.6ghz Am4 6 Nucleos"},"content":{"rendered":"<p>Cuando cuentas con la arquitectura de procesadores de escritorio m\u00e1s avanzada del mundo para jugadores y creadores de contenido, las posibilidades son infinitas. Ya sea que juegues los juegos m\u00e1s recientes, dise\u00f1es el pr\u00f3ximo rascacielos o proceses datos, necesitas un procesador poderoso que pueda dar respuesta a todas estas demandas, y m\u00e1s. Sin lugar a dudas, los procesadores para computadoras de escritorio AMD Ryzen serie 5000 elevan el nivel de expectativa para jugadores y artistas por igual.<\/p>\n","protected":false},"excerpt":{"rendered":"<p>Cuando cuentas con la arquitectura de procesadores de escritorio m\u00e1s avanzada del mundo para jugadores y creadores de contenido, las posibilidades son infinitas. Ya sea que juegues los juegos m\u00e1s recientes, dise\u00f1es el pr\u00f3ximo rascacielos o proceses datos, necesitas un procesador poderoso que pueda dar respuesta a todas estas demandas, y m\u00e1s. Sin lugar a [&hellip;]<\/p>\n","protected":false},"featured_media":5462,"comment_status":"open","ping_status":"closed","template":"","meta":{"_uag_custom_page_level_css":""},"product_brand":[531],"product_cat":[15],"product_tag":[],"class_list":{"0":"post-5468","1":"product","2":"type-product","3":"status-publish","4":"has-post-thumbnail","6":"product_brand-amd","7":"product_cat-sin-categorizar","9":"first","10":"outofstock","11":"sale","12":"taxable","13":"shipping-taxable","14":"purchasable","15":"product-type-simple"},"uagb_featured_image_src":{"full":["https:\/\/rms-enlinea.com.ar\/wp-content\/uploads\/2025\/06\/D_940425-MLA51838363692_102022-F.jpg",1098,1196,false],"thumbnail":["https:\/\/rms-enlinea.com.ar\/wp-content\/uploads\/2025\/06\/D_940425-MLA51838363692_102022-F-150x150.jpg",150,150,true],"medium":["https:\/\/rms-enlinea.com.ar\/wp-content\/uploads\/2025\/06\/D_940425-MLA51838363692_102022-F-275x300.jpg",275,300,true],"medium_large":["https:\/\/rms-enlinea.com.ar\/wp-content\/uploads\/2025\/06\/D_940425-MLA51838363692_102022-F-768x837.jpg",768,837,true],"large":["https:\/\/rms-enlinea.com.ar\/wp-content\/uploads\/2025\/06\/D_940425-MLA51838363692_102022-F-940x1024.jpg",940,1024,true],"1536x1536":["https:\/\/rms-enlinea.com.ar\/wp-content\/uploads\/2025\/06\/D_940425-MLA51838363692_102022-F.jpg",1098,1196,false],"2048x2048":["https:\/\/rms-enlinea.com.ar\/wp-content\/uploads\/2025\/06\/D_940425-MLA51838363692_102022-F.jpg",1098,1196,false],"woocommerce_thumbnail":["https:\/\/rms-enlinea.com.ar\/wp-content\/uploads\/2025\/06\/D_940425-MLA51838363692_102022-F-450x450.jpg",450,450,true],"woocommerce_single":["https:\/\/rms-enlinea.com.ar\/wp-content\/uploads\/2025\/06\/D_940425-MLA51838363692_102022-F-600x654.jpg",600,654,true],"woocommerce_gallery_thumbnail":["https:\/\/rms-enlinea.com.ar\/wp-content\/uploads\/2025\/06\/D_940425-MLA51838363692_102022-F-100x100.jpg",100,100,true]},"uagb_author_info":{"display_name":"l0071054","author_link":"https:\/\/rms-enlinea.com.ar\/tienda\/author\/"},"uagb_comment_info":0,"uagb_excerpt":"Cuando cuentas con la arquitectura de procesadores de escritorio m\u00e1s avanzada del mundo para jugadores y creadores de contenido, las posibilidades son infinitas. Ya sea que juegues los juegos m\u00e1s recientes, dise\u00f1es el pr\u00f3ximo rascacielos o proceses datos, necesitas un procesador poderoso que pueda dar respuesta a todas estas demandas, y m\u00e1s. Sin lugar a&hellip;","_links":{"self":[{"href":"https:\/\/rms-enlinea.com.ar\/tienda\/wp-json\/wp\/v2\/product\/5468","targetHints":{"allow":["GET"]}}],"collection":[{"href":"https:\/\/rms-enlinea.com.ar\/tienda\/wp-json\/wp\/v2\/product"}],"about":[{"href":"https:\/\/rms-enlinea.com.ar\/tienda\/wp-json\/wp\/v2\/types\/product"}],"replies":[{"embeddable":true,"href":"https:\/\/rms-enlinea.com.ar\/tienda\/wp-json\/wp\/v2\/comments?post=5468"}],"wp:featuredmedia":[{"embeddable":true,"href":"https:\/\/rms-enlinea.com.ar\/tienda\/wp-json\/wp\/v2\/media\/5462"}],"wp:attachment":[{"href":"https:\/\/rms-enlinea.com.ar\/tienda\/wp-json\/wp\/v2\/media?parent=5468"}],"wp:term":[{"taxonomy":"product_brand","embeddable":true,"href":"https:\/\/rms-enlinea.com.ar\/tienda\/wp-json\/wp\/v2\/product_brand?post=5468"},{"taxonomy":"product_cat","embeddable":true,"href":"https:\/\/rms-enlinea.com.ar\/tienda\/wp-json\/wp\/v2\/product_cat?post=5468"},{"taxonomy":"product_tag","embeddable":true,"href":"https:\/\/rms-enlinea.com.ar\/tienda\/wp-json\/wp\/v2\/product_tag?post=5468"}],"curies":[{"name":"wp","href":"https:\/\/api.w.org\/{rel}","templated":true}]}}