{"id":54694,"date":"2025-08-22T04:10:09","date_gmt":"2025-08-22T07:10:09","guid":{"rendered":"https:\/\/rms-enlinea.com.ar\/tienda\/producto\/fuente-atx-sfx-500w-204-pin-sata-x-2-cooler-80mm\/"},"modified":"2026-04-11T03:30:22","modified_gmt":"2026-04-11T06:30:22","slug":"fuente-atx-sfx-500w-204-pin-sata-x-2-cooler-80mm","status":"publish","type":"product","link":"https:\/\/rms-enlinea.com.ar\/tienda\/producto\/fuente-atx-sfx-500w-204-pin-sata-x-2-cooler-80mm\/","title":{"rendered":"Fuente Atx Sfx 500w 20+4 Pin Sata X 2 Cooler 80mm"},"content":{"rendered":"<p>Marca de la fuente<\/p>\n<p>SFX<br \/>\nTipo de fuente de alimentaci\u00f3n para PC<\/p>\n<p>Mini ATX<br \/>\nCertificaci\u00f3n de eficiencia<\/p>\n<p>No aplica<br \/>\nDi\u00e1metro del ventilador<\/p>\n<p>80 mm<br \/>\nCantidad de conectores HDD<\/p>\n<p>1<br \/>\nIncluye protecci\u00f3n de bajo voltaje<\/p>\n<p>No<br \/>\nEs modular<\/p>\n<p>No<br \/>\nModelo de la fuente<\/p>\n<p>SFX12V<br \/>\nPotencia de salida<\/p>\n<p>500 W<br \/>\nCantidad de conectores SATA<\/p>\n<p>2<br \/>\nMarca de la fuente<\/p>\n<p>SFX<br \/>\nTipo de fuente de alimentaci\u00f3n para PC<\/p>\n<p>ATX<br \/>\nCertificaci\u00f3n de eficiencia<\/p>\n<p>No posee<\/p>\n<p>C\u00f3digo universal de producto<\/p>\n<p>889523000410<br \/>\nCantidad de conectores HDD<\/p>\n<p>6<br \/>\nIncluye protecci\u00f3n de bajo voltaje<\/p>\n<p>No<br \/>\nModelo de la fuente<\/p>\n<p>SFX_500<br \/>\nPotencia de salida<\/p>\n<p>500 W<br \/>\nCantidad de conectores SATA<\/p>\n<p>2<br \/>\nSKU<\/p>\n<p>SFX_500<\/p>\n","protected":false},"excerpt":{"rendered":"<p>Marca de la fuente SFX Tipo de fuente de alimentaci\u00f3n para PC Mini ATX Certificaci\u00f3n de eficiencia No aplica Di\u00e1metro del ventilador 80 mm Cantidad de conectores HDD 1 Incluye protecci\u00f3n de bajo voltaje No Es modular No Modelo de la fuente SFX12V Potencia de salida 500 W Cantidad de conectores SATA 2 Marca de [&hellip;]<\/p>\n","protected":false},"featured_media":54695,"comment_status":"open","ping_status":"closed","template":"","meta":{"_uag_custom_page_level_css":""},"product_brand":[599],"product_cat":[108],"product_tag":[],"class_list":{"0":"post-54694","1":"product","2":"type-product","3":"status-publish","4":"has-post-thumbnail","6":"product_brand-sfx","7":"product_cat-fuentes-y-cargadores","9":"first","10":"instock","11":"sale","12":"taxable","13":"shipping-taxable","14":"purchasable","15":"product-type-simple"},"uagb_featured_image_src":{"full":["https:\/\/rms-enlinea.com.ar\/wp-content\/uploads\/2025\/08\/D_602215-MLA90318171802_082025-F.jpg",1200,978,false],"thumbnail":["https:\/\/rms-enlinea.com.ar\/wp-content\/uploads\/2025\/08\/D_602215-MLA90318171802_082025-F-150x150.jpg",150,150,true],"medium":["https:\/\/rms-enlinea.com.ar\/wp-content\/uploads\/2025\/08\/D_602215-MLA90318171802_082025-F-300x245.jpg",300,245,true],"medium_large":["https:\/\/rms-enlinea.com.ar\/wp-content\/uploads\/2025\/08\/D_602215-MLA90318171802_082025-F-768x626.jpg",768,626,true],"large":["https:\/\/rms-enlinea.com.ar\/wp-content\/uploads\/2025\/08\/D_602215-MLA90318171802_082025-F-1024x835.jpg",1024,835,true],"1536x1536":["https:\/\/rms-enlinea.com.ar\/wp-content\/uploads\/2025\/08\/D_602215-MLA90318171802_082025-F.jpg",1200,978,false],"2048x2048":["https:\/\/rms-enlinea.com.ar\/wp-content\/uploads\/2025\/08\/D_602215-MLA90318171802_082025-F.jpg",1200,978,false],"woocommerce_thumbnail":["https:\/\/rms-enlinea.com.ar\/wp-content\/uploads\/2025\/08\/D_602215-MLA90318171802_082025-F-450x450.jpg",450,450,true],"woocommerce_single":["https:\/\/rms-enlinea.com.ar\/wp-content\/uploads\/2025\/08\/D_602215-MLA90318171802_082025-F-600x489.jpg",600,489,true],"woocommerce_gallery_thumbnail":["https:\/\/rms-enlinea.com.ar\/wp-content\/uploads\/2025\/08\/D_602215-MLA90318171802_082025-F-100x100.jpg",100,100,true]},"uagb_author_info":{"display_name":"nelson","author_link":"https:\/\/rms-enlinea.com.ar\/tienda\/author\/"},"uagb_comment_info":0,"uagb_excerpt":"Marca de la fuente SFX Tipo de fuente de alimentaci\u00f3n para PC Mini ATX Certificaci\u00f3n de eficiencia No aplica Di\u00e1metro del ventilador 80 mm Cantidad de conectores HDD 1 Incluye protecci\u00f3n de bajo voltaje No Es modular No Modelo de la fuente SFX12V Potencia de salida 500 W Cantidad de conectores SATA 2 Marca de&hellip;","_links":{"self":[{"href":"https:\/\/rms-enlinea.com.ar\/tienda\/wp-json\/wp\/v2\/product\/54694","targetHints":{"allow":["GET"]}}],"collection":[{"href":"https:\/\/rms-enlinea.com.ar\/tienda\/wp-json\/wp\/v2\/product"}],"about":[{"href":"https:\/\/rms-enlinea.com.ar\/tienda\/wp-json\/wp\/v2\/types\/product"}],"replies":[{"embeddable":true,"href":"https:\/\/rms-enlinea.com.ar\/tienda\/wp-json\/wp\/v2\/comments?post=54694"}],"wp:featuredmedia":[{"embeddable":true,"href":"https:\/\/rms-enlinea.com.ar\/tienda\/wp-json\/wp\/v2\/media\/54695"}],"wp:attachment":[{"href":"https:\/\/rms-enlinea.com.ar\/tienda\/wp-json\/wp\/v2\/media?parent=54694"}],"wp:term":[{"taxonomy":"product_brand","embeddable":true,"href":"https:\/\/rms-enlinea.com.ar\/tienda\/wp-json\/wp\/v2\/product_brand?post=54694"},{"taxonomy":"product_cat","embeddable":true,"href":"https:\/\/rms-enlinea.com.ar\/tienda\/wp-json\/wp\/v2\/product_cat?post=54694"},{"taxonomy":"product_tag","embeddable":true,"href":"https:\/\/rms-enlinea.com.ar\/tienda\/wp-json\/wp\/v2\/product_tag?post=54694"}],"curies":[{"name":"wp","href":"https:\/\/api.w.org\/{rel}","templated":true}]}}