{"id":54701,"date":"2025-08-22T04:20:27","date_gmt":"2025-08-22T07:20:27","guid":{"rendered":"https:\/\/rms-enlinea.com.ar\/tienda\/producto\/notebook-hp-250-g10-core-i5-1334u-8gb-512gb-15-6-9e4y4lt\/"},"modified":"2026-04-06T14:06:01","modified_gmt":"2026-04-06T17:06:01","slug":"notebook-hp-250-g10-core-i5-1334u-8gb-512gb-15-6-9e4y4lt","status":"publish","type":"product","link":"https:\/\/rms-enlinea.com.ar\/tienda\/producto\/notebook-hp-250-g10-core-i5-1334u-8gb-512gb-15-6-9e4y4lt\/","title":{"rendered":"Notebook Hp 250 G10 Core I5 1334u 8gb 512gb 15.6 9e4y4lt"},"content":{"rendered":"<p>Sistema operativo FreeDOS 3.0<br \/>\nFamilia del procesador Procesador Intel\u00ae Core\u2122 i5 de 13.\u00aa generaci\u00f3n<br \/>\nProcesador Intel\u00ae Core\u2122 i5-1334U (hasta 4,6 GHz con tecnolog\u00eda Intel\u00ae Turbo Boost, 12 MB de cach\u00e9 L3, 10 n\u00facleos y 12 subprocesos)<br \/>\nTecnolog\u00eda del procesador Tecnolog\u00eda Intel\u00ae vPro\u00ae<br \/>\nGr\u00e1ficos (integrados) Gr\u00e1ficos Intel\u00ae Iris\u00ae X<br \/>\nMemoria RAM DDR4-3200 MT\/s de 8 GB (1 x 8 GB) Velocidades de transferencia de hasta 3200 MT\/s<br \/>\nRanuras de memoria 2 SODIMM<br \/>\nAlmacenamiento interno Unidad de estado s\u00f3lido PCIe\u00ae NVMe\u2122 de 512 GB<br \/>\nPantalla Pantalla HD, antirreflectante, con bisel angosto, de 39,6 cm (15,6&#8243;) en diagonal, 250 nits y 45 % de NTSC (1366 x 768)<br \/>\nTama\u00f1o de pantalla (diagonal) 39,6 cm (15,6&#8243;)<br \/>\nPuertos 1 USB Type-C\u00ae con velocidad de se\u00f1alizaci\u00f3n de 5 Gb\/s; 2 USB Type-A con velocidad de se\u00f1alizaci\u00f3n de 5 Gb\/s; 1 alimentaci\u00f3n de CA;<br \/>\n1 HDMI 1.4b; 1 conector est\u00e9reo para combinaci\u00f3n de auriculares y micr\u00f3fono;El cable HDMI se vende por separado.<br \/>\nConexi\u00f3n inal\u00e1mbrica Tarjeta inal\u00e1mbrica Realtek Wi-Fi 6 (2&#215;2) y Bluetooth\u00ae 5.3<br \/>\nFunciones de audio Altavoces est\u00e9reo, micr\u00f3fono digital integrado<br \/>\nTeclado Teclado de tama\u00f1o completo con teclado num\u00e9rico<br \/>\nDispositivo apuntador Panel t\u00e1ctil con soporte de movimientos multit\u00e1ctiles, pulsaciones habilitadas de forma predeterminada<br \/>\nTipo de bater\u00eda Iones de litio de 3 celdas y 41 Wh de larga duraci\u00f3n HP<br \/>\nAlimentaci\u00f3n Adaptador de alimentaci\u00f3n externa de CA de 45W HP Smart [19]<br \/>\nEspecificaciones de impacto sostenible Bajo contenido de hal\u00f3geno; Empaque a granel disponible; La caja interna con coj\u00edn de celulosa moldeado es 100 % sostenible y reciclable; La caja exterior y los cojines corrugados son 100 % sostenibles y reciclables; 10 % pl\u00e1sticos reciclados posconsumo; Pl\u00e1stico recuperado del oc\u00e9ano y reciclado en la carcasa de los altavoces [22,23,24,25,29]<br \/>\nFunciones de gesti\u00f3n HP SSRM; Windows Push Button Reset Recovery<\/p>\n","protected":false},"excerpt":{"rendered":"<p>Sistema operativo FreeDOS 3.0 Familia del procesador Procesador Intel\u00ae Core\u2122 i5 de 13.\u00aa generaci\u00f3n Procesador Intel\u00ae Core\u2122 i5-1334U (hasta 4,6 GHz con tecnolog\u00eda Intel\u00ae Turbo Boost, 12 MB de cach\u00e9 L3, 10 n\u00facleos y 12 subprocesos) Tecnolog\u00eda del procesador Tecnolog\u00eda Intel\u00ae vPro\u00ae Gr\u00e1ficos (integrados) Gr\u00e1ficos Intel\u00ae Iris\u00ae X Memoria RAM DDR4-3200 MT\/s de 8 GB [&hellip;]<\/p>\n","protected":false},"featured_media":54702,"comment_status":"open","ping_status":"closed","template":"","meta":{"_uag_custom_page_level_css":""},"product_brand":[552],"product_cat":[116],"product_tag":[],"class_list":{"0":"post-54701","1":"product","2":"type-product","3":"status-publish","4":"has-post-thumbnail","6":"product_brand-hp","7":"product_cat-notebooks-y-tablet","9":"first","10":"outofstock","11":"sale","12":"taxable","13":"shipping-taxable","14":"purchasable","15":"product-type-simple"},"uagb_featured_image_src":{"full":["https:\/\/rms-enlinea.com.ar\/wp-content\/uploads\/2025\/08\/D_895839-MLA89908656592_082025-F.jpg",1199,798,false],"thumbnail":["https:\/\/rms-enlinea.com.ar\/wp-content\/uploads\/2025\/08\/D_895839-MLA89908656592_082025-F-150x150.jpg",150,150,true],"medium":["https:\/\/rms-enlinea.com.ar\/wp-content\/uploads\/2025\/08\/D_895839-MLA89908656592_082025-F-300x200.jpg",300,200,true],"medium_large":["https:\/\/rms-enlinea.com.ar\/wp-content\/uploads\/2025\/08\/D_895839-MLA89908656592_082025-F-768x511.jpg",768,511,true],"large":["https:\/\/rms-enlinea.com.ar\/wp-content\/uploads\/2025\/08\/D_895839-MLA89908656592_082025-F-1024x682.jpg",1024,682,true],"1536x1536":["https:\/\/rms-enlinea.com.ar\/wp-content\/uploads\/2025\/08\/D_895839-MLA89908656592_082025-F.jpg",1199,798,false],"2048x2048":["https:\/\/rms-enlinea.com.ar\/wp-content\/uploads\/2025\/08\/D_895839-MLA89908656592_082025-F.jpg",1199,798,false],"woocommerce_thumbnail":["https:\/\/rms-enlinea.com.ar\/wp-content\/uploads\/2025\/08\/D_895839-MLA89908656592_082025-F-450x450.jpg",450,450,true],"woocommerce_single":["https:\/\/rms-enlinea.com.ar\/wp-content\/uploads\/2025\/08\/D_895839-MLA89908656592_082025-F-600x399.jpg",600,399,true],"woocommerce_gallery_thumbnail":["https:\/\/rms-enlinea.com.ar\/wp-content\/uploads\/2025\/08\/D_895839-MLA89908656592_082025-F-100x100.jpg",100,100,true]},"uagb_author_info":{"display_name":"nelson","author_link":"https:\/\/rms-enlinea.com.ar\/tienda\/author\/"},"uagb_comment_info":0,"uagb_excerpt":"Sistema operativo FreeDOS 3.0 Familia del procesador Procesador Intel\u00ae Core\u2122 i5 de 13.\u00aa generaci\u00f3n Procesador Intel\u00ae Core\u2122 i5-1334U (hasta 4,6 GHz con tecnolog\u00eda Intel\u00ae Turbo Boost, 12 MB de cach\u00e9 L3, 10 n\u00facleos y 12 subprocesos) Tecnolog\u00eda del procesador Tecnolog\u00eda Intel\u00ae vPro\u00ae Gr\u00e1ficos (integrados) Gr\u00e1ficos Intel\u00ae Iris\u00ae X Memoria RAM DDR4-3200 MT\/s de 8 GB&hellip;","_links":{"self":[{"href":"https:\/\/rms-enlinea.com.ar\/tienda\/wp-json\/wp\/v2\/product\/54701","targetHints":{"allow":["GET"]}}],"collection":[{"href":"https:\/\/rms-enlinea.com.ar\/tienda\/wp-json\/wp\/v2\/product"}],"about":[{"href":"https:\/\/rms-enlinea.com.ar\/tienda\/wp-json\/wp\/v2\/types\/product"}],"replies":[{"embeddable":true,"href":"https:\/\/rms-enlinea.com.ar\/tienda\/wp-json\/wp\/v2\/comments?post=54701"}],"wp:featuredmedia":[{"embeddable":true,"href":"https:\/\/rms-enlinea.com.ar\/tienda\/wp-json\/wp\/v2\/media\/54702"}],"wp:attachment":[{"href":"https:\/\/rms-enlinea.com.ar\/tienda\/wp-json\/wp\/v2\/media?parent=54701"}],"wp:term":[{"taxonomy":"product_brand","embeddable":true,"href":"https:\/\/rms-enlinea.com.ar\/tienda\/wp-json\/wp\/v2\/product_brand?post=54701"},{"taxonomy":"product_cat","embeddable":true,"href":"https:\/\/rms-enlinea.com.ar\/tienda\/wp-json\/wp\/v2\/product_cat?post=54701"},{"taxonomy":"product_tag","embeddable":true,"href":"https:\/\/rms-enlinea.com.ar\/tienda\/wp-json\/wp\/v2\/product_tag?post=54701"}],"curies":[{"name":"wp","href":"https:\/\/api.w.org\/{rel}","templated":true}]}}