{"id":54704,"date":"2025-08-22T04:22:38","date_gmt":"2025-08-22T07:22:38","guid":{"rendered":"https:\/\/rms-enlinea.com.ar\/tienda\/producto\/placa-de-video-sapphire-rx-7600-oc-8gb-pci-e-4-0-ddr6\/"},"modified":"2026-04-21T06:18:11","modified_gmt":"2026-04-21T09:18:11","slug":"placa-de-video-sapphire-rx-7600-oc-8gb-pci-e-4-0-ddr6","status":"publish","type":"product","link":"https:\/\/rms-enlinea.com.ar\/tienda\/producto\/placa-de-video-sapphire-rx-7600-oc-8gb-pci-e-4-0-ddr6\/","title":{"rendered":"Placa De Video Sapphire Rx 7600 Oc 8gb Pci-e 4.0 Ddr6"},"content":{"rendered":"<p>L\u00ednea<\/p>\n<p>RX 7600<br \/>\nFabricante<\/p>\n<p>AMD Radeon<br \/>\nTama\u00f1o de la memoria<\/p>\n<p>8 GB<br \/>\nMarca<\/p>\n<p>Sapphire<br \/>\nTipo de memoria gr\u00e1fica<\/p>\n<p>GDDR6<br \/>\nC\u00f3digo universal de producto<\/p>\n<p>4895106293618<br \/>\nCondici\u00f3n del \u00edtem<\/p>\n<p>Nuevo<br \/>\nMemory<\/p>\n<p>8GB\/128 bit DDR6. 18 Gbps Effective<br \/>\nModelo<\/p>\n<p>11324-01-20G<br \/>\nInterfaz con la placa madre<\/p>\n<p>PCI-Express 4.0<br \/>\nStream Processors<\/p>\n<p>2048<br \/>\nGPU: Boost Clock<\/p>\n<p>Up to 2755 MHz<\/p>\n","protected":false},"excerpt":{"rendered":"<p>L\u00ednea RX 7600 Fabricante AMD Radeon Tama\u00f1o de la memoria 8 GB Marca Sapphire Tipo de memoria gr\u00e1fica GDDR6 C\u00f3digo universal de producto 4895106293618 Condici\u00f3n del \u00edtem Nuevo Memory 8GB\/128 bit DDR6. 18 Gbps Effective Modelo 11324-01-20G Interfaz con la placa madre PCI-Express 4.0 Stream Processors 2048 GPU: Boost Clock Up to 2755 MHz<\/p>\n","protected":false},"featured_media":1805,"comment_status":"open","ping_status":"closed","template":"","meta":{"_uag_custom_page_level_css":""},"product_brand":[573],"product_cat":[120],"product_tag":[],"class_list":{"0":"post-54704","1":"product","2":"type-product","3":"status-publish","4":"has-post-thumbnail","6":"product_brand-sapphire","7":"product_cat-placas-de-video","9":"first","10":"outofstock","11":"sale","12":"taxable","13":"shipping-taxable","14":"purchasable","15":"product-type-simple"},"uagb_featured_image_src":{"full":["https:\/\/rms-enlinea.com.ar\/wp-content\/uploads\/2025\/06\/D_862531-MLU70343937056_072023-F.jpg",500,429,false],"thumbnail":["https:\/\/rms-enlinea.com.ar\/wp-content\/uploads\/2025\/06\/D_862531-MLU70343937056_072023-F-150x150.jpg",150,150,true],"medium":["https:\/\/rms-enlinea.com.ar\/wp-content\/uploads\/2025\/06\/D_862531-MLU70343937056_072023-F-300x257.jpg",300,257,true],"medium_large":["https:\/\/rms-enlinea.com.ar\/wp-content\/uploads\/2025\/06\/D_862531-MLU70343937056_072023-F.jpg",500,429,false],"large":["https:\/\/rms-enlinea.com.ar\/wp-content\/uploads\/2025\/06\/D_862531-MLU70343937056_072023-F.jpg",500,429,false],"1536x1536":["https:\/\/rms-enlinea.com.ar\/wp-content\/uploads\/2025\/06\/D_862531-MLU70343937056_072023-F.jpg",500,429,false],"2048x2048":["https:\/\/rms-enlinea.com.ar\/wp-content\/uploads\/2025\/06\/D_862531-MLU70343937056_072023-F.jpg",500,429,false],"woocommerce_thumbnail":["https:\/\/rms-enlinea.com.ar\/wp-content\/uploads\/2025\/06\/D_862531-MLU70343937056_072023-F-450x429.jpg",450,429,true],"woocommerce_single":["https:\/\/rms-enlinea.com.ar\/wp-content\/uploads\/2025\/06\/D_862531-MLU70343937056_072023-F.jpg",500,429,false],"woocommerce_gallery_thumbnail":["https:\/\/rms-enlinea.com.ar\/wp-content\/uploads\/2025\/06\/D_862531-MLU70343937056_072023-F-100x100.jpg",100,100,true]},"uagb_author_info":{"display_name":"nelson","author_link":"https:\/\/rms-enlinea.com.ar\/tienda\/author\/"},"uagb_comment_info":0,"uagb_excerpt":"L\u00ednea RX 7600 Fabricante AMD Radeon Tama\u00f1o de la memoria 8 GB Marca Sapphire Tipo de memoria gr\u00e1fica GDDR6 C\u00f3digo universal de producto 4895106293618 Condici\u00f3n del \u00edtem Nuevo Memory 8GB\/128 bit DDR6. 18 Gbps Effective Modelo 11324-01-20G Interfaz con la placa madre PCI-Express 4.0 Stream Processors 2048 GPU: Boost Clock Up to 2755 MHz","_links":{"self":[{"href":"https:\/\/rms-enlinea.com.ar\/tienda\/wp-json\/wp\/v2\/product\/54704","targetHints":{"allow":["GET"]}}],"collection":[{"href":"https:\/\/rms-enlinea.com.ar\/tienda\/wp-json\/wp\/v2\/product"}],"about":[{"href":"https:\/\/rms-enlinea.com.ar\/tienda\/wp-json\/wp\/v2\/types\/product"}],"replies":[{"embeddable":true,"href":"https:\/\/rms-enlinea.com.ar\/tienda\/wp-json\/wp\/v2\/comments?post=54704"}],"wp:featuredmedia":[{"embeddable":true,"href":"https:\/\/rms-enlinea.com.ar\/tienda\/wp-json\/wp\/v2\/media\/1805"}],"wp:attachment":[{"href":"https:\/\/rms-enlinea.com.ar\/tienda\/wp-json\/wp\/v2\/media?parent=54704"}],"wp:term":[{"taxonomy":"product_brand","embeddable":true,"href":"https:\/\/rms-enlinea.com.ar\/tienda\/wp-json\/wp\/v2\/product_brand?post=54704"},{"taxonomy":"product_cat","embeddable":true,"href":"https:\/\/rms-enlinea.com.ar\/tienda\/wp-json\/wp\/v2\/product_cat?post=54704"},{"taxonomy":"product_tag","embeddable":true,"href":"https:\/\/rms-enlinea.com.ar\/tienda\/wp-json\/wp\/v2\/product_tag?post=54704"}],"curies":[{"name":"wp","href":"https:\/\/api.w.org\/{rel}","templated":true}]}}