{"id":54711,"date":"2025-08-22T04:44:35","date_gmt":"2025-08-22T07:44:35","guid":{"rendered":"https:\/\/rms-enlinea.com.ar\/tienda\/producto\/procesador-amd-ryzen-7-9800x3d-am5-c-graficos-s-cooler\/"},"modified":"2026-04-14T16:40:29","modified_gmt":"2026-04-14T19:40:29","slug":"procesador-amd-ryzen-7-9800x3d-am5-c-graficos-s-cooler","status":"publish","type":"product","link":"https:\/\/rms-enlinea.com.ar\/tienda\/producto\/procesador-amd-ryzen-7-9800x3d-am5-c-graficos-s-cooler\/","title":{"rendered":"Procesador Amd Ryzen 7 9800x3d Am5 C\/ Graficos S\/ Cooler"},"content":{"rendered":"<p>Nombre Procesador AMD Ryzen\u2122 7 9800X3D<br \/>\nFamilia<br \/>\nRyzen<br \/>\nSerie<br \/>\nSerie Ryzen 9000<br \/>\nFactor de forma<br \/>\nComputadoras de escritorio, procesador en caja<br \/>\nSegmento de mercado<br \/>\nEscritorio para entusiastas<br \/>\nTecnolog\u00edas AMD PRO<br \/>\nNo<br \/>\nUso del consumidor<br \/>\nS\u00ed<br \/>\nDisponibilidad regional<br \/>\nGlobal<br \/>\nAntiguo nombre en clave<br \/>\nGranito Ridge AM5<br \/>\nArquitectura<br \/>\nZen 5<br \/>\nN\u00famero de n\u00facleos de CPU<br \/>\n8<br \/>\nMultiprocesamiento (SMT)<br \/>\nS\u00ed<br \/>\n# de hilos<br \/>\n16<br \/>\nReloj de impulso m\u00e1ximo<br \/>\nHasta 5,2 GHz<br \/>\nReloj base<br \/>\n4,7 GHz<br \/>\nCach\u00e9 L1<br \/>\n640 KB<br \/>\nCach\u00e9 L2<br \/>\n8 MB<br \/>\nCach\u00e9 L3<br \/>\n96 MB<br \/>\nTDP predeterminado<br \/>\n120 W<br \/>\nTecnolog\u00eda de procesador para n\u00facleos de CPU<br \/>\nChips FinFET de 4 nm de TSMC<br \/>\nTecnolog\u00eda de procesador para matriz de E\/S<br \/>\nChips FinFET de 6 nm de TSMC<br \/>\nRecuento de troqueles del paquete<br \/>\n2<br \/>\nDesbloqueado para overclocking<br \/>\nS\u00ed<br \/>\nTecnolog\u00eda de overclocking de memoria AMD EXPO\u2122<br \/>\nS\u00ed<br \/>\nUSB 3.2 Gen 2 nativo (10 Gbps) 4<br \/>\nUSB 2.0 nativo (480 Mbps)<br \/>\n1<br \/>\nVersi\u00f3n PCI Express\u00ae<br \/>\nPCIe\u00ae 5.0<br \/>\nCarriles PCIe\u00ae nativos (totales\/utilizables)<br \/>\n28, 24<br \/>\nCompatibilidad con NVMe<br \/>\nArranque, RAID0, RAID1, RAID5, RAID10<br \/>\nTipo de memoria del sistema<br \/>\nDDR5<br \/>\nCanales de memoria<br \/>\n2<br \/>\nMemoria m\u00e1x.<br \/>\n192 GB<br \/>\nModelo gr\u00e1fico Gr\u00e1ficos AMD Radeon\u2122<br \/>\nN\u00famero de n\u00facleos gr\u00e1ficos<br \/>\n2<br \/>\nFrecuencia de gr\u00e1ficos<br \/>\n2200 MHz<br \/>\nModo alternativo USB Type-C\u00ae DisplayPort\u2122<br \/>\nS\u00ed<\/p>\n","protected":false},"excerpt":{"rendered":"<p>Nombre Procesador AMD Ryzen\u2122 7 9800X3D Familia Ryzen Serie Serie Ryzen 9000 Factor de forma Computadoras de escritorio, procesador en caja Segmento de mercado Escritorio para entusiastas Tecnolog\u00edas AMD PRO No Uso del consumidor S\u00ed Disponibilidad regional Global Antiguo nombre en clave Granito Ridge AM5 Arquitectura Zen 5 N\u00famero de n\u00facleos de CPU 8 Multiprocesamiento [&hellip;]<\/p>\n","protected":false},"featured_media":4370,"comment_status":"open","ping_status":"closed","template":"","meta":{"_uag_custom_page_level_css":""},"product_brand":[531],"product_cat":[121],"product_tag":[],"class_list":{"0":"post-54711","1":"product","2":"type-product","3":"status-publish","4":"has-post-thumbnail","6":"product_brand-amd","7":"product_cat-procesadores-computacion","9":"first","10":"outofstock","11":"sale","12":"taxable","13":"shipping-taxable","14":"purchasable","15":"product-type-simple"},"uagb_featured_image_src":{"full":["https:\/\/rms-enlinea.com.ar\/wp-content\/uploads\/2025\/06\/D_913760-MLA80902200096_122024-F.jpg",1048,1200,false],"thumbnail":["https:\/\/rms-enlinea.com.ar\/wp-content\/uploads\/2025\/06\/D_913760-MLA80902200096_122024-F-150x150.jpg",150,150,true],"medium":["https:\/\/rms-enlinea.com.ar\/wp-content\/uploads\/2025\/06\/D_913760-MLA80902200096_122024-F-262x300.jpg",262,300,true],"medium_large":["https:\/\/rms-enlinea.com.ar\/wp-content\/uploads\/2025\/06\/D_913760-MLA80902200096_122024-F-768x879.jpg",768,879,true],"large":["https:\/\/rms-enlinea.com.ar\/wp-content\/uploads\/2025\/06\/D_913760-MLA80902200096_122024-F-894x1024.jpg",894,1024,true],"1536x1536":["https:\/\/rms-enlinea.com.ar\/wp-content\/uploads\/2025\/06\/D_913760-MLA80902200096_122024-F.jpg",1048,1200,false],"2048x2048":["https:\/\/rms-enlinea.com.ar\/wp-content\/uploads\/2025\/06\/D_913760-MLA80902200096_122024-F.jpg",1048,1200,false],"woocommerce_thumbnail":["https:\/\/rms-enlinea.com.ar\/wp-content\/uploads\/2025\/06\/D_913760-MLA80902200096_122024-F-450x450.jpg",450,450,true],"woocommerce_single":["https:\/\/rms-enlinea.com.ar\/wp-content\/uploads\/2025\/06\/D_913760-MLA80902200096_122024-F-600x687.jpg",600,687,true],"woocommerce_gallery_thumbnail":["https:\/\/rms-enlinea.com.ar\/wp-content\/uploads\/2025\/06\/D_913760-MLA80902200096_122024-F-100x100.jpg",100,100,true]},"uagb_author_info":{"display_name":"nelson","author_link":"https:\/\/rms-enlinea.com.ar\/tienda\/author\/"},"uagb_comment_info":0,"uagb_excerpt":"Nombre Procesador AMD Ryzen\u2122 7 9800X3D Familia Ryzen Serie Serie Ryzen 9000 Factor de forma Computadoras de escritorio, procesador en caja Segmento de mercado Escritorio para entusiastas Tecnolog\u00edas AMD PRO No Uso del consumidor S\u00ed Disponibilidad regional Global Antiguo nombre en clave Granito Ridge AM5 Arquitectura Zen 5 N\u00famero de n\u00facleos de CPU 8 Multiprocesamiento&hellip;","_links":{"self":[{"href":"https:\/\/rms-enlinea.com.ar\/tienda\/wp-json\/wp\/v2\/product\/54711","targetHints":{"allow":["GET"]}}],"collection":[{"href":"https:\/\/rms-enlinea.com.ar\/tienda\/wp-json\/wp\/v2\/product"}],"about":[{"href":"https:\/\/rms-enlinea.com.ar\/tienda\/wp-json\/wp\/v2\/types\/product"}],"replies":[{"embeddable":true,"href":"https:\/\/rms-enlinea.com.ar\/tienda\/wp-json\/wp\/v2\/comments?post=54711"}],"wp:featuredmedia":[{"embeddable":true,"href":"https:\/\/rms-enlinea.com.ar\/tienda\/wp-json\/wp\/v2\/media\/4370"}],"wp:attachment":[{"href":"https:\/\/rms-enlinea.com.ar\/tienda\/wp-json\/wp\/v2\/media?parent=54711"}],"wp:term":[{"taxonomy":"product_brand","embeddable":true,"href":"https:\/\/rms-enlinea.com.ar\/tienda\/wp-json\/wp\/v2\/product_brand?post=54711"},{"taxonomy":"product_cat","embeddable":true,"href":"https:\/\/rms-enlinea.com.ar\/tienda\/wp-json\/wp\/v2\/product_cat?post=54711"},{"taxonomy":"product_tag","embeddable":true,"href":"https:\/\/rms-enlinea.com.ar\/tienda\/wp-json\/wp\/v2\/product_tag?post=54711"}],"curies":[{"name":"wp","href":"https:\/\/api.w.org\/{rel}","templated":true}]}}