{"id":54716,"date":"2025-08-22T04:54:47","date_gmt":"2025-08-22T07:54:47","guid":{"rendered":"https:\/\/rms-enlinea.com.ar\/tienda\/producto\/soporte-base-para-notebook-de-aluminio-genius-g-stand-m250\/"},"modified":"2026-02-20T22:07:28","modified_gmt":"2026-02-21T01:07:28","slug":"soporte-base-para-notebook-de-aluminio-genius-g-stand-m250","status":"publish","type":"product","link":"https:\/\/rms-enlinea.com.ar\/tienda\/producto\/soporte-base-para-notebook-de-aluminio-genius-g-stand-m250\/","title":{"rendered":"Soporte Base Para Notebook De Aluminio Genius G-stand M250"},"content":{"rendered":"<p>Material Aleaci\u00f3n de aluminio, Silicona<br \/>\nPeso (gramos) Aprox. 229 g<br \/>\nDimensiones (An x Al x Pr) mm (pulgadas) 43 x 14 x 243 mm (1.69&#8243; x 0.55&#8243; x 9.56&#8243;)<br \/>\nDispositivos compatibles Port\u00e1tiles, Tabletas, Smartphones<br \/>\nColores Gris hierro<br \/>\n*El color del producto y las im\u00e1genes mostradas en el paquete son solo de referencia. Para los art\u00edculos reales, referirse a los bienes f\u00edsicos contenidos aqu\u00ed.<br \/>\nQu\u00e9 incluye<br \/>\nG-Stand M250<br \/>\nLazos de cable de velcro<\/p>\n","protected":false},"excerpt":{"rendered":"<p>Material Aleaci\u00f3n de aluminio, Silicona Peso (gramos) Aprox. 229 g Dimensiones (An x Al x Pr) mm (pulgadas) 43 x 14 x 243 mm (1.69&#8243; x 0.55&#8243; x 9.56&#8243;) Dispositivos compatibles Port\u00e1tiles, Tabletas, Smartphones Colores Gris hierro *El color del producto y las im\u00e1genes mostradas en el paquete son solo de referencia. Para los art\u00edculos [&hellip;]<\/p>\n","protected":false},"featured_media":54717,"comment_status":"open","ping_status":"closed","template":"","meta":{"_uag_custom_page_level_css":""},"product_brand":[550],"product_cat":[461],"product_tag":[],"class_list":{"0":"post-54716","1":"product","2":"type-product","3":"status-publish","4":"has-post-thumbnail","6":"product_brand-genius","7":"product_cat-soportes-computacion","9":"first","10":"outofstock","11":"sale","12":"taxable","13":"shipping-taxable","14":"purchasable","15":"product-type-simple"},"uagb_featured_image_src":{"full":["https:\/\/rms-enlinea.com.ar\/wp-content\/uploads\/2025\/08\/D_748070-MLA90710916505_082025-F.jpg",1200,937,false],"thumbnail":["https:\/\/rms-enlinea.com.ar\/wp-content\/uploads\/2025\/08\/D_748070-MLA90710916505_082025-F-150x150.jpg",150,150,true],"medium":["https:\/\/rms-enlinea.com.ar\/wp-content\/uploads\/2025\/08\/D_748070-MLA90710916505_082025-F-300x234.jpg",300,234,true],"medium_large":["https:\/\/rms-enlinea.com.ar\/wp-content\/uploads\/2025\/08\/D_748070-MLA90710916505_082025-F-768x600.jpg",768,600,true],"large":["https:\/\/rms-enlinea.com.ar\/wp-content\/uploads\/2025\/08\/D_748070-MLA90710916505_082025-F-1024x800.jpg",1024,800,true],"1536x1536":["https:\/\/rms-enlinea.com.ar\/wp-content\/uploads\/2025\/08\/D_748070-MLA90710916505_082025-F.jpg",1200,937,false],"2048x2048":["https:\/\/rms-enlinea.com.ar\/wp-content\/uploads\/2025\/08\/D_748070-MLA90710916505_082025-F.jpg",1200,937,false],"woocommerce_thumbnail":["https:\/\/rms-enlinea.com.ar\/wp-content\/uploads\/2025\/08\/D_748070-MLA90710916505_082025-F-450x450.jpg",450,450,true],"woocommerce_single":["https:\/\/rms-enlinea.com.ar\/wp-content\/uploads\/2025\/08\/D_748070-MLA90710916505_082025-F-600x469.jpg",600,469,true],"woocommerce_gallery_thumbnail":["https:\/\/rms-enlinea.com.ar\/wp-content\/uploads\/2025\/08\/D_748070-MLA90710916505_082025-F-100x100.jpg",100,100,true]},"uagb_author_info":{"display_name":"nelson","author_link":"https:\/\/rms-enlinea.com.ar\/tienda\/author\/"},"uagb_comment_info":0,"uagb_excerpt":"Material Aleaci\u00f3n de aluminio, Silicona Peso (gramos) Aprox. 229 g Dimensiones (An x Al x Pr) mm (pulgadas) 43 x 14 x 243 mm (1.69&#8243; x 0.55&#8243; x 9.56&#8243;) Dispositivos compatibles Port\u00e1tiles, Tabletas, Smartphones Colores Gris hierro *El color del producto y las im\u00e1genes mostradas en el paquete son solo de referencia. Para los art\u00edculos&hellip;","_links":{"self":[{"href":"https:\/\/rms-enlinea.com.ar\/tienda\/wp-json\/wp\/v2\/product\/54716","targetHints":{"allow":["GET"]}}],"collection":[{"href":"https:\/\/rms-enlinea.com.ar\/tienda\/wp-json\/wp\/v2\/product"}],"about":[{"href":"https:\/\/rms-enlinea.com.ar\/tienda\/wp-json\/wp\/v2\/types\/product"}],"replies":[{"embeddable":true,"href":"https:\/\/rms-enlinea.com.ar\/tienda\/wp-json\/wp\/v2\/comments?post=54716"}],"wp:featuredmedia":[{"embeddable":true,"href":"https:\/\/rms-enlinea.com.ar\/tienda\/wp-json\/wp\/v2\/media\/54717"}],"wp:attachment":[{"href":"https:\/\/rms-enlinea.com.ar\/tienda\/wp-json\/wp\/v2\/media?parent=54716"}],"wp:term":[{"taxonomy":"product_brand","embeddable":true,"href":"https:\/\/rms-enlinea.com.ar\/tienda\/wp-json\/wp\/v2\/product_brand?post=54716"},{"taxonomy":"product_cat","embeddable":true,"href":"https:\/\/rms-enlinea.com.ar\/tienda\/wp-json\/wp\/v2\/product_cat?post=54716"},{"taxonomy":"product_tag","embeddable":true,"href":"https:\/\/rms-enlinea.com.ar\/tienda\/wp-json\/wp\/v2\/product_tag?post=54716"}],"curies":[{"name":"wp","href":"https:\/\/api.w.org\/{rel}","templated":true}]}}