{"id":54719,"date":"2025-08-22T05:01:12","date_gmt":"2025-08-22T08:01:12","guid":{"rendered":"https:\/\/rms-enlinea.com.ar\/tienda\/producto\/adaptador-usb-wifi-tp-link-archer-tx1u-ax300-wifi-6-dual\/"},"modified":"2026-04-14T10:50:32","modified_gmt":"2026-04-14T13:50:32","slug":"adaptador-usb-wifi-tp-link-archer-tx1u-ax300-wifi-6-dual","status":"publish","type":"product","link":"https:\/\/rms-enlinea.com.ar\/tienda\/producto\/adaptador-usb-wifi-tp-link-archer-tx1u-ax300-wifi-6-dual\/","title":{"rendered":"Adaptador Usb Wifi Tp-link Archer Tx1u Ax300 Wifi 6 Dual"},"content":{"rendered":"<p>CARACTER\u00cdSTICAS DE HARDWARE<br \/>\nInterface USB 2.0<br \/>\nEst\u00e1ndares Inal\u00e1mbricos IEEE 802.11 b\/g\/n\/ax<br \/>\nDimensiones (W X D X H) 0.69 \u00d7 0.62 \u00d7 0.28 in (17.5 \u00d7 15.8 \u00d7 7.1 mm)<br \/>\nAntena 1 internal antenna<br \/>\nCARACTER\u00cdSTICAS INAL\u00c1MBRICAS<br \/>\nSeguridad Inal\u00e1mbrica WEP, WPA-PSK\/WPA2-PSK<br \/>\nOtros<br \/>\nContenidos del Paquete 1\u00d7 AX300 Nano Wi-Fi 6 Wireless USB Adapter Archer TX1U Nano<br \/>\n1\u00d7 Quick Installation Guide<br \/>\nRequisitos del Sistema Supported operating systems include Windows 11\/10\/7 and Linux (Kernel 3.10 and later)<\/p>\n","protected":false},"excerpt":{"rendered":"<p>CARACTER\u00cdSTICAS DE HARDWARE Interface USB 2.0 Est\u00e1ndares Inal\u00e1mbricos IEEE 802.11 b\/g\/n\/ax Dimensiones (W X D X H) 0.69 \u00d7 0.62 \u00d7 0.28 in (17.5 \u00d7 15.8 \u00d7 7.1 mm) Antena 1 internal antenna CARACTER\u00cdSTICAS INAL\u00c1MBRICAS Seguridad Inal\u00e1mbrica WEP, WPA-PSK\/WPA2-PSK Otros Contenidos del Paquete 1\u00d7 AX300 Nano Wi-Fi 6 Wireless USB Adapter Archer TX1U Nano 1\u00d7 [&hellip;]<\/p>\n","protected":false},"featured_media":50560,"comment_status":"open","ping_status":"closed","template":"","meta":{"_uag_custom_page_level_css":""},"product_brand":[546],"product_cat":[122],"product_tag":[],"class_list":{"0":"post-54719","1":"product","2":"type-product","3":"status-publish","4":"has-post-thumbnail","6":"product_brand-tplink","7":"product_cat-redes-y-conectividad","9":"first","10":"outofstock","11":"sale","12":"taxable","13":"shipping-taxable","14":"purchasable","15":"product-type-simple"},"uagb_featured_image_src":{"full":["https:\/\/rms-enlinea.com.ar\/wp-content\/uploads\/2025\/07\/D_664032-MLA87307111969_072025-F.jpg",479,574,false],"thumbnail":["https:\/\/rms-enlinea.com.ar\/wp-content\/uploads\/2025\/07\/D_664032-MLA87307111969_072025-F-150x150.jpg",150,150,true],"medium":["https:\/\/rms-enlinea.com.ar\/wp-content\/uploads\/2025\/07\/D_664032-MLA87307111969_072025-F-250x300.jpg",250,300,true],"medium_large":["https:\/\/rms-enlinea.com.ar\/wp-content\/uploads\/2025\/07\/D_664032-MLA87307111969_072025-F.jpg",479,574,false],"large":["https:\/\/rms-enlinea.com.ar\/wp-content\/uploads\/2025\/07\/D_664032-MLA87307111969_072025-F.jpg",479,574,false],"1536x1536":["https:\/\/rms-enlinea.com.ar\/wp-content\/uploads\/2025\/07\/D_664032-MLA87307111969_072025-F.jpg",479,574,false],"2048x2048":["https:\/\/rms-enlinea.com.ar\/wp-content\/uploads\/2025\/07\/D_664032-MLA87307111969_072025-F.jpg",479,574,false],"woocommerce_thumbnail":["https:\/\/rms-enlinea.com.ar\/wp-content\/uploads\/2025\/07\/D_664032-MLA87307111969_072025-F-450x450.jpg",450,450,true],"woocommerce_single":["https:\/\/rms-enlinea.com.ar\/wp-content\/uploads\/2025\/07\/D_664032-MLA87307111969_072025-F.jpg",479,574,false],"woocommerce_gallery_thumbnail":["https:\/\/rms-enlinea.com.ar\/wp-content\/uploads\/2025\/07\/D_664032-MLA87307111969_072025-F-100x100.jpg",100,100,true]},"uagb_author_info":{"display_name":"nelson","author_link":"https:\/\/rms-enlinea.com.ar\/tienda\/author\/"},"uagb_comment_info":0,"uagb_excerpt":"CARACTER\u00cdSTICAS DE HARDWARE Interface USB 2.0 Est\u00e1ndares Inal\u00e1mbricos IEEE 802.11 b\/g\/n\/ax Dimensiones (W X D X H) 0.69 \u00d7 0.62 \u00d7 0.28 in (17.5 \u00d7 15.8 \u00d7 7.1 mm) Antena 1 internal antenna CARACTER\u00cdSTICAS INAL\u00c1MBRICAS Seguridad Inal\u00e1mbrica WEP, WPA-PSK\/WPA2-PSK Otros Contenidos del Paquete 1\u00d7 AX300 Nano Wi-Fi 6 Wireless USB Adapter Archer TX1U Nano 1\u00d7&hellip;","_links":{"self":[{"href":"https:\/\/rms-enlinea.com.ar\/tienda\/wp-json\/wp\/v2\/product\/54719","targetHints":{"allow":["GET"]}}],"collection":[{"href":"https:\/\/rms-enlinea.com.ar\/tienda\/wp-json\/wp\/v2\/product"}],"about":[{"href":"https:\/\/rms-enlinea.com.ar\/tienda\/wp-json\/wp\/v2\/types\/product"}],"replies":[{"embeddable":true,"href":"https:\/\/rms-enlinea.com.ar\/tienda\/wp-json\/wp\/v2\/comments?post=54719"}],"wp:featuredmedia":[{"embeddable":true,"href":"https:\/\/rms-enlinea.com.ar\/tienda\/wp-json\/wp\/v2\/media\/50560"}],"wp:attachment":[{"href":"https:\/\/rms-enlinea.com.ar\/tienda\/wp-json\/wp\/v2\/media?parent=54719"}],"wp:term":[{"taxonomy":"product_brand","embeddable":true,"href":"https:\/\/rms-enlinea.com.ar\/tienda\/wp-json\/wp\/v2\/product_brand?post=54719"},{"taxonomy":"product_cat","embeddable":true,"href":"https:\/\/rms-enlinea.com.ar\/tienda\/wp-json\/wp\/v2\/product_cat?post=54719"},{"taxonomy":"product_tag","embeddable":true,"href":"https:\/\/rms-enlinea.com.ar\/tienda\/wp-json\/wp\/v2\/product_tag?post=54719"}],"curies":[{"name":"wp","href":"https:\/\/api.w.org\/{rel}","templated":true}]}}