{"id":54725,"date":"2025-08-22T05:04:18","date_gmt":"2025-08-22T08:04:18","guid":{"rendered":"https:\/\/rms-enlinea.com.ar\/tienda\/producto\/teclado-razer-blackwidow-v4-75-mechanical-hot-swappable-us\/"},"modified":"2026-04-11T15:40:15","modified_gmt":"2026-04-11T18:40:15","slug":"teclado-razer-blackwidow-v4-75-mechanical-hot-swappable-us","status":"publish","type":"product","link":"https:\/\/rms-enlinea.com.ar\/tienda\/producto\/teclado-razer-blackwidow-v4-75-mechanical-hot-swappable-us\/","title":{"rendered":"Teclado Razer Blackwidow V4 75% Mechanical Hot-swappable Us"},"content":{"rendered":"<p>Tipo de interruptor<br \/>\nInterruptores mec\u00e1nicos Razer\u2122 (t\u00e1ctiles)<br \/>\nSensaci\u00f3n clave<br \/>\nT\u00e1ctil y silencioso<br \/>\nTama\u00f1o aproximado<br \/>\n75% con fila de funci\u00f3n y teclas de flecha<br \/>\nIluminaci\u00f3n<br \/>\nRazer Chroma\u2122 RGB<br \/>\nReposamu\u00f1ecas<br \/>\nS\u00ed, piel sint\u00e9tica de felpa magn\u00e9tica<br \/>\nMemoria integrada<br \/>\nAlmacenamiento h\u00edbrido integrado: hasta 5 perfiles<br \/>\nTeclas multimedia<br \/>\nRodillo multimedia con 2 botones multimedia dedicados<br \/>\nPaso a trav\u00e9s<br \/>\nNinguno<br \/>\nConectividad<br \/>\nCable tipo C desmontable<br \/>\nTeclas<br \/>\nTeclas ABS de doble inyecci\u00f3n<\/p>\n","protected":false},"excerpt":{"rendered":"<p>Tipo de interruptor Interruptores mec\u00e1nicos Razer\u2122 (t\u00e1ctiles) Sensaci\u00f3n clave T\u00e1ctil y silencioso Tama\u00f1o aproximado 75% con fila de funci\u00f3n y teclas de flecha Iluminaci\u00f3n Razer Chroma\u2122 RGB Reposamu\u00f1ecas S\u00ed, piel sint\u00e9tica de felpa magn\u00e9tica Memoria integrada Almacenamiento h\u00edbrido integrado: hasta 5 perfiles Teclas multimedia Rodillo multimedia con 2 botones multimedia dedicados Paso a trav\u00e9s Ninguno [&hellip;]<\/p>\n","protected":false},"featured_media":54726,"comment_status":"open","ping_status":"closed","template":"","meta":{"_uag_custom_page_level_css":""},"product_brand":[559],"product_cat":[125],"product_tag":[],"class_list":{"0":"post-54725","1":"product","2":"type-product","3":"status-publish","4":"has-post-thumbnail","6":"product_brand-razer","7":"product_cat-teclados-y-mouses","9":"first","10":"instock","11":"sale","12":"taxable","13":"shipping-taxable","14":"purchasable","15":"product-type-simple"},"uagb_featured_image_src":{"full":["https:\/\/rms-enlinea.com.ar\/wp-content\/uploads\/2025\/08\/D_750386-MLA90270909891_082025-F.jpg",1110,831,false],"thumbnail":["https:\/\/rms-enlinea.com.ar\/wp-content\/uploads\/2025\/08\/D_750386-MLA90270909891_082025-F-150x150.jpg",150,150,true],"medium":["https:\/\/rms-enlinea.com.ar\/wp-content\/uploads\/2025\/08\/D_750386-MLA90270909891_082025-F-300x225.jpg",300,225,true],"medium_large":["https:\/\/rms-enlinea.com.ar\/wp-content\/uploads\/2025\/08\/D_750386-MLA90270909891_082025-F-768x575.jpg",768,575,true],"large":["https:\/\/rms-enlinea.com.ar\/wp-content\/uploads\/2025\/08\/D_750386-MLA90270909891_082025-F-1024x767.jpg",1024,767,true],"1536x1536":["https:\/\/rms-enlinea.com.ar\/wp-content\/uploads\/2025\/08\/D_750386-MLA90270909891_082025-F.jpg",1110,831,false],"2048x2048":["https:\/\/rms-enlinea.com.ar\/wp-content\/uploads\/2025\/08\/D_750386-MLA90270909891_082025-F.jpg",1110,831,false],"woocommerce_thumbnail":["https:\/\/rms-enlinea.com.ar\/wp-content\/uploads\/2025\/08\/D_750386-MLA90270909891_082025-F-450x450.jpg",450,450,true],"woocommerce_single":["https:\/\/rms-enlinea.com.ar\/wp-content\/uploads\/2025\/08\/D_750386-MLA90270909891_082025-F-600x449.jpg",600,449,true],"woocommerce_gallery_thumbnail":["https:\/\/rms-enlinea.com.ar\/wp-content\/uploads\/2025\/08\/D_750386-MLA90270909891_082025-F-100x100.jpg",100,100,true]},"uagb_author_info":{"display_name":"nelson","author_link":"https:\/\/rms-enlinea.com.ar\/tienda\/author\/"},"uagb_comment_info":0,"uagb_excerpt":"Tipo de interruptor Interruptores mec\u00e1nicos Razer\u2122 (t\u00e1ctiles) Sensaci\u00f3n clave T\u00e1ctil y silencioso Tama\u00f1o aproximado 75% con fila de funci\u00f3n y teclas de flecha Iluminaci\u00f3n Razer Chroma\u2122 RGB Reposamu\u00f1ecas S\u00ed, piel sint\u00e9tica de felpa magn\u00e9tica Memoria integrada Almacenamiento h\u00edbrido integrado: hasta 5 perfiles Teclas multimedia Rodillo multimedia con 2 botones multimedia dedicados Paso a trav\u00e9s Ninguno&hellip;","_links":{"self":[{"href":"https:\/\/rms-enlinea.com.ar\/tienda\/wp-json\/wp\/v2\/product\/54725","targetHints":{"allow":["GET"]}}],"collection":[{"href":"https:\/\/rms-enlinea.com.ar\/tienda\/wp-json\/wp\/v2\/product"}],"about":[{"href":"https:\/\/rms-enlinea.com.ar\/tienda\/wp-json\/wp\/v2\/types\/product"}],"replies":[{"embeddable":true,"href":"https:\/\/rms-enlinea.com.ar\/tienda\/wp-json\/wp\/v2\/comments?post=54725"}],"wp:featuredmedia":[{"embeddable":true,"href":"https:\/\/rms-enlinea.com.ar\/tienda\/wp-json\/wp\/v2\/media\/54726"}],"wp:attachment":[{"href":"https:\/\/rms-enlinea.com.ar\/tienda\/wp-json\/wp\/v2\/media?parent=54725"}],"wp:term":[{"taxonomy":"product_brand","embeddable":true,"href":"https:\/\/rms-enlinea.com.ar\/tienda\/wp-json\/wp\/v2\/product_brand?post=54725"},{"taxonomy":"product_cat","embeddable":true,"href":"https:\/\/rms-enlinea.com.ar\/tienda\/wp-json\/wp\/v2\/product_cat?post=54725"},{"taxonomy":"product_tag","embeddable":true,"href":"https:\/\/rms-enlinea.com.ar\/tienda\/wp-json\/wp\/v2\/product_tag?post=54725"}],"curies":[{"name":"wp","href":"https:\/\/api.w.org\/{rel}","templated":true}]}}