{"id":54741,"date":"2025-08-22T05:04:55","date_gmt":"2025-08-22T08:04:55","guid":{"rendered":"https:\/\/rms-enlinea.com.ar\/tienda\/producto\/mother-gigabyte-h610m-k-ddr4-lga-1700-12va-13va-14va-gen\/"},"modified":"2026-03-31T17:01:26","modified_gmt":"2026-03-31T20:01:26","slug":"mother-gigabyte-h610m-k-ddr4-lga-1700-12va-13va-14va-gen","status":"publish","type":"product","link":"https:\/\/rms-enlinea.com.ar\/tienda\/producto\/mother-gigabyte-h610m-k-ddr4-lga-1700-12va-13va-14va-gen\/","title":{"rendered":"Mother Gigabyte H610m K Ddr4 Lga 1700 12va 13va 14va Gen"},"content":{"rendered":"<p>La placa madre Gigabyte H610M K es la opci\u00f3n ideal para quienes buscan un rendimiento excepcional en sus configuraciones de Intel. Con un chipset Intel H610 Express y compatible con procesadores de 12\u00aa y 13\u00aa generaciones, esta placa est\u00e1 dise\u00f1ada para maximizar el potencial de tu equipo, soportando hasta 64 GB de memoria RAM DDR4 en su formato DIMM.<\/p>\n<p>Su dise\u00f1o en micro ATX garantiza una integraci\u00f3n eficiente en una variedad de gabinetes, ofreciendo m\u00faltiples opciones de conectividad, como puertos HDMI y USB. Adem\u00e1s, su capacidad de resoluci\u00f3n m\u00e1xima de video en 4K la convierte en una elecci\u00f3n perfecta para entusiastas de los medios y la productividad.<\/p>\n<p>La Gigabyte H610M K cuenta con dos slots de memoria RAM y puertos SATA que permiten una configuraci\u00f3n vers\u00e1til y personalizada. Su estructura compacta y liviana, con un peso de solo 0.5 kg, facilita su instalaci\u00f3n y manipulaci\u00f3n, haciendo de esta placa madre una opci\u00f3n confiable y efectiva para cualquier usuario que busque calidad y rendimiento.<\/p>\n<p>Aprovecha al m\u00e1ximo tu experiencia inform\u00e1tica con esta placa madre que no solo brinda un excelente desempe\u00f1o, sino que tambi\u00e9n se adapta perfectamente a tu necesidad de expansi\u00f3n en el futuro. Eleva tu sistema con la confiabilidad y la tecnolog\u00eda avanzada que ofrece el modelo H610M K de Gigabyte.<\/p>\n","protected":false},"excerpt":{"rendered":"<p>La placa madre Gigabyte H610M K es la opci\u00f3n ideal para quienes buscan un rendimiento excepcional en sus configuraciones de Intel. Con un chipset Intel H610 Express y compatible con procesadores de 12\u00aa y 13\u00aa generaciones, esta placa est\u00e1 dise\u00f1ada para maximizar el potencial de tu equipo, soportando hasta 64 GB de memoria RAM DDR4 [&hellip;]<\/p>\n","protected":false},"featured_media":54742,"comment_status":"open","ping_status":"closed","template":"","meta":{"_uag_custom_page_level_css":""},"product_brand":[532],"product_cat":[115],"product_tag":[],"class_list":{"0":"post-54741","1":"product","2":"type-product","3":"status-publish","4":"has-post-thumbnail","6":"product_brand-gigabyte","7":"product_cat-mother","9":"first","10":"outofstock","11":"sale","12":"taxable","13":"shipping-taxable","14":"purchasable","15":"product-type-simple"},"uagb_featured_image_src":{"full":["https:\/\/rms-enlinea.com.ar\/wp-content\/uploads\/2025\/08\/D_615191-MLA89904183008_082025-F.jpg",1200,810,false],"thumbnail":["https:\/\/rms-enlinea.com.ar\/wp-content\/uploads\/2025\/08\/D_615191-MLA89904183008_082025-F-150x150.jpg",150,150,true],"medium":["https:\/\/rms-enlinea.com.ar\/wp-content\/uploads\/2025\/08\/D_615191-MLA89904183008_082025-F-300x203.jpg",300,203,true],"medium_large":["https:\/\/rms-enlinea.com.ar\/wp-content\/uploads\/2025\/08\/D_615191-MLA89904183008_082025-F-768x518.jpg",768,518,true],"large":["https:\/\/rms-enlinea.com.ar\/wp-content\/uploads\/2025\/08\/D_615191-MLA89904183008_082025-F-1024x691.jpg",1024,691,true],"1536x1536":["https:\/\/rms-enlinea.com.ar\/wp-content\/uploads\/2025\/08\/D_615191-MLA89904183008_082025-F.jpg",1200,810,false],"2048x2048":["https:\/\/rms-enlinea.com.ar\/wp-content\/uploads\/2025\/08\/D_615191-MLA89904183008_082025-F.jpg",1200,810,false],"woocommerce_thumbnail":["https:\/\/rms-enlinea.com.ar\/wp-content\/uploads\/2025\/08\/D_615191-MLA89904183008_082025-F-450x450.jpg",450,450,true],"woocommerce_single":["https:\/\/rms-enlinea.com.ar\/wp-content\/uploads\/2025\/08\/D_615191-MLA89904183008_082025-F-600x405.jpg",600,405,true],"woocommerce_gallery_thumbnail":["https:\/\/rms-enlinea.com.ar\/wp-content\/uploads\/2025\/08\/D_615191-MLA89904183008_082025-F-100x100.jpg",100,100,true]},"uagb_author_info":{"display_name":"nelson","author_link":"https:\/\/rms-enlinea.com.ar\/tienda\/author\/"},"uagb_comment_info":0,"uagb_excerpt":"La placa madre Gigabyte H610M K es la opci\u00f3n ideal para quienes buscan un rendimiento excepcional en sus configuraciones de Intel. Con un chipset Intel H610 Express y compatible con procesadores de 12\u00aa y 13\u00aa generaciones, esta placa est\u00e1 dise\u00f1ada para maximizar el potencial de tu equipo, soportando hasta 64 GB de memoria RAM DDR4&hellip;","_links":{"self":[{"href":"https:\/\/rms-enlinea.com.ar\/tienda\/wp-json\/wp\/v2\/product\/54741","targetHints":{"allow":["GET"]}}],"collection":[{"href":"https:\/\/rms-enlinea.com.ar\/tienda\/wp-json\/wp\/v2\/product"}],"about":[{"href":"https:\/\/rms-enlinea.com.ar\/tienda\/wp-json\/wp\/v2\/types\/product"}],"replies":[{"embeddable":true,"href":"https:\/\/rms-enlinea.com.ar\/tienda\/wp-json\/wp\/v2\/comments?post=54741"}],"wp:featuredmedia":[{"embeddable":true,"href":"https:\/\/rms-enlinea.com.ar\/tienda\/wp-json\/wp\/v2\/media\/54742"}],"wp:attachment":[{"href":"https:\/\/rms-enlinea.com.ar\/tienda\/wp-json\/wp\/v2\/media?parent=54741"}],"wp:term":[{"taxonomy":"product_brand","embeddable":true,"href":"https:\/\/rms-enlinea.com.ar\/tienda\/wp-json\/wp\/v2\/product_brand?post=54741"},{"taxonomy":"product_cat","embeddable":true,"href":"https:\/\/rms-enlinea.com.ar\/tienda\/wp-json\/wp\/v2\/product_cat?post=54741"},{"taxonomy":"product_tag","embeddable":true,"href":"https:\/\/rms-enlinea.com.ar\/tienda\/wp-json\/wp\/v2\/product_tag?post=54741"}],"curies":[{"name":"wp","href":"https:\/\/api.w.org\/{rel}","templated":true}]}}