{"id":54750,"date":"2025-08-22T05:21:45","date_gmt":"2025-08-22T08:21:45","guid":{"rendered":"https:\/\/rms-enlinea.com.ar\/tienda\/producto\/kit-4-esquineros-bolita-rack-anvil-penn-elcom-kpenn-0087\/"},"modified":"2026-04-21T03:31:12","modified_gmt":"2026-04-21T06:31:12","slug":"kit-4-esquineros-bolita-rack-anvil-penn-elcom-kpenn-0087","status":"publish","type":"product","link":"https:\/\/rms-enlinea.com.ar\/tienda\/producto\/kit-4-esquineros-bolita-rack-anvil-penn-elcom-kpenn-0087\/","title":{"rendered":"Kit 4 Esquineros Bolita Rack Anvil Penn Elcom Kpenn-0087"},"content":{"rendered":"<p>TIPO DE PRODUCTO: ESQUINERO<br \/>\nTIPO: BOLITA MEDIANO<br \/>\nMATERIAL ACERO<br \/>\nSUPERFICIE GALVANIZADO<br \/>\nCOLOR PLATEADO<br \/>\nESPESOR 1,2 MM<br \/>\nORIFICIOS DE MONTAJE 5 MM<br \/>\nN\u00daMERO DE PATAS 3<br \/>\nN\u00daMERO DE ORIFICIOS DE MONTAJE 3<br \/>\nESCUADRA INTEGRADA NO<br \/>\nPASO PERFIL NO<br \/>\nAPILABLE S\u00cd<\/p>\n","protected":false},"excerpt":{"rendered":"<p>TIPO DE PRODUCTO: ESQUINERO TIPO: BOLITA MEDIANO MATERIAL ACERO SUPERFICIE GALVANIZADO COLOR PLATEADO ESPESOR 1,2 MM ORIFICIOS DE MONTAJE 5 MM N\u00daMERO DE PATAS 3 N\u00daMERO DE ORIFICIOS DE MONTAJE 3 ESCUADRA INTEGRADA NO PASO PERFIL NO APILABLE S\u00cd<\/p>\n","protected":false},"featured_media":54751,"comment_status":"open","ping_status":"closed","template":"","meta":{"_uag_custom_page_level_css":""},"product_brand":[471],"product_cat":[40,15],"product_tag":[],"class_list":{"0":"post-54750","1":"product","2":"type-product","3":"status-publish","4":"has-post-thumbnail","6":"product_brand-penn-elcom","7":"product_cat-esquineros","8":"product_cat-sin-categorizar","10":"first","11":"outofstock","12":"sale","13":"taxable","14":"shipping-taxable","15":"purchasable","16":"product-type-simple"},"uagb_featured_image_src":{"full":["https:\/\/rms-enlinea.com.ar\/wp-content\/uploads\/2025\/08\/D_789283-MLA90327436650_082025-F.jpg",1200,1198,false],"thumbnail":["https:\/\/rms-enlinea.com.ar\/wp-content\/uploads\/2025\/08\/D_789283-MLA90327436650_082025-F-150x150.jpg",150,150,true],"medium":["https:\/\/rms-enlinea.com.ar\/wp-content\/uploads\/2025\/08\/D_789283-MLA90327436650_082025-F-300x300.jpg",300,300,true],"medium_large":["https:\/\/rms-enlinea.com.ar\/wp-content\/uploads\/2025\/08\/D_789283-MLA90327436650_082025-F-768x767.jpg",768,767,true],"large":["https:\/\/rms-enlinea.com.ar\/wp-content\/uploads\/2025\/08\/D_789283-MLA90327436650_082025-F-1024x1022.jpg",1024,1022,true],"1536x1536":["https:\/\/rms-enlinea.com.ar\/wp-content\/uploads\/2025\/08\/D_789283-MLA90327436650_082025-F.jpg",1200,1198,false],"2048x2048":["https:\/\/rms-enlinea.com.ar\/wp-content\/uploads\/2025\/08\/D_789283-MLA90327436650_082025-F.jpg",1200,1198,false],"woocommerce_thumbnail":["https:\/\/rms-enlinea.com.ar\/wp-content\/uploads\/2025\/08\/D_789283-MLA90327436650_082025-F-450x450.jpg",450,450,true],"woocommerce_single":["https:\/\/rms-enlinea.com.ar\/wp-content\/uploads\/2025\/08\/D_789283-MLA90327436650_082025-F-600x599.jpg",600,599,true],"woocommerce_gallery_thumbnail":["https:\/\/rms-enlinea.com.ar\/wp-content\/uploads\/2025\/08\/D_789283-MLA90327436650_082025-F-100x100.jpg",100,100,true]},"uagb_author_info":{"display_name":"nelson","author_link":"https:\/\/rms-enlinea.com.ar\/tienda\/author\/"},"uagb_comment_info":0,"uagb_excerpt":"TIPO DE PRODUCTO: ESQUINERO TIPO: BOLITA MEDIANO MATERIAL ACERO SUPERFICIE GALVANIZADO COLOR PLATEADO ESPESOR 1,2 MM ORIFICIOS DE MONTAJE 5 MM N\u00daMERO DE PATAS 3 N\u00daMERO DE ORIFICIOS DE MONTAJE 3 ESCUADRA INTEGRADA NO PASO PERFIL NO APILABLE S\u00cd","_links":{"self":[{"href":"https:\/\/rms-enlinea.com.ar\/tienda\/wp-json\/wp\/v2\/product\/54750","targetHints":{"allow":["GET"]}}],"collection":[{"href":"https:\/\/rms-enlinea.com.ar\/tienda\/wp-json\/wp\/v2\/product"}],"about":[{"href":"https:\/\/rms-enlinea.com.ar\/tienda\/wp-json\/wp\/v2\/types\/product"}],"replies":[{"embeddable":true,"href":"https:\/\/rms-enlinea.com.ar\/tienda\/wp-json\/wp\/v2\/comments?post=54750"}],"wp:featuredmedia":[{"embeddable":true,"href":"https:\/\/rms-enlinea.com.ar\/tienda\/wp-json\/wp\/v2\/media\/54751"}],"wp:attachment":[{"href":"https:\/\/rms-enlinea.com.ar\/tienda\/wp-json\/wp\/v2\/media?parent=54750"}],"wp:term":[{"taxonomy":"product_brand","embeddable":true,"href":"https:\/\/rms-enlinea.com.ar\/tienda\/wp-json\/wp\/v2\/product_brand?post=54750"},{"taxonomy":"product_cat","embeddable":true,"href":"https:\/\/rms-enlinea.com.ar\/tienda\/wp-json\/wp\/v2\/product_cat?post=54750"},{"taxonomy":"product_tag","embeddable":true,"href":"https:\/\/rms-enlinea.com.ar\/tienda\/wp-json\/wp\/v2\/product_tag?post=54750"}],"curies":[{"name":"wp","href":"https:\/\/api.w.org\/{rel}","templated":true}]}}