{"id":54788,"date":"2025-08-22T13:00:51","date_gmt":"2025-08-22T16:00:51","guid":{"rendered":"https:\/\/rms-enlinea.com.ar\/tienda\/producto\/extensor-de-wifi-tp-link-tl-wa850re-3000mbps-simple-banda\/"},"modified":"2026-04-16T12:01:33","modified_gmt":"2026-04-16T15:01:33","slug":"extensor-de-wifi-tp-link-tl-wa850re-3000mbps-simple-banda","status":"publish","type":"product","link":"https:\/\/rms-enlinea.com.ar\/tienda\/producto\/extensor-de-wifi-tp-link-tl-wa850re-3000mbps-simple-banda\/","title":{"rendered":"Extensor De Wifi Tp-link Tl-wa850re 3000mbps Simple Banda"},"content":{"rendered":"<p>Mejora tu conexi\u00f3n a Internet con el Extensor de Wifi TP-Link TL-WA850RE. Dise\u00f1ado para ofrecer una velocidad de hasta 300 Mbps en la banda de 2.4 GHz, este dispositivo garantiza que no perder\u00e1s la se\u00f1al en ninguna parte de tu hogar. Con funciones de range extender y acces point, podr\u00e1s disfrutar de una cobertura m\u00e1s amplia y estable.<\/p>\n<p>Con un dise\u00f1o compacto en color blanco y un peso ligero de solo 100 g, es f\u00e1cil de ubicar en cualquier rinc\u00f3n de tu casa. Equipado con dos antenas internas y una externa, maximiza la se\u00f1al para que puedas navegar, transmitir y jugar sin interrupciones. Adem\u00e1s, cuenta con un puerto WAN\/LAN y un puerto USB para mayor versatilidad en tus conexiones.<\/p>\n<p>La seguridad de tu red es primordial. Este extensor soporta los protocolos de seguridad WEP, WPA, WPA2 y WPS, asegurando que tu informaci\u00f3n est\u00e9 resguardada. Su bot\u00f3n de reinicio facilita la gesti\u00f3n del dispositivo, permiti\u00e9ndote adaptarlo a tus necesidades de red en un instante.<\/p>\n<p>Con un dise\u00f1o pr\u00e1ctico y funcional, el TP-Link TL-WA850RE se adapta perfectamente a cualquier espacio, mejorando tu experiencia de conexi\u00f3n a Internet en todos tus dispositivos. Lleva tu red al siguiente nivel y disfruta de una cobertura de Wi-Fi que se extiende a cada rinc\u00f3n de tu hogar.<\/p>\n","protected":false},"excerpt":{"rendered":"<p>Mejora tu conexi\u00f3n a Internet con el Extensor de Wifi TP-Link TL-WA850RE. Dise\u00f1ado para ofrecer una velocidad de hasta 300 Mbps en la banda de 2.4 GHz, este dispositivo garantiza que no perder\u00e1s la se\u00f1al en ninguna parte de tu hogar. Con funciones de range extender y acces point, podr\u00e1s disfrutar de una cobertura m\u00e1s [&hellip;]<\/p>\n","protected":false},"featured_media":50142,"comment_status":"open","ping_status":"closed","template":"","meta":{"_uag_custom_page_level_css":""},"product_brand":[546],"product_cat":[122],"product_tag":[],"class_list":{"0":"post-54788","1":"product","2":"type-product","3":"status-publish","4":"has-post-thumbnail","6":"product_brand-tplink","7":"product_cat-redes-y-conectividad","9":"first","10":"outofstock","11":"sale","12":"taxable","13":"shipping-taxable","14":"purchasable","15":"product-type-simple"},"uagb_featured_image_src":{"full":["https:\/\/rms-enlinea.com.ar\/wp-content\/uploads\/2025\/06\/D_619528-MLA48679650394_122021-F.jpg",621,1017,false],"thumbnail":["https:\/\/rms-enlinea.com.ar\/wp-content\/uploads\/2025\/06\/D_619528-MLA48679650394_122021-F-150x150.jpg",150,150,true],"medium":["https:\/\/rms-enlinea.com.ar\/wp-content\/uploads\/2025\/06\/D_619528-MLA48679650394_122021-F-183x300.jpg",183,300,true],"medium_large":["https:\/\/rms-enlinea.com.ar\/wp-content\/uploads\/2025\/06\/D_619528-MLA48679650394_122021-F.jpg",621,1017,false],"large":["https:\/\/rms-enlinea.com.ar\/wp-content\/uploads\/2025\/06\/D_619528-MLA48679650394_122021-F.jpg",621,1017,false],"1536x1536":["https:\/\/rms-enlinea.com.ar\/wp-content\/uploads\/2025\/06\/D_619528-MLA48679650394_122021-F.jpg",621,1017,false],"2048x2048":["https:\/\/rms-enlinea.com.ar\/wp-content\/uploads\/2025\/06\/D_619528-MLA48679650394_122021-F.jpg",621,1017,false],"woocommerce_thumbnail":["https:\/\/rms-enlinea.com.ar\/wp-content\/uploads\/2025\/06\/D_619528-MLA48679650394_122021-F-450x450.jpg",450,450,true],"woocommerce_single":["https:\/\/rms-enlinea.com.ar\/wp-content\/uploads\/2025\/06\/D_619528-MLA48679650394_122021-F-600x983.jpg",600,983,true],"woocommerce_gallery_thumbnail":["https:\/\/rms-enlinea.com.ar\/wp-content\/uploads\/2025\/06\/D_619528-MLA48679650394_122021-F-100x100.jpg",100,100,true]},"uagb_author_info":{"display_name":"nelson","author_link":"https:\/\/rms-enlinea.com.ar\/tienda\/author\/"},"uagb_comment_info":0,"uagb_excerpt":"Mejora tu conexi\u00f3n a Internet con el Extensor de Wifi TP-Link TL-WA850RE. Dise\u00f1ado para ofrecer una velocidad de hasta 300 Mbps en la banda de 2.4 GHz, este dispositivo garantiza que no perder\u00e1s la se\u00f1al en ninguna parte de tu hogar. Con funciones de range extender y acces point, podr\u00e1s disfrutar de una cobertura m\u00e1s&hellip;","_links":{"self":[{"href":"https:\/\/rms-enlinea.com.ar\/tienda\/wp-json\/wp\/v2\/product\/54788","targetHints":{"allow":["GET"]}}],"collection":[{"href":"https:\/\/rms-enlinea.com.ar\/tienda\/wp-json\/wp\/v2\/product"}],"about":[{"href":"https:\/\/rms-enlinea.com.ar\/tienda\/wp-json\/wp\/v2\/types\/product"}],"replies":[{"embeddable":true,"href":"https:\/\/rms-enlinea.com.ar\/tienda\/wp-json\/wp\/v2\/comments?post=54788"}],"wp:featuredmedia":[{"embeddable":true,"href":"https:\/\/rms-enlinea.com.ar\/tienda\/wp-json\/wp\/v2\/media\/50142"}],"wp:attachment":[{"href":"https:\/\/rms-enlinea.com.ar\/tienda\/wp-json\/wp\/v2\/media?parent=54788"}],"wp:term":[{"taxonomy":"product_brand","embeddable":true,"href":"https:\/\/rms-enlinea.com.ar\/tienda\/wp-json\/wp\/v2\/product_brand?post=54788"},{"taxonomy":"product_cat","embeddable":true,"href":"https:\/\/rms-enlinea.com.ar\/tienda\/wp-json\/wp\/v2\/product_cat?post=54788"},{"taxonomy":"product_tag","embeddable":true,"href":"https:\/\/rms-enlinea.com.ar\/tienda\/wp-json\/wp\/v2\/product_tag?post=54788"}],"curies":[{"name":"wp","href":"https:\/\/api.w.org\/{rel}","templated":true}]}}