{"id":54789,"date":"2025-08-22T13:01:00","date_gmt":"2025-08-22T16:01:00","guid":{"rendered":"https:\/\/rms-enlinea.com.ar\/tienda\/producto\/cable-display-port-1-4-4k-120hz-8k-60hz-1-5-metros-kelyx\/"},"modified":"2026-04-02T17:31:15","modified_gmt":"2026-04-02T20:31:15","slug":"cable-display-port-1-4-4k-120hz-8k-60hz-1-5-metros-kelyx","status":"publish","type":"product","link":"https:\/\/rms-enlinea.com.ar\/tienda\/producto\/cable-display-port-1-4-4k-120hz-8k-60hz-1-5-metros-kelyx\/","title":{"rendered":"Cable Display Port 1.4 4k 120hz 8k 60hz 1.5 Metros Kelyx"},"content":{"rendered":"<p>Velocidad m\u00e1xima 48 Gbps<br \/>\nSoporta HDR din\u00e1mico S\u00ed<br \/>\nCompatible con PS5\/Blu-ray\/Proyector\/Monitor\/etc.<br \/>\nFrecuencia m\u00e1xima 8K 60Hz\/ 4K 120Hz\/ 2K 240Hz<\/p>\n","protected":false},"excerpt":{"rendered":"<p>Velocidad m\u00e1xima 48 Gbps Soporta HDR din\u00e1mico S\u00ed Compatible con PS5\/Blu-ray\/Proyector\/Monitor\/etc. Frecuencia m\u00e1xima 8K 60Hz\/ 4K 120Hz\/ 2K 240Hz<\/p>\n","protected":false},"featured_media":54790,"comment_status":"open","ping_status":"closed","template":"","meta":{"_uag_custom_page_level_css":""},"product_brand":[571],"product_cat":[101],"product_tag":[],"class_list":{"0":"post-54789","1":"product","2":"type-product","3":"status-publish","4":"has-post-thumbnail","6":"product_brand-kelyx","7":"product_cat-cables-y-adaptadores","9":"first","10":"outofstock","11":"sale","12":"taxable","13":"shipping-taxable","14":"purchasable","15":"product-type-simple"},"uagb_featured_image_src":{"full":["https:\/\/rms-enlinea.com.ar\/wp-content\/uploads\/2025\/08\/D_952595-MLA90365864480_082025-F.jpg",1200,1111,false],"thumbnail":["https:\/\/rms-enlinea.com.ar\/wp-content\/uploads\/2025\/08\/D_952595-MLA90365864480_082025-F-150x150.jpg",150,150,true],"medium":["https:\/\/rms-enlinea.com.ar\/wp-content\/uploads\/2025\/08\/D_952595-MLA90365864480_082025-F-300x278.jpg",300,278,true],"medium_large":["https:\/\/rms-enlinea.com.ar\/wp-content\/uploads\/2025\/08\/D_952595-MLA90365864480_082025-F-768x711.jpg",768,711,true],"large":["https:\/\/rms-enlinea.com.ar\/wp-content\/uploads\/2025\/08\/D_952595-MLA90365864480_082025-F-1024x948.jpg",1024,948,true],"1536x1536":["https:\/\/rms-enlinea.com.ar\/wp-content\/uploads\/2025\/08\/D_952595-MLA90365864480_082025-F.jpg",1200,1111,false],"2048x2048":["https:\/\/rms-enlinea.com.ar\/wp-content\/uploads\/2025\/08\/D_952595-MLA90365864480_082025-F.jpg",1200,1111,false],"woocommerce_thumbnail":["https:\/\/rms-enlinea.com.ar\/wp-content\/uploads\/2025\/08\/D_952595-MLA90365864480_082025-F-450x450.jpg",450,450,true],"woocommerce_single":["https:\/\/rms-enlinea.com.ar\/wp-content\/uploads\/2025\/08\/D_952595-MLA90365864480_082025-F-600x556.jpg",600,556,true],"woocommerce_gallery_thumbnail":["https:\/\/rms-enlinea.com.ar\/wp-content\/uploads\/2025\/08\/D_952595-MLA90365864480_082025-F-100x100.jpg",100,100,true]},"uagb_author_info":{"display_name":"nelson","author_link":"https:\/\/rms-enlinea.com.ar\/tienda\/author\/"},"uagb_comment_info":0,"uagb_excerpt":"Velocidad m\u00e1xima 48 Gbps Soporta HDR din\u00e1mico S\u00ed Compatible con PS5\/Blu-ray\/Proyector\/Monitor\/etc. Frecuencia m\u00e1xima 8K 60Hz\/ 4K 120Hz\/ 2K 240Hz","_links":{"self":[{"href":"https:\/\/rms-enlinea.com.ar\/tienda\/wp-json\/wp\/v2\/product\/54789","targetHints":{"allow":["GET"]}}],"collection":[{"href":"https:\/\/rms-enlinea.com.ar\/tienda\/wp-json\/wp\/v2\/product"}],"about":[{"href":"https:\/\/rms-enlinea.com.ar\/tienda\/wp-json\/wp\/v2\/types\/product"}],"replies":[{"embeddable":true,"href":"https:\/\/rms-enlinea.com.ar\/tienda\/wp-json\/wp\/v2\/comments?post=54789"}],"wp:featuredmedia":[{"embeddable":true,"href":"https:\/\/rms-enlinea.com.ar\/tienda\/wp-json\/wp\/v2\/media\/54790"}],"wp:attachment":[{"href":"https:\/\/rms-enlinea.com.ar\/tienda\/wp-json\/wp\/v2\/media?parent=54789"}],"wp:term":[{"taxonomy":"product_brand","embeddable":true,"href":"https:\/\/rms-enlinea.com.ar\/tienda\/wp-json\/wp\/v2\/product_brand?post=54789"},{"taxonomy":"product_cat","embeddable":true,"href":"https:\/\/rms-enlinea.com.ar\/tienda\/wp-json\/wp\/v2\/product_cat?post=54789"},{"taxonomy":"product_tag","embeddable":true,"href":"https:\/\/rms-enlinea.com.ar\/tienda\/wp-json\/wp\/v2\/product_tag?post=54789"}],"curies":[{"name":"wp","href":"https:\/\/api.w.org\/{rel}","templated":true}]}}