{"id":54796,"date":"2025-08-22T14:10:10","date_gmt":"2025-08-22T17:10:10","guid":{"rendered":"https:\/\/rms-enlinea.com.ar\/tienda\/producto\/olt-delta-stream-1u-1-pto-gpon-pizzabox-tp-link-ds-p7001-01\/"},"modified":"2026-04-21T05:42:00","modified_gmt":"2026-04-21T08:42:00","slug":"olt-delta-stream-1u-1-pto-gpon-pizzabox-tp-link-ds-p7001-01","status":"publish","type":"product","link":"https:\/\/rms-enlinea.com.ar\/tienda\/producto\/olt-delta-stream-1u-1-pto-gpon-pizzabox-tp-link-ds-p7001-01\/","title":{"rendered":"Olt Delta Stream 1u 1 Pto Gpon Pizzabox Tp-link Ds-p7001-01"},"content":{"rendered":"<p>CARACTER\u00cdSTICAS DE HARDWARE <br \/>Interfaz\t1 puerto GPON,<br \/> \t1 puerto de enlace ascendente SFP+ de 10 Gbps,<br \/> \t1 puerto de enlace ascendente RJ45 de 10\/100\/1000\/2500 Mbps,<br \/> \t1 puerto de consola RJ45,<br \/> \t1 puerto MGMT RJ45<br \/>Botones\tBot\u00f3n de reinicio<br \/>Fuente de Alimentaci\u00f3n\tFuentes de alimentaci\u00f3n duales: CC y PoE 802.3at<br \/> \tAdaptador de CC: 12,0 V\/2,5 A,<br \/> \tPoE 802.3at: 42,5 ~ 57 V\/0,6 A<br \/>Consumo de Potencia\tM\u00e1x. 17 W<br \/>Dimensiones\t11,6 \u00d7 5,5 \u00d7 1,7 pulgadas (294 \u00d7 140 \u00d7 44 mm)<br \/>CARACTER\u00cdSTICAS DE SOFTWARE<br \/>Seguridad\t <br \/> \tFiltro DHCP ACL (IPv4\/IPv6)<br \/> \tSeguridad de puerto<br \/> \tSeguridad de acceso<br \/>DHCP\tServidor DHCP<br \/> \tRetransmisi\u00f3n DHCP<br \/>OMCI\tAdmite gesti\u00f3n OMCI est\u00e1ndar<br \/>Autenticaci\u00f3n ONU\tAutenticaci\u00f3n autom\u00e1tica de ONU<br \/>Seguridad ONU\tDetecci\u00f3n y aislamiento de Rouge ONU<br \/> \tCifrado de datos de enlace ascendente y descendente<br \/>Multiservicio\tIdentificaci\u00f3n y l\u00edmite de velocidad del tr\u00e1fico multiservicio<br \/>Calidad de servicio<br \/> \tVLAN de voz QoS IEEE 802.1p\/DSCP<br \/> \tVoIP autom\u00e1tico<br \/>Enrutamiento\tEnrutamiento est\u00e1tico<br \/>Multidifusi\u00f3n\tEspionaje IGMP Espionaje<br \/> \tMLD<br \/>Gesti\u00f3n centralizada\tAdministraci\u00f3n de dispositivos a gran escala<br \/> \tOLT Configuraci\u00f3n por lotes, actualizaci\u00f3n y reinicio<br \/> \tAdministraci\u00f3n de m\u00faltiples sitios<br \/> \tMonitoreo inteligente de red<br \/> \tDescripci\u00f3n general de la red en tiempo real<br \/>Atributo de puerto GPON<br \/>M\u00e1x. Relaci\u00f3n de divisi\u00f3n\t0,130555556<br \/>Distancia de transmisi\u00f3n\t60 kil\u00f3metros<br \/>Velocidad de datos\tBajada: 2,5 Gbps<br \/> \tSubida: 1,25 Gbps<br \/>Longitud de onda\tTransmisi\u00f3n: 1490 nm.<br \/> \tRecepci\u00f3n: 1310 nm.<\/p>\n","protected":false},"excerpt":{"rendered":"<p>CARACTER\u00cdSTICAS DE HARDWARE Interfaz 1 puerto GPON, 1 puerto de enlace ascendente SFP+ de 10 Gbps, 1 puerto de enlace ascendente RJ45 de 10\/100\/1000\/2500 Mbps, 1 puerto de consola RJ45, 1 puerto MGMT RJ45Botones Bot\u00f3n de reinicioFuente de Alimentaci\u00f3n Fuentes de alimentaci\u00f3n duales: CC y PoE 802.3at Adaptador de CC: 12,0 V\/2,5 A, PoE 802.3at: [&hellip;]<\/p>\n","protected":false},"featured_media":54797,"comment_status":"open","ping_status":"closed","template":"","meta":{"_uag_custom_page_level_css":""},"product_brand":[546],"product_cat":[122],"product_tag":[],"class_list":{"0":"post-54796","1":"product","2":"type-product","3":"status-publish","4":"has-post-thumbnail","6":"product_brand-tplink","7":"product_cat-redes-y-conectividad","9":"first","10":"outofstock","11":"sale","12":"taxable","13":"shipping-taxable","14":"purchasable","15":"product-type-simple"},"uagb_featured_image_src":{"full":["https:\/\/rms-enlinea.com.ar\/wp-content\/uploads\/2025\/08\/D_942010-MLA90755912187_082025-F.jpg",1200,283,false],"thumbnail":["https:\/\/rms-enlinea.com.ar\/wp-content\/uploads\/2025\/08\/D_942010-MLA90755912187_082025-F-150x150.jpg",150,150,true],"medium":["https:\/\/rms-enlinea.com.ar\/wp-content\/uploads\/2025\/08\/D_942010-MLA90755912187_082025-F-300x71.jpg",300,71,true],"medium_large":["https:\/\/rms-enlinea.com.ar\/wp-content\/uploads\/2025\/08\/D_942010-MLA90755912187_082025-F-768x181.jpg",768,181,true],"large":["https:\/\/rms-enlinea.com.ar\/wp-content\/uploads\/2025\/08\/D_942010-MLA90755912187_082025-F-1024x241.jpg",1024,241,true],"1536x1536":["https:\/\/rms-enlinea.com.ar\/wp-content\/uploads\/2025\/08\/D_942010-MLA90755912187_082025-F.jpg",1200,283,false],"2048x2048":["https:\/\/rms-enlinea.com.ar\/wp-content\/uploads\/2025\/08\/D_942010-MLA90755912187_082025-F.jpg",1200,283,false],"woocommerce_thumbnail":["https:\/\/rms-enlinea.com.ar\/wp-content\/uploads\/2025\/08\/D_942010-MLA90755912187_082025-F-450x283.jpg",450,283,true],"woocommerce_single":["https:\/\/rms-enlinea.com.ar\/wp-content\/uploads\/2025\/08\/D_942010-MLA90755912187_082025-F-600x142.jpg",600,142,true],"woocommerce_gallery_thumbnail":["https:\/\/rms-enlinea.com.ar\/wp-content\/uploads\/2025\/08\/D_942010-MLA90755912187_082025-F-100x100.jpg",100,100,true]},"uagb_author_info":{"display_name":"nelson","author_link":"https:\/\/rms-enlinea.com.ar\/tienda\/author\/"},"uagb_comment_info":0,"uagb_excerpt":"CARACTER\u00cdSTICAS DE HARDWARE Interfaz 1 puerto GPON, 1 puerto de enlace ascendente SFP+ de 10 Gbps, 1 puerto de enlace ascendente RJ45 de 10\/100\/1000\/2500 Mbps, 1 puerto de consola RJ45, 1 puerto MGMT RJ45Botones Bot\u00f3n de reinicioFuente de Alimentaci\u00f3n Fuentes de alimentaci\u00f3n duales: CC y PoE 802.3at Adaptador de CC: 12,0 V\/2,5 A, PoE 802.3at:&hellip;","_links":{"self":[{"href":"https:\/\/rms-enlinea.com.ar\/tienda\/wp-json\/wp\/v2\/product\/54796","targetHints":{"allow":["GET"]}}],"collection":[{"href":"https:\/\/rms-enlinea.com.ar\/tienda\/wp-json\/wp\/v2\/product"}],"about":[{"href":"https:\/\/rms-enlinea.com.ar\/tienda\/wp-json\/wp\/v2\/types\/product"}],"replies":[{"embeddable":true,"href":"https:\/\/rms-enlinea.com.ar\/tienda\/wp-json\/wp\/v2\/comments?post=54796"}],"wp:featuredmedia":[{"embeddable":true,"href":"https:\/\/rms-enlinea.com.ar\/tienda\/wp-json\/wp\/v2\/media\/54797"}],"wp:attachment":[{"href":"https:\/\/rms-enlinea.com.ar\/tienda\/wp-json\/wp\/v2\/media?parent=54796"}],"wp:term":[{"taxonomy":"product_brand","embeddable":true,"href":"https:\/\/rms-enlinea.com.ar\/tienda\/wp-json\/wp\/v2\/product_brand?post=54796"},{"taxonomy":"product_cat","embeddable":true,"href":"https:\/\/rms-enlinea.com.ar\/tienda\/wp-json\/wp\/v2\/product_cat?post=54796"},{"taxonomy":"product_tag","embeddable":true,"href":"https:\/\/rms-enlinea.com.ar\/tienda\/wp-json\/wp\/v2\/product_tag?post=54796"}],"curies":[{"name":"wp","href":"https:\/\/api.w.org\/{rel}","templated":true}]}}