{"id":54804,"date":"2025-08-22T14:10:37","date_gmt":"2025-08-22T17:10:37","guid":{"rendered":"https:\/\/rms-enlinea.com.ar\/tienda\/producto\/placa-de-red-usb-wifi-tp-link-archer-tx10ub-ax900-wifi6-bt\/"},"modified":"2026-05-04T09:50:56","modified_gmt":"2026-05-04T12:50:56","slug":"placa-de-red-usb-wifi-tp-link-archer-tx10ub-ax900-wifi6-bt","status":"publish","type":"product","link":"https:\/\/rms-enlinea.com.ar\/tienda\/producto\/placa-de-red-usb-wifi-tp-link-archer-tx10ub-ax900-wifi6-bt\/","title":{"rendered":"Placa De Red Usb Wifi Tp-link Archer Tx10ub Ax900 Wifi6 + Bt"},"content":{"rendered":"<p>CARACTER\u00cdSTICAS DE HARDWARE<br \/>Interfaz\tUSB 2.0<br \/>Dimensiones (An x Pr x Al)\t19.2 \u00d7 15.7 \u00d7 7.4 mm<br \/>Antena\tOmnidireccional<br \/>CARACTER\u00cdSTICAS INAL\u00c1MBRICAS<br \/>Est\u00e1ndares Inal\u00e1mbricos\tIEEE 802.11b\/g\/n\/ax 2.4 GHz, IEEE 802.11a\/n\/ac\/ax 5 GHz<br \/>Frecuencia\t5 GHz, 2.4 GHz<br \/>Tasa de Se\u00f1al<br \/>5 GHz\t11ax: Hasta 600 Mbps (din\u00e1mico)<br \/> \t11ac: Hasta 433 Mbps (din\u00e1mico)<br \/> \t11n: Hasta 150 Mbps (din\u00e1mico)<br \/> \t11a: Hasta 54 Mbps (din\u00e1mico)<br \/>2.4 GHz\t11ax: Hasta 287 Mbps (din\u00e1mico)<br \/> \t11n: Hasta 200 Mbps (din\u00e1mico)<br \/> \t11g: Hasta 54 Mbps (din\u00e1mico)<br \/> \t11b: Hasta 11 Mbps (din\u00e1mico)<br \/>Sensibilidad de Recepci\u00f3n<br \/>5 GHz\t11a 6M: -94 dBm<br \/> \t11ax HE80 MCS11: -59 dBm<br \/> \t11ax HE80 MCS0: -87 dBm<br \/>2.4 GHz\t11g 6M: -95 dBm<br \/> \t11ax HE40 MCS11: -65 dBm<br \/> \t11ax HE40 MCS0: -93 dBm<br \/>Modos Inal\u00e1mbricos\tModo Infraestructura<br \/>Seguridad Inal\u00e1mbrica\tWEP, WPA\/WPA2\/WPA3, WPA-PSK\/WPA2-PSK<br \/>Tecnolog\u00eda de Modulaci\u00f3n\tDBPSK, DQPSK, CCK, OFDM, 16-QAM, 64-QAM, 256-QAM, 1024-QAM<\/p>\n","protected":false},"excerpt":{"rendered":"<p>CARACTER\u00cdSTICAS DE HARDWAREInterfaz USB 2.0Dimensiones (An x Pr x Al) 19.2 \u00d7 15.7 \u00d7 7.4 mmAntena OmnidireccionalCARACTER\u00cdSTICAS INAL\u00c1MBRICASEst\u00e1ndares Inal\u00e1mbricos IEEE 802.11b\/g\/n\/ax 2.4 GHz, IEEE 802.11a\/n\/ac\/ax 5 GHzFrecuencia 5 GHz, 2.4 GHzTasa de Se\u00f1al5 GHz 11ax: Hasta 600 Mbps (din\u00e1mico) 11ac: Hasta 433 Mbps (din\u00e1mico) 11n: Hasta 150 Mbps (din\u00e1mico) 11a: Hasta 54 Mbps (din\u00e1mico)2.4 GHz [&hellip;]<\/p>\n","protected":false},"featured_media":54805,"comment_status":"open","ping_status":"closed","template":"","meta":{"_uag_custom_page_level_css":""},"product_brand":[546],"product_cat":[122],"product_tag":[],"class_list":{"0":"post-54804","1":"product","2":"type-product","3":"status-publish","4":"has-post-thumbnail","6":"product_brand-tplink","7":"product_cat-redes-y-conectividad","9":"first","10":"outofstock","11":"sale","12":"taxable","13":"shipping-taxable","14":"purchasable","15":"product-type-simple"},"uagb_featured_image_src":{"full":["https:\/\/rms-enlinea.com.ar\/wp-content\/uploads\/2025\/08\/D_958445-MLA90757230655_082025-F.jpg",957,1060,false],"thumbnail":["https:\/\/rms-enlinea.com.ar\/wp-content\/uploads\/2025\/08\/D_958445-MLA90757230655_082025-F-150x150.jpg",150,150,true],"medium":["https:\/\/rms-enlinea.com.ar\/wp-content\/uploads\/2025\/08\/D_958445-MLA90757230655_082025-F-271x300.jpg",271,300,true],"medium_large":["https:\/\/rms-enlinea.com.ar\/wp-content\/uploads\/2025\/08\/D_958445-MLA90757230655_082025-F-768x851.jpg",768,851,true],"large":["https:\/\/rms-enlinea.com.ar\/wp-content\/uploads\/2025\/08\/D_958445-MLA90757230655_082025-F-924x1024.jpg",924,1024,true],"1536x1536":["https:\/\/rms-enlinea.com.ar\/wp-content\/uploads\/2025\/08\/D_958445-MLA90757230655_082025-F.jpg",957,1060,false],"2048x2048":["https:\/\/rms-enlinea.com.ar\/wp-content\/uploads\/2025\/08\/D_958445-MLA90757230655_082025-F.jpg",957,1060,false],"woocommerce_thumbnail":["https:\/\/rms-enlinea.com.ar\/wp-content\/uploads\/2025\/08\/D_958445-MLA90757230655_082025-F-450x450.jpg",450,450,true],"woocommerce_single":["https:\/\/rms-enlinea.com.ar\/wp-content\/uploads\/2025\/08\/D_958445-MLA90757230655_082025-F-600x665.jpg",600,665,true],"woocommerce_gallery_thumbnail":["https:\/\/rms-enlinea.com.ar\/wp-content\/uploads\/2025\/08\/D_958445-MLA90757230655_082025-F-100x100.jpg",100,100,true]},"uagb_author_info":{"display_name":"nelson","author_link":"https:\/\/rms-enlinea.com.ar\/tienda\/author\/"},"uagb_comment_info":0,"uagb_excerpt":"CARACTER\u00cdSTICAS DE HARDWAREInterfaz USB 2.0Dimensiones (An x Pr x Al) 19.2 \u00d7 15.7 \u00d7 7.4 mmAntena OmnidireccionalCARACTER\u00cdSTICAS INAL\u00c1MBRICASEst\u00e1ndares Inal\u00e1mbricos IEEE 802.11b\/g\/n\/ax 2.4 GHz, IEEE 802.11a\/n\/ac\/ax 5 GHzFrecuencia 5 GHz, 2.4 GHzTasa de Se\u00f1al5 GHz 11ax: Hasta 600 Mbps (din\u00e1mico) 11ac: Hasta 433 Mbps (din\u00e1mico) 11n: Hasta 150 Mbps (din\u00e1mico) 11a: Hasta 54 Mbps (din\u00e1mico)2.4 GHz&hellip;","_links":{"self":[{"href":"https:\/\/rms-enlinea.com.ar\/tienda\/wp-json\/wp\/v2\/product\/54804","targetHints":{"allow":["GET"]}}],"collection":[{"href":"https:\/\/rms-enlinea.com.ar\/tienda\/wp-json\/wp\/v2\/product"}],"about":[{"href":"https:\/\/rms-enlinea.com.ar\/tienda\/wp-json\/wp\/v2\/types\/product"}],"replies":[{"embeddable":true,"href":"https:\/\/rms-enlinea.com.ar\/tienda\/wp-json\/wp\/v2\/comments?post=54804"}],"wp:featuredmedia":[{"embeddable":true,"href":"https:\/\/rms-enlinea.com.ar\/tienda\/wp-json\/wp\/v2\/media\/54805"}],"wp:attachment":[{"href":"https:\/\/rms-enlinea.com.ar\/tienda\/wp-json\/wp\/v2\/media?parent=54804"}],"wp:term":[{"taxonomy":"product_brand","embeddable":true,"href":"https:\/\/rms-enlinea.com.ar\/tienda\/wp-json\/wp\/v2\/product_brand?post=54804"},{"taxonomy":"product_cat","embeddable":true,"href":"https:\/\/rms-enlinea.com.ar\/tienda\/wp-json\/wp\/v2\/product_cat?post=54804"},{"taxonomy":"product_tag","embeddable":true,"href":"https:\/\/rms-enlinea.com.ar\/tienda\/wp-json\/wp\/v2\/product_tag?post=54804"}],"curies":[{"name":"wp","href":"https:\/\/api.w.org\/{rel}","templated":true}]}}