{"id":54817,"date":"2025-08-22T15:00:46","date_gmt":"2025-08-22T18:00:46","guid":{"rendered":"https:\/\/rms-enlinea.com.ar\/tienda\/producto\/mother-msi-pro-z890-s-wifi-7-ddr5-lga-1851-pci-e-5-0\/"},"modified":"2026-04-21T06:14:25","modified_gmt":"2026-04-21T09:14:25","slug":"mother-msi-pro-z890-s-wifi-7-ddr5-lga-1851-pci-e-5-0","status":"publish","type":"product","link":"https:\/\/rms-enlinea.com.ar\/tienda\/producto\/mother-msi-pro-z890-s-wifi-7-ddr5-lga-1851-pci-e-5-0\/","title":{"rendered":"Mother Msi Pro Z890-s Wifi 7 Ddr5 Lga 1851 Pci-e 5.0"},"content":{"rendered":"<p>La Motherboard MSI PRO Z890-S WIFI 7 es la elecci\u00f3n ideal para quienes buscan rendimiento y estabilidad en sus sistemas. Dise\u00f1ada para la plataforma Intel, esta placa base cuenta con el chipset Intel\u00ae Z890, que garantiza una experiencia de usuario fluida y eficiente. Su socket LGA 1851 permite la instalaci\u00f3n de procesadores de \u00faltima generaci\u00f3n, maximizando el potencial de tu equipo.<\/p>\n<p>Con un elegante color gris oscuro y un factor de forma ATX, la MSI PRO Z890-S se integra perfectamente en cualquier configuraci\u00f3n de escritorio. Ofrece m\u00faltiples ranuras de expansi\u00f3n, incluyendo PCIe x16 y PCIe x4, lo que permite una amplia variedad de opciones para tarjetas gr\u00e1ficas y otros dispositivos. Adem\u00e1s, su capacidad m\u00e1xima soportada de memoria RAM de 256 GB y su compatibilidad con DDR5 aseguran que tu sistema est\u00e9 preparado para las demandas m\u00e1s exigentes.<\/p>\n<p>La conectividad es otro de los puntos fuertes de esta motherboard, ya que incluye Wi-Fi integrado, facilitando la conexi\u00f3n a redes sin necesidad de cables adicionales. Esto es especialmente \u00fatil para quienes buscan un entorno de trabajo limpio y ordenado. La MSI PRO Z890-S tambi\u00e9n es ideal para aplicaciones de alto rendimiento, como gaming, edici\u00f3n de video y dise\u00f1o gr\u00e1fico.<\/p>\n<p>En resumen, la Motherboard MSI PRO Z890-S WIFI 7 es una opci\u00f3n robusta y vers\u00e1til que se adapta a las necesidades de los usuarios m\u00e1s exigentes. Su combinaci\u00f3n de tecnolog\u00eda avanzada, dise\u00f1o elegante y caracter\u00edsticas de conectividad la convierten en una inversi\u00f3n inteligente para cualquier entusiasta de la inform\u00e1tica. Aseg\u00farate de potenciar tu sistema con esta placa base de alto rendimiento.<\/p>\n","protected":false},"excerpt":{"rendered":"<p>La Motherboard MSI PRO Z890-S WIFI 7 es la elecci\u00f3n ideal para quienes buscan rendimiento y estabilidad en sus sistemas. Dise\u00f1ada para la plataforma Intel, esta placa base cuenta con el chipset Intel\u00ae Z890, que garantiza una experiencia de usuario fluida y eficiente. Su socket LGA 1851 permite la instalaci\u00f3n de procesadores de \u00faltima generaci\u00f3n, [&hellip;]<\/p>\n","protected":false},"featured_media":1915,"comment_status":"open","ping_status":"closed","template":"","meta":{"_uag_custom_page_level_css":""},"product_brand":[557],"product_cat":[115],"product_tag":[],"class_list":{"0":"post-54817","1":"product","2":"type-product","3":"status-publish","4":"has-post-thumbnail","6":"product_brand-msi","7":"product_cat-mother","9":"first","10":"outofstock","11":"sale","12":"taxable","13":"shipping-taxable","14":"purchasable","15":"product-type-simple"},"uagb_featured_image_src":{"full":["https:\/\/rms-enlinea.com.ar\/wp-content\/uploads\/2025\/06\/D_717886-MLA82765501157_022025-F.jpg",1000,779,false],"thumbnail":["https:\/\/rms-enlinea.com.ar\/wp-content\/uploads\/2025\/06\/D_717886-MLA82765501157_022025-F-150x150.jpg",150,150,true],"medium":["https:\/\/rms-enlinea.com.ar\/wp-content\/uploads\/2025\/06\/D_717886-MLA82765501157_022025-F-300x234.jpg",300,234,true],"medium_large":["https:\/\/rms-enlinea.com.ar\/wp-content\/uploads\/2025\/06\/D_717886-MLA82765501157_022025-F-768x598.jpg",768,598,true],"large":["https:\/\/rms-enlinea.com.ar\/wp-content\/uploads\/2025\/06\/D_717886-MLA82765501157_022025-F.jpg",1000,779,false],"1536x1536":["https:\/\/rms-enlinea.com.ar\/wp-content\/uploads\/2025\/06\/D_717886-MLA82765501157_022025-F.jpg",1000,779,false],"2048x2048":["https:\/\/rms-enlinea.com.ar\/wp-content\/uploads\/2025\/06\/D_717886-MLA82765501157_022025-F.jpg",1000,779,false],"woocommerce_thumbnail":["https:\/\/rms-enlinea.com.ar\/wp-content\/uploads\/2025\/06\/D_717886-MLA82765501157_022025-F-450x450.jpg",450,450,true],"woocommerce_single":["https:\/\/rms-enlinea.com.ar\/wp-content\/uploads\/2025\/06\/D_717886-MLA82765501157_022025-F-600x467.jpg",600,467,true],"woocommerce_gallery_thumbnail":["https:\/\/rms-enlinea.com.ar\/wp-content\/uploads\/2025\/06\/D_717886-MLA82765501157_022025-F-100x100.jpg",100,100,true]},"uagb_author_info":{"display_name":"mario","author_link":"https:\/\/rms-enlinea.com.ar\/tienda\/author\/"},"uagb_comment_info":0,"uagb_excerpt":"La Motherboard MSI PRO Z890-S WIFI 7 es la elecci\u00f3n ideal para quienes buscan rendimiento y estabilidad en sus sistemas. Dise\u00f1ada para la plataforma Intel, esta placa base cuenta con el chipset Intel\u00ae Z890, que garantiza una experiencia de usuario fluida y eficiente. Su socket LGA 1851 permite la instalaci\u00f3n de procesadores de \u00faltima generaci\u00f3n,&hellip;","_links":{"self":[{"href":"https:\/\/rms-enlinea.com.ar\/tienda\/wp-json\/wp\/v2\/product\/54817","targetHints":{"allow":["GET"]}}],"collection":[{"href":"https:\/\/rms-enlinea.com.ar\/tienda\/wp-json\/wp\/v2\/product"}],"about":[{"href":"https:\/\/rms-enlinea.com.ar\/tienda\/wp-json\/wp\/v2\/types\/product"}],"replies":[{"embeddable":true,"href":"https:\/\/rms-enlinea.com.ar\/tienda\/wp-json\/wp\/v2\/comments?post=54817"}],"wp:featuredmedia":[{"embeddable":true,"href":"https:\/\/rms-enlinea.com.ar\/tienda\/wp-json\/wp\/v2\/media\/1915"}],"wp:attachment":[{"href":"https:\/\/rms-enlinea.com.ar\/tienda\/wp-json\/wp\/v2\/media?parent=54817"}],"wp:term":[{"taxonomy":"product_brand","embeddable":true,"href":"https:\/\/rms-enlinea.com.ar\/tienda\/wp-json\/wp\/v2\/product_brand?post=54817"},{"taxonomy":"product_cat","embeddable":true,"href":"https:\/\/rms-enlinea.com.ar\/tienda\/wp-json\/wp\/v2\/product_cat?post=54817"},{"taxonomy":"product_tag","embeddable":true,"href":"https:\/\/rms-enlinea.com.ar\/tienda\/wp-json\/wp\/v2\/product_tag?post=54817"}],"curies":[{"name":"wp","href":"https:\/\/api.w.org\/{rel}","templated":true}]}}