{"id":54825,"date":"2025-08-22T16:06:49","date_gmt":"2025-08-22T19:06:49","guid":{"rendered":"https:\/\/rms-enlinea.com.ar\/tienda\/producto\/memoria-gskill-trident-z-royal-ddr4-16gb-3600mhz-2x8gb-gold\/"},"modified":"2026-05-04T20:10:13","modified_gmt":"2026-05-04T23:10:13","slug":"memoria-gskill-trident-z-royal-ddr4-16gb-3600mhz-2x8gb-gold","status":"publish","type":"product","link":"https:\/\/rms-enlinea.com.ar\/tienda\/producto\/memoria-gskill-trident-z-royal-ddr4-16gb-3600mhz-2x8gb-gold\/","title":{"rendered":"Memoria Gskill Trident Z Royal Ddr4 16gb 3600mhz 2x8gb Gold"},"content":{"rendered":"<p>Aplicaci\u00f3n<\/p>\n<p>Computadoras de escritorio<br \/>\nMarca<\/p>\n<p>G.Skill<br \/>\nLatencia CAS<\/p>\n<p>18<br \/>\nColor<\/p>\n<p>Oro<br \/>\nEs gamer<\/p>\n<p>S\u00ed<br \/>\nL\u00ednea<\/p>\n<p>Trident Z Royal<br \/>\nFormato<\/p>\n<p>UDIMM<br \/>\nM\u00f3dulos de memoria<\/p>\n<p>2 x 8 GB<br \/>\nTecnolog\u00eda<\/p>\n<p>DDR4 SDRAM<br \/>\nModelo<\/p>\n<p>F4-3600C18D-16GTRG<br \/>\nVelocidad<\/p>\n<p>3600 MHz<br \/>\nCapacidad total<\/p>\n<p>16 GB<\/p>\n","protected":false},"excerpt":{"rendered":"<p>Aplicaci\u00f3n Computadoras de escritorio Marca G.Skill Latencia CAS 18 Color Oro Es gamer S\u00ed L\u00ednea Trident Z Royal Formato UDIMM M\u00f3dulos de memoria 2 x 8 GB Tecnolog\u00eda DDR4 SDRAM Modelo F4-3600C18D-16GTRG Velocidad 3600 MHz Capacidad total 16 GB<\/p>\n","protected":false},"featured_media":3871,"comment_status":"open","ping_status":"closed","template":"","meta":{"_uag_custom_page_level_css":""},"product_brand":[632],"product_cat":[112],"product_tag":[],"class_list":{"0":"post-54825","1":"product","2":"type-product","3":"status-publish","4":"has-post-thumbnail","6":"product_brand-tridentgskill","7":"product_cat-mamorias","9":"first","10":"outofstock","11":"sale","12":"taxable","13":"shipping-taxable","14":"purchasable","15":"product-type-simple"},"uagb_featured_image_src":{"full":["https:\/\/rms-enlinea.com.ar\/wp-content\/uploads\/2025\/06\/D_602637-MLA74782757587_022024-F.jpg",1097,368,false],"thumbnail":["https:\/\/rms-enlinea.com.ar\/wp-content\/uploads\/2025\/06\/D_602637-MLA74782757587_022024-F-150x150.jpg",150,150,true],"medium":["https:\/\/rms-enlinea.com.ar\/wp-content\/uploads\/2025\/06\/D_602637-MLA74782757587_022024-F-300x101.jpg",300,101,true],"medium_large":["https:\/\/rms-enlinea.com.ar\/wp-content\/uploads\/2025\/06\/D_602637-MLA74782757587_022024-F-768x258.jpg",768,258,true],"large":["https:\/\/rms-enlinea.com.ar\/wp-content\/uploads\/2025\/06\/D_602637-MLA74782757587_022024-F-1024x344.jpg",1024,344,true],"1536x1536":["https:\/\/rms-enlinea.com.ar\/wp-content\/uploads\/2025\/06\/D_602637-MLA74782757587_022024-F.jpg",1097,368,false],"2048x2048":["https:\/\/rms-enlinea.com.ar\/wp-content\/uploads\/2025\/06\/D_602637-MLA74782757587_022024-F.jpg",1097,368,false],"woocommerce_thumbnail":["https:\/\/rms-enlinea.com.ar\/wp-content\/uploads\/2025\/06\/D_602637-MLA74782757587_022024-F-450x368.jpg",450,368,true],"woocommerce_single":["https:\/\/rms-enlinea.com.ar\/wp-content\/uploads\/2025\/06\/D_602637-MLA74782757587_022024-F-600x201.jpg",600,201,true],"woocommerce_gallery_thumbnail":["https:\/\/rms-enlinea.com.ar\/wp-content\/uploads\/2025\/06\/D_602637-MLA74782757587_022024-F-100x100.jpg",100,100,true]},"uagb_author_info":{"display_name":"mario","author_link":"https:\/\/rms-enlinea.com.ar\/tienda\/author\/"},"uagb_comment_info":0,"uagb_excerpt":"Aplicaci\u00f3n Computadoras de escritorio Marca G.Skill Latencia CAS 18 Color Oro Es gamer S\u00ed L\u00ednea Trident Z Royal Formato UDIMM M\u00f3dulos de memoria 2 x 8 GB Tecnolog\u00eda DDR4 SDRAM Modelo F4-3600C18D-16GTRG Velocidad 3600 MHz Capacidad total 16 GB","_links":{"self":[{"href":"https:\/\/rms-enlinea.com.ar\/tienda\/wp-json\/wp\/v2\/product\/54825","targetHints":{"allow":["GET"]}}],"collection":[{"href":"https:\/\/rms-enlinea.com.ar\/tienda\/wp-json\/wp\/v2\/product"}],"about":[{"href":"https:\/\/rms-enlinea.com.ar\/tienda\/wp-json\/wp\/v2\/types\/product"}],"replies":[{"embeddable":true,"href":"https:\/\/rms-enlinea.com.ar\/tienda\/wp-json\/wp\/v2\/comments?post=54825"}],"wp:featuredmedia":[{"embeddable":true,"href":"https:\/\/rms-enlinea.com.ar\/tienda\/wp-json\/wp\/v2\/media\/3871"}],"wp:attachment":[{"href":"https:\/\/rms-enlinea.com.ar\/tienda\/wp-json\/wp\/v2\/media?parent=54825"}],"wp:term":[{"taxonomy":"product_brand","embeddable":true,"href":"https:\/\/rms-enlinea.com.ar\/tienda\/wp-json\/wp\/v2\/product_brand?post=54825"},{"taxonomy":"product_cat","embeddable":true,"href":"https:\/\/rms-enlinea.com.ar\/tienda\/wp-json\/wp\/v2\/product_cat?post=54825"},{"taxonomy":"product_tag","embeddable":true,"href":"https:\/\/rms-enlinea.com.ar\/tienda\/wp-json\/wp\/v2\/product_tag?post=54825"}],"curies":[{"name":"wp","href":"https:\/\/api.w.org\/{rel}","templated":true}]}}