{"id":54826,"date":"2025-08-22T16:06:54","date_gmt":"2025-08-22T19:06:54","guid":{"rendered":"https:\/\/rms-enlinea.com.ar\/tienda\/producto\/memoria-gskill-trident-z-royal-ddr4-16gb-3600mhz-2x8gb-sil\/"},"modified":"2026-05-04T21:20:39","modified_gmt":"2026-05-05T00:20:39","slug":"memoria-gskill-trident-z-royal-ddr4-16gb-3600mhz-2x8gb-sil","status":"publish","type":"product","link":"https:\/\/rms-enlinea.com.ar\/tienda\/producto\/memoria-gskill-trident-z-royal-ddr4-16gb-3600mhz-2x8gb-sil\/","title":{"rendered":"Memoria Gskill Trident Z Royal Ddr4 16gb 3600mhz 2x8gb Sil"},"content":{"rendered":"<p>Tipo de garant\u00eda<\/p>\n<p>90 dias<br \/>\nMarca<\/p>\n<p>G.Skill<br \/>\nC\u00f3digo universal de producto<\/p>\n<p>848354032717<br \/>\nL\u00ednea<\/p>\n<p>Trident Z Royal<br \/>\nTecnolog\u00eda<\/p>\n<p>DDR4 SDRAM<br \/>\nModelo<\/p>\n<p>F4-3600C18D-16GTRS<br \/>\nVelocidad<\/p>\n<p>3600 MHz<br \/>\nCapacidad total<\/p>\n<p>16 GB<\/p>\n","protected":false},"excerpt":{"rendered":"<p>Tipo de garant\u00eda 90 dias Marca G.Skill C\u00f3digo universal de producto 848354032717 L\u00ednea Trident Z Royal Tecnolog\u00eda DDR4 SDRAM Modelo F4-3600C18D-16GTRS Velocidad 3600 MHz Capacidad total 16 GB<\/p>\n","protected":false},"featured_media":3868,"comment_status":"open","ping_status":"closed","template":"","meta":{"_uag_custom_page_level_css":""},"product_brand":[632],"product_cat":[112],"product_tag":[],"class_list":{"0":"post-54826","1":"product","2":"type-product","3":"status-publish","4":"has-post-thumbnail","6":"product_brand-tridentgskill","7":"product_cat-mamorias","9":"first","10":"outofstock","11":"sale","12":"taxable","13":"shipping-taxable","14":"purchasable","15":"product-type-simple"},"uagb_featured_image_src":{"full":["https:\/\/rms-enlinea.com.ar\/wp-content\/uploads\/2025\/06\/D_740257-MLA74780595415_022024-F.jpg",1200,394,false],"thumbnail":["https:\/\/rms-enlinea.com.ar\/wp-content\/uploads\/2025\/06\/D_740257-MLA74780595415_022024-F-150x150.jpg",150,150,true],"medium":["https:\/\/rms-enlinea.com.ar\/wp-content\/uploads\/2025\/06\/D_740257-MLA74780595415_022024-F-300x99.jpg",300,99,true],"medium_large":["https:\/\/rms-enlinea.com.ar\/wp-content\/uploads\/2025\/06\/D_740257-MLA74780595415_022024-F-768x252.jpg",768,252,true],"large":["https:\/\/rms-enlinea.com.ar\/wp-content\/uploads\/2025\/06\/D_740257-MLA74780595415_022024-F-1024x336.jpg",1024,336,true],"1536x1536":["https:\/\/rms-enlinea.com.ar\/wp-content\/uploads\/2025\/06\/D_740257-MLA74780595415_022024-F.jpg",1200,394,false],"2048x2048":["https:\/\/rms-enlinea.com.ar\/wp-content\/uploads\/2025\/06\/D_740257-MLA74780595415_022024-F.jpg",1200,394,false],"woocommerce_thumbnail":["https:\/\/rms-enlinea.com.ar\/wp-content\/uploads\/2025\/06\/D_740257-MLA74780595415_022024-F-450x394.jpg",450,394,true],"woocommerce_single":["https:\/\/rms-enlinea.com.ar\/wp-content\/uploads\/2025\/06\/D_740257-MLA74780595415_022024-F-600x197.jpg",600,197,true],"woocommerce_gallery_thumbnail":["https:\/\/rms-enlinea.com.ar\/wp-content\/uploads\/2025\/06\/D_740257-MLA74780595415_022024-F-100x100.jpg",100,100,true]},"uagb_author_info":{"display_name":"mario","author_link":"https:\/\/rms-enlinea.com.ar\/tienda\/author\/"},"uagb_comment_info":0,"uagb_excerpt":"Tipo de garant\u00eda 90 dias Marca G.Skill C\u00f3digo universal de producto 848354032717 L\u00ednea Trident Z Royal Tecnolog\u00eda DDR4 SDRAM Modelo F4-3600C18D-16GTRS Velocidad 3600 MHz Capacidad total 16 GB","_links":{"self":[{"href":"https:\/\/rms-enlinea.com.ar\/tienda\/wp-json\/wp\/v2\/product\/54826","targetHints":{"allow":["GET"]}}],"collection":[{"href":"https:\/\/rms-enlinea.com.ar\/tienda\/wp-json\/wp\/v2\/product"}],"about":[{"href":"https:\/\/rms-enlinea.com.ar\/tienda\/wp-json\/wp\/v2\/types\/product"}],"replies":[{"embeddable":true,"href":"https:\/\/rms-enlinea.com.ar\/tienda\/wp-json\/wp\/v2\/comments?post=54826"}],"wp:featuredmedia":[{"embeddable":true,"href":"https:\/\/rms-enlinea.com.ar\/tienda\/wp-json\/wp\/v2\/media\/3868"}],"wp:attachment":[{"href":"https:\/\/rms-enlinea.com.ar\/tienda\/wp-json\/wp\/v2\/media?parent=54826"}],"wp:term":[{"taxonomy":"product_brand","embeddable":true,"href":"https:\/\/rms-enlinea.com.ar\/tienda\/wp-json\/wp\/v2\/product_brand?post=54826"},{"taxonomy":"product_cat","embeddable":true,"href":"https:\/\/rms-enlinea.com.ar\/tienda\/wp-json\/wp\/v2\/product_cat?post=54826"},{"taxonomy":"product_tag","embeddable":true,"href":"https:\/\/rms-enlinea.com.ar\/tienda\/wp-json\/wp\/v2\/product_tag?post=54826"}],"curies":[{"name":"wp","href":"https:\/\/api.w.org\/{rel}","templated":true}]}}