{"id":54827,"date":"2025-08-22T16:08:14","date_gmt":"2025-08-22T19:08:14","guid":{"rendered":"https:\/\/rms-enlinea.com.ar\/tienda\/producto\/impresora-brother-hl-1200-laser-usb-mono-cromatica\/"},"modified":"2026-04-21T06:29:51","modified_gmt":"2026-04-21T09:29:51","slug":"impresora-brother-hl-1200-laser-usb-mono-cromatica","status":"publish","type":"product","link":"https:\/\/rms-enlinea.com.ar\/tienda\/producto\/impresora-brother-hl-1200-laser-usb-mono-cromatica\/","title":{"rendered":"Impresora Brother Hl-1200 Laser Usb Mono Cromatica"},"content":{"rendered":"<p>La impresora Brother HL-1200 es la soluci\u00f3n ideal para quienes buscan eficiencia y calidad en la impresi\u00f3n monocrom\u00e1tica. Con su tecnolog\u00eda l\u00e1ser, ofrece una resoluci\u00f3n m\u00e1xima de 2400 dpi x 600 dpi, garantizando documentos n\u00edtidos y profesionales en cada impresi\u00f3n. Su velocidad de hasta 21 p\u00e1ginas por minuto permite realizar trabajos de impresi\u00f3n de manera r\u00e1pida y efectiva, ideal para entornos de oficina o uso personal.<\/p>\n<p>Dise\u00f1ada para facilitar el trabajo diario, esta impresora cuenta con una capacidad m\u00e1xima de 150 hojas y dos bandejas, lo que optimiza el manejo del papel. Es compatible con diversos tama\u00f1os de papel, incluyendo A4, A5, Legal y Carta, adapt\u00e1ndose a diferentes necesidades de impresi\u00f3n. Su puerto USB permite una conexi\u00f3n sencilla y directa a computadoras, asegurando una experiencia de uso sin complicaciones.<\/p>\n<p>Con un dise\u00f1o compacto y elegante en blanco y negro, la Brother HL-1200 se integra f\u00e1cilmente en cualquier espacio de trabajo. Su pantalla LCD proporciona informaci\u00f3n clara y accesible sobre el estado de la impresi\u00f3n, mejorando la interacci\u00f3n del usuario. Con un peso de solo 4.6 kg, es f\u00e1cil de mover y ubicar en el lugar que m\u00e1s te convenga.<\/p>\n<p>Opta por la impresora Brother HL-1200 y experimenta la combinaci\u00f3n perfecta de rendimiento y calidad. Ideal para estudiantes, profesionales y peque\u00f1as empresas que requieren impresiones confiables y de alta calidad. Mejora tu flujo de trabajo y disfruta de la simplicidad que esta impresora l\u00e1ser ofrece.<\/p>\n","protected":false},"excerpt":{"rendered":"<p>La impresora Brother HL-1200 es la soluci\u00f3n ideal para quienes buscan eficiencia y calidad en la impresi\u00f3n monocrom\u00e1tica. Con su tecnolog\u00eda l\u00e1ser, ofrece una resoluci\u00f3n m\u00e1xima de 2400 dpi x 600 dpi, garantizando documentos n\u00edtidos y profesionales en cada impresi\u00f3n. Su velocidad de hasta 21 p\u00e1ginas por minuto permite realizar trabajos de impresi\u00f3n de manera [&hellip;]<\/p>\n","protected":false},"featured_media":54828,"comment_status":"open","ping_status":"closed","template":"","meta":{"_uag_custom_page_level_css":""},"product_brand":[591],"product_cat":[110],"product_tag":[],"class_list":{"0":"post-54827","1":"product","2":"type-product","3":"status-publish","4":"has-post-thumbnail","6":"product_brand-brother","7":"product_cat-impresoras","9":"first","10":"outofstock","11":"sale","12":"taxable","13":"shipping-taxable","14":"purchasable","15":"product-type-simple"},"uagb_featured_image_src":{"full":["https:\/\/rms-enlinea.com.ar\/wp-content\/uploads\/2025\/08\/D_979486-MLA88713674504_072025-F.jpg",1200,938,false],"thumbnail":["https:\/\/rms-enlinea.com.ar\/wp-content\/uploads\/2025\/08\/D_979486-MLA88713674504_072025-F-150x150.jpg",150,150,true],"medium":["https:\/\/rms-enlinea.com.ar\/wp-content\/uploads\/2025\/08\/D_979486-MLA88713674504_072025-F-300x235.jpg",300,235,true],"medium_large":["https:\/\/rms-enlinea.com.ar\/wp-content\/uploads\/2025\/08\/D_979486-MLA88713674504_072025-F-768x600.jpg",768,600,true],"large":["https:\/\/rms-enlinea.com.ar\/wp-content\/uploads\/2025\/08\/D_979486-MLA88713674504_072025-F-1024x800.jpg",1024,800,true],"1536x1536":["https:\/\/rms-enlinea.com.ar\/wp-content\/uploads\/2025\/08\/D_979486-MLA88713674504_072025-F.jpg",1200,938,false],"2048x2048":["https:\/\/rms-enlinea.com.ar\/wp-content\/uploads\/2025\/08\/D_979486-MLA88713674504_072025-F.jpg",1200,938,false],"woocommerce_thumbnail":["https:\/\/rms-enlinea.com.ar\/wp-content\/uploads\/2025\/08\/D_979486-MLA88713674504_072025-F-450x450.jpg",450,450,true],"woocommerce_single":["https:\/\/rms-enlinea.com.ar\/wp-content\/uploads\/2025\/08\/D_979486-MLA88713674504_072025-F-600x469.jpg",600,469,true],"woocommerce_gallery_thumbnail":["https:\/\/rms-enlinea.com.ar\/wp-content\/uploads\/2025\/08\/D_979486-MLA88713674504_072025-F-100x100.jpg",100,100,true]},"uagb_author_info":{"display_name":"mario","author_link":"https:\/\/rms-enlinea.com.ar\/tienda\/author\/"},"uagb_comment_info":0,"uagb_excerpt":"La impresora Brother HL-1200 es la soluci\u00f3n ideal para quienes buscan eficiencia y calidad en la impresi\u00f3n monocrom\u00e1tica. Con su tecnolog\u00eda l\u00e1ser, ofrece una resoluci\u00f3n m\u00e1xima de 2400 dpi x 600 dpi, garantizando documentos n\u00edtidos y profesionales en cada impresi\u00f3n. Su velocidad de hasta 21 p\u00e1ginas por minuto permite realizar trabajos de impresi\u00f3n de manera&hellip;","_links":{"self":[{"href":"https:\/\/rms-enlinea.com.ar\/tienda\/wp-json\/wp\/v2\/product\/54827","targetHints":{"allow":["GET"]}}],"collection":[{"href":"https:\/\/rms-enlinea.com.ar\/tienda\/wp-json\/wp\/v2\/product"}],"about":[{"href":"https:\/\/rms-enlinea.com.ar\/tienda\/wp-json\/wp\/v2\/types\/product"}],"replies":[{"embeddable":true,"href":"https:\/\/rms-enlinea.com.ar\/tienda\/wp-json\/wp\/v2\/comments?post=54827"}],"wp:featuredmedia":[{"embeddable":true,"href":"https:\/\/rms-enlinea.com.ar\/tienda\/wp-json\/wp\/v2\/media\/54828"}],"wp:attachment":[{"href":"https:\/\/rms-enlinea.com.ar\/tienda\/wp-json\/wp\/v2\/media?parent=54827"}],"wp:term":[{"taxonomy":"product_brand","embeddable":true,"href":"https:\/\/rms-enlinea.com.ar\/tienda\/wp-json\/wp\/v2\/product_brand?post=54827"},{"taxonomy":"product_cat","embeddable":true,"href":"https:\/\/rms-enlinea.com.ar\/tienda\/wp-json\/wp\/v2\/product_cat?post=54827"},{"taxonomy":"product_tag","embeddable":true,"href":"https:\/\/rms-enlinea.com.ar\/tienda\/wp-json\/wp\/v2\/product_tag?post=54827"}],"curies":[{"name":"wp","href":"https:\/\/api.w.org\/{rel}","templated":true}]}}