{"id":54837,"date":"2025-08-22T16:58:06","date_gmt":"2025-08-22T19:58:06","guid":{"rendered":"https:\/\/rms-enlinea.com.ar\/tienda\/producto\/fuente-gamer-gigabyte-gp-ud1000gm-p-1000w-80-gold-pcie-g5\/"},"modified":"2026-04-06T14:09:46","modified_gmt":"2026-04-06T17:09:46","slug":"fuente-gamer-gigabyte-gp-ud1000gm-p-1000w-80-gold-pcie-g5","status":"publish","type":"product","link":"https:\/\/rms-enlinea.com.ar\/tienda\/producto\/fuente-gamer-gigabyte-gp-ud1000gm-p-1000w-80-gold-pcie-g5\/","title":{"rendered":"Fuente Gamer Gigabyte Gp-ud1000gm-p 1000w 80+ Gold Pcie G5"},"content":{"rendered":"<p>Cantidad de conectores floppy<\/p>\n<p>1<br \/>C\u00f3digo universal de producto<\/p>\n<p>4719331552367<br \/>Condici\u00f3n del \u00edtem<\/p>\n<p>Nuevo<br \/>Modelo de la fuente<\/p>\n<p>GP-UD1000GM PG5<br \/>Cantidad de conectores PCI-E<\/p>\n<p>5<br \/>Potencia de salida<\/p>\n<p>1000 W<br \/>Tipo de refrigeraci\u00f3n<\/p>\n<p>Aire<br \/>Cantidad de conectores SATA<\/p>\n<p>8<br \/>Marca de la fuente<\/p>\n<p>Gigabyte<\/p>\n","protected":false},"excerpt":{"rendered":"<p>Cantidad de conectores floppy 1C\u00f3digo universal de producto 4719331552367Condici\u00f3n del \u00edtem NuevoModelo de la fuente GP-UD1000GM PG5Cantidad de conectores PCI-E 5Potencia de salida 1000 WTipo de refrigeraci\u00f3n AireCantidad de conectores SATA 8Marca de la fuente Gigabyte<\/p>\n","protected":false},"featured_media":18378,"comment_status":"open","ping_status":"closed","template":"","meta":{"_uag_custom_page_level_css":""},"product_brand":[532],"product_cat":[108],"product_tag":[],"class_list":{"0":"post-54837","1":"product","2":"type-product","3":"status-publish","4":"has-post-thumbnail","6":"product_brand-gigabyte","7":"product_cat-fuentes-y-cargadores","9":"first","10":"instock","11":"sale","12":"taxable","13":"shipping-taxable","14":"purchasable","15":"product-type-simple"},"uagb_featured_image_src":{"full":["https:\/\/rms-enlinea.com.ar\/wp-content\/uploads\/2025\/06\/D_773867-MLA75021147995_032024-F.jpg",1200,845,false],"thumbnail":["https:\/\/rms-enlinea.com.ar\/wp-content\/uploads\/2025\/06\/D_773867-MLA75021147995_032024-F-150x150.jpg",150,150,true],"medium":["https:\/\/rms-enlinea.com.ar\/wp-content\/uploads\/2025\/06\/D_773867-MLA75021147995_032024-F-300x211.jpg",300,211,true],"medium_large":["https:\/\/rms-enlinea.com.ar\/wp-content\/uploads\/2025\/06\/D_773867-MLA75021147995_032024-F-768x541.jpg",768,541,true],"large":["https:\/\/rms-enlinea.com.ar\/wp-content\/uploads\/2025\/06\/D_773867-MLA75021147995_032024-F-1024x721.jpg",1024,721,true],"1536x1536":["https:\/\/rms-enlinea.com.ar\/wp-content\/uploads\/2025\/06\/D_773867-MLA75021147995_032024-F.jpg",1200,845,false],"2048x2048":["https:\/\/rms-enlinea.com.ar\/wp-content\/uploads\/2025\/06\/D_773867-MLA75021147995_032024-F.jpg",1200,845,false],"woocommerce_thumbnail":["https:\/\/rms-enlinea.com.ar\/wp-content\/uploads\/2025\/06\/D_773867-MLA75021147995_032024-F-450x450.jpg",450,450,true],"woocommerce_single":["https:\/\/rms-enlinea.com.ar\/wp-content\/uploads\/2025\/06\/D_773867-MLA75021147995_032024-F-600x423.jpg",600,423,true],"woocommerce_gallery_thumbnail":["https:\/\/rms-enlinea.com.ar\/wp-content\/uploads\/2025\/06\/D_773867-MLA75021147995_032024-F-100x100.jpg",100,100,true]},"uagb_author_info":{"display_name":"mario","author_link":"https:\/\/rms-enlinea.com.ar\/tienda\/author\/"},"uagb_comment_info":0,"uagb_excerpt":"Cantidad de conectores floppy 1C\u00f3digo universal de producto 4719331552367Condici\u00f3n del \u00edtem NuevoModelo de la fuente GP-UD1000GM PG5Cantidad de conectores PCI-E 5Potencia de salida 1000 WTipo de refrigeraci\u00f3n AireCantidad de conectores SATA 8Marca de la fuente Gigabyte","_links":{"self":[{"href":"https:\/\/rms-enlinea.com.ar\/tienda\/wp-json\/wp\/v2\/product\/54837","targetHints":{"allow":["GET"]}}],"collection":[{"href":"https:\/\/rms-enlinea.com.ar\/tienda\/wp-json\/wp\/v2\/product"}],"about":[{"href":"https:\/\/rms-enlinea.com.ar\/tienda\/wp-json\/wp\/v2\/types\/product"}],"replies":[{"embeddable":true,"href":"https:\/\/rms-enlinea.com.ar\/tienda\/wp-json\/wp\/v2\/comments?post=54837"}],"wp:featuredmedia":[{"embeddable":true,"href":"https:\/\/rms-enlinea.com.ar\/tienda\/wp-json\/wp\/v2\/media\/18378"}],"wp:attachment":[{"href":"https:\/\/rms-enlinea.com.ar\/tienda\/wp-json\/wp\/v2\/media?parent=54837"}],"wp:term":[{"taxonomy":"product_brand","embeddable":true,"href":"https:\/\/rms-enlinea.com.ar\/tienda\/wp-json\/wp\/v2\/product_brand?post=54837"},{"taxonomy":"product_cat","embeddable":true,"href":"https:\/\/rms-enlinea.com.ar\/tienda\/wp-json\/wp\/v2\/product_cat?post=54837"},{"taxonomy":"product_tag","embeddable":true,"href":"https:\/\/rms-enlinea.com.ar\/tienda\/wp-json\/wp\/v2\/product_tag?post=54837"}],"curies":[{"name":"wp","href":"https:\/\/api.w.org\/{rel}","templated":true}]}}