{"id":54865,"date":"2025-08-22T18:00:26","date_gmt":"2025-08-22T21:00:26","guid":{"rendered":"https:\/\/rms-enlinea.com.ar\/tienda\/producto\/switch-tp-link-sg2218-16-puertos-2-sfp-omada-jetstream\/"},"modified":"2026-04-21T04:33:46","modified_gmt":"2026-04-21T07:33:46","slug":"switch-tp-link-sg2218-16-puertos-2-sfp-omada-jetstream","status":"publish","type":"product","link":"https:\/\/rms-enlinea.com.ar\/tienda\/producto\/switch-tp-link-sg2218-16-puertos-2-sfp-omada-jetstream\/","title":{"rendered":"Switch Tp-link Sg2218 16 Puertos + 2 Sfp Omada Jetstream"},"content":{"rendered":"<p>CARACTER\u00cdSTICAS DE HARDWARE<br \/>Interfaz\t\u2022 Puertos RJ45 de 16 \u00d7 10\/100\/1000 Mbps<br \/> \t\u2022 2 ranuras Gigabit SFP<br \/>Cantidad de Ventiladores\tSin ventilador<br \/>Fuente de Alimentaci\u00f3n\t100-240 V AC~50\/60 Hz<br \/>Dimensiones\t17.3 \u00d7 7.1 \u00d7 1.7 in (440 \u00d7 180 \u00d7 44 mm)<br \/>Montaje\tMontaje en rack<br \/>Consumo de Potencia M\u00e1ximo\t12.3 W (220 V\/50 Hz)<br \/>Disipaci\u00f3n m\u00e1xima de calor\t41.97 BTU\/hr<br \/>RENDIMIENTO<br \/>Capacidad de Conmutaci\u00f3n\t36 Gbps<br \/>Tasa de Reenv\u00edo de Paquetes\t26.8 Mpps<br \/>Tabla de Direcciones MAC\t8K<br \/>Jumbo Frame\t9 KB<\/p>\n","protected":false},"excerpt":{"rendered":"<p>CARACTER\u00cdSTICAS DE HARDWAREInterfaz \u2022 Puertos RJ45 de 16 \u00d7 10\/100\/1000 Mbps \u2022 2 ranuras Gigabit SFPCantidad de Ventiladores Sin ventiladorFuente de Alimentaci\u00f3n 100-240 V AC~50\/60 HzDimensiones 17.3 \u00d7 7.1 \u00d7 1.7 in (440 \u00d7 180 \u00d7 44 mm)Montaje Montaje en rackConsumo de Potencia M\u00e1ximo 12.3 W (220 V\/50 Hz)Disipaci\u00f3n m\u00e1xima de calor 41.97 BTU\/hrRENDIMIENTOCapacidad de [&hellip;]<\/p>\n","protected":false},"featured_media":5378,"comment_status":"open","ping_status":"closed","template":"","meta":{"_uag_custom_page_level_css":""},"product_brand":[546],"product_cat":[122],"product_tag":[],"class_list":{"0":"post-54865","1":"product","2":"type-product","3":"status-publish","4":"has-post-thumbnail","6":"product_brand-tplink","7":"product_cat-redes-y-conectividad","9":"first","10":"outofstock","11":"sale","12":"taxable","13":"shipping-taxable","14":"purchasable","15":"product-type-simple"},"uagb_featured_image_src":{"full":["https:\/\/rms-enlinea.com.ar\/wp-content\/uploads\/2025\/06\/D_754532-MLU74830296146_032024-F.jpg",1200,250,false],"thumbnail":["https:\/\/rms-enlinea.com.ar\/wp-content\/uploads\/2025\/06\/D_754532-MLU74830296146_032024-F-150x150.jpg",150,150,true],"medium":["https:\/\/rms-enlinea.com.ar\/wp-content\/uploads\/2025\/06\/D_754532-MLU74830296146_032024-F-300x63.jpg",300,63,true],"medium_large":["https:\/\/rms-enlinea.com.ar\/wp-content\/uploads\/2025\/06\/D_754532-MLU74830296146_032024-F-768x160.jpg",768,160,true],"large":["https:\/\/rms-enlinea.com.ar\/wp-content\/uploads\/2025\/06\/D_754532-MLU74830296146_032024-F-1024x213.jpg",1024,213,true],"1536x1536":["https:\/\/rms-enlinea.com.ar\/wp-content\/uploads\/2025\/06\/D_754532-MLU74830296146_032024-F.jpg",1200,250,false],"2048x2048":["https:\/\/rms-enlinea.com.ar\/wp-content\/uploads\/2025\/06\/D_754532-MLU74830296146_032024-F.jpg",1200,250,false],"woocommerce_thumbnail":["https:\/\/rms-enlinea.com.ar\/wp-content\/uploads\/2025\/06\/D_754532-MLU74830296146_032024-F-450x250.jpg",450,250,true],"woocommerce_single":["https:\/\/rms-enlinea.com.ar\/wp-content\/uploads\/2025\/06\/D_754532-MLU74830296146_032024-F-600x125.jpg",600,125,true],"woocommerce_gallery_thumbnail":["https:\/\/rms-enlinea.com.ar\/wp-content\/uploads\/2025\/06\/D_754532-MLU74830296146_032024-F-100x100.jpg",100,100,true]},"uagb_author_info":{"display_name":"nelson","author_link":"https:\/\/rms-enlinea.com.ar\/tienda\/author\/"},"uagb_comment_info":0,"uagb_excerpt":"CARACTER\u00cdSTICAS DE HARDWAREInterfaz \u2022 Puertos RJ45 de 16 \u00d7 10\/100\/1000 Mbps \u2022 2 ranuras Gigabit SFPCantidad de Ventiladores Sin ventiladorFuente de Alimentaci\u00f3n 100-240 V AC~50\/60 HzDimensiones 17.3 \u00d7 7.1 \u00d7 1.7 in (440 \u00d7 180 \u00d7 44 mm)Montaje Montaje en rackConsumo de Potencia M\u00e1ximo 12.3 W (220 V\/50 Hz)Disipaci\u00f3n m\u00e1xima de calor 41.97 BTU\/hrRENDIMIENTOCapacidad de&hellip;","_links":{"self":[{"href":"https:\/\/rms-enlinea.com.ar\/tienda\/wp-json\/wp\/v2\/product\/54865","targetHints":{"allow":["GET"]}}],"collection":[{"href":"https:\/\/rms-enlinea.com.ar\/tienda\/wp-json\/wp\/v2\/product"}],"about":[{"href":"https:\/\/rms-enlinea.com.ar\/tienda\/wp-json\/wp\/v2\/types\/product"}],"replies":[{"embeddable":true,"href":"https:\/\/rms-enlinea.com.ar\/tienda\/wp-json\/wp\/v2\/comments?post=54865"}],"wp:featuredmedia":[{"embeddable":true,"href":"https:\/\/rms-enlinea.com.ar\/tienda\/wp-json\/wp\/v2\/media\/5378"}],"wp:attachment":[{"href":"https:\/\/rms-enlinea.com.ar\/tienda\/wp-json\/wp\/v2\/media?parent=54865"}],"wp:term":[{"taxonomy":"product_brand","embeddable":true,"href":"https:\/\/rms-enlinea.com.ar\/tienda\/wp-json\/wp\/v2\/product_brand?post=54865"},{"taxonomy":"product_cat","embeddable":true,"href":"https:\/\/rms-enlinea.com.ar\/tienda\/wp-json\/wp\/v2\/product_cat?post=54865"},{"taxonomy":"product_tag","embeddable":true,"href":"https:\/\/rms-enlinea.com.ar\/tienda\/wp-json\/wp\/v2\/product_tag?post=54865"}],"curies":[{"name":"wp","href":"https:\/\/api.w.org\/{rel}","templated":true}]}}