{"id":54866,"date":"2025-08-22T18:21:21","date_gmt":"2025-08-22T21:21:21","guid":{"rendered":"https:\/\/rms-enlinea.com.ar\/tienda\/producto\/switch-tp-link-sg3428x-24-puertos-gigabit-4-sfp-omada\/"},"modified":"2026-02-18T18:20:59","modified_gmt":"2026-02-18T21:20:59","slug":"switch-tp-link-sg3428x-24-puertos-gigabit-4-sfp-omada","status":"publish","type":"product","link":"https:\/\/rms-enlinea.com.ar\/tienda\/producto\/switch-tp-link-sg3428x-24-puertos-gigabit-4-sfp-omada\/","title":{"rendered":"Switch Tp-link Sg3428x 24 Puertos Gigabit + 4 Sfp Omada"},"content":{"rendered":"<p>Enlace ascendente ultrarr\u00e1pido de 10 G: las ranuras SFP+ de 4 \u00d7 10 Gbps permiten conectividad de gran ancho de banda y capacidad de conmutaci\u00f3n sin bloqueo.<\/p>\n<p>Velocidades Gigabit: 24 puertos Gigabit RJ45 ofrecen conexiones confiables y de alta velocidad a otros conmutadores y dispositivos.<\/p>\n<p>Integrado en Omada SDN: Zero-Touch Provisioning (ZTP)*, gesti\u00f3n centralizada de la nube y supervisi\u00f3n inteligente.<\/p>\n","protected":false},"excerpt":{"rendered":"<p>Enlace ascendente ultrarr\u00e1pido de 10 G: las ranuras SFP+ de 4 \u00d7 10 Gbps permiten conectividad de gran ancho de banda y capacidad de conmutaci\u00f3n sin bloqueo. Velocidades Gigabit: 24 puertos Gigabit RJ45 ofrecen conexiones confiables y de alta velocidad a otros conmutadores y dispositivos. Integrado en Omada SDN: Zero-Touch Provisioning (ZTP)*, gesti\u00f3n centralizada de [&hellip;]<\/p>\n","protected":false},"featured_media":38860,"comment_status":"open","ping_status":"closed","template":"","meta":{"_uag_custom_page_level_css":""},"product_brand":[546],"product_cat":[122],"product_tag":[],"class_list":{"0":"post-54866","1":"product","2":"type-product","3":"status-publish","4":"has-post-thumbnail","6":"product_brand-tplink","7":"product_cat-redes-y-conectividad","9":"first","10":"outofstock","11":"sale","12":"taxable","13":"shipping-taxable","14":"purchasable","15":"product-type-simple"},"uagb_featured_image_src":{"full":["https:\/\/rms-enlinea.com.ar\/wp-content\/uploads\/2025\/06\/D_971248-MLU74218919603_012024-F.jpg",961,321,false],"thumbnail":["https:\/\/rms-enlinea.com.ar\/wp-content\/uploads\/2025\/06\/D_971248-MLU74218919603_012024-F-150x150.jpg",150,150,true],"medium":["https:\/\/rms-enlinea.com.ar\/wp-content\/uploads\/2025\/06\/D_971248-MLU74218919603_012024-F-300x100.jpg",300,100,true],"medium_large":["https:\/\/rms-enlinea.com.ar\/wp-content\/uploads\/2025\/06\/D_971248-MLU74218919603_012024-F-768x257.jpg",768,257,true],"large":["https:\/\/rms-enlinea.com.ar\/wp-content\/uploads\/2025\/06\/D_971248-MLU74218919603_012024-F.jpg",961,321,false],"1536x1536":["https:\/\/rms-enlinea.com.ar\/wp-content\/uploads\/2025\/06\/D_971248-MLU74218919603_012024-F.jpg",961,321,false],"2048x2048":["https:\/\/rms-enlinea.com.ar\/wp-content\/uploads\/2025\/06\/D_971248-MLU74218919603_012024-F.jpg",961,321,false],"woocommerce_thumbnail":["https:\/\/rms-enlinea.com.ar\/wp-content\/uploads\/2025\/06\/D_971248-MLU74218919603_012024-F-450x321.jpg",450,321,true],"woocommerce_single":["https:\/\/rms-enlinea.com.ar\/wp-content\/uploads\/2025\/06\/D_971248-MLU74218919603_012024-F-600x200.jpg",600,200,true],"woocommerce_gallery_thumbnail":["https:\/\/rms-enlinea.com.ar\/wp-content\/uploads\/2025\/06\/D_971248-MLU74218919603_012024-F-100x100.jpg",100,100,true]},"uagb_author_info":{"display_name":"nelson","author_link":"https:\/\/rms-enlinea.com.ar\/tienda\/author\/"},"uagb_comment_info":0,"uagb_excerpt":"Enlace ascendente ultrarr\u00e1pido de 10 G: las ranuras SFP+ de 4 \u00d7 10 Gbps permiten conectividad de gran ancho de banda y capacidad de conmutaci\u00f3n sin bloqueo. Velocidades Gigabit: 24 puertos Gigabit RJ45 ofrecen conexiones confiables y de alta velocidad a otros conmutadores y dispositivos. Integrado en Omada SDN: Zero-Touch Provisioning (ZTP)*, gesti\u00f3n centralizada de&hellip;","_links":{"self":[{"href":"https:\/\/rms-enlinea.com.ar\/tienda\/wp-json\/wp\/v2\/product\/54866","targetHints":{"allow":["GET"]}}],"collection":[{"href":"https:\/\/rms-enlinea.com.ar\/tienda\/wp-json\/wp\/v2\/product"}],"about":[{"href":"https:\/\/rms-enlinea.com.ar\/tienda\/wp-json\/wp\/v2\/types\/product"}],"replies":[{"embeddable":true,"href":"https:\/\/rms-enlinea.com.ar\/tienda\/wp-json\/wp\/v2\/comments?post=54866"}],"wp:featuredmedia":[{"embeddable":true,"href":"https:\/\/rms-enlinea.com.ar\/tienda\/wp-json\/wp\/v2\/media\/38860"}],"wp:attachment":[{"href":"https:\/\/rms-enlinea.com.ar\/tienda\/wp-json\/wp\/v2\/media?parent=54866"}],"wp:term":[{"taxonomy":"product_brand","embeddable":true,"href":"https:\/\/rms-enlinea.com.ar\/tienda\/wp-json\/wp\/v2\/product_brand?post=54866"},{"taxonomy":"product_cat","embeddable":true,"href":"https:\/\/rms-enlinea.com.ar\/tienda\/wp-json\/wp\/v2\/product_cat?post=54866"},{"taxonomy":"product_tag","embeddable":true,"href":"https:\/\/rms-enlinea.com.ar\/tienda\/wp-json\/wp\/v2\/product_tag?post=54866"}],"curies":[{"name":"wp","href":"https:\/\/api.w.org\/{rel}","templated":true}]}}