{"id":54867,"date":"2025-08-22T18:21:28","date_gmt":"2025-08-22T21:21:28","guid":{"rendered":"https:\/\/rms-enlinea.com.ar\/tienda\/producto\/switch-16-puertos-sfp-a-10-gigabit-omada-tp-link-sx3016f\/"},"modified":"2026-04-21T05:24:04","modified_gmt":"2026-04-21T08:24:04","slug":"switch-16-puertos-sfp-a-10-gigabit-omada-tp-link-sx3016f","status":"publish","type":"product","link":"https:\/\/rms-enlinea.com.ar\/tienda\/producto\/switch-16-puertos-sfp-a-10-gigabit-omada-tp-link-sx3016f\/","title":{"rendered":"Switch 16 Puertos Sfp+ A 10 Gigabit Omada Tp-link Sx3016f"},"content":{"rendered":"<p>CARACTER\u00cdSTICAS DE HARDWARE <br \/>Interfaz\t\u2022 Ranuras 16 \u00d7 10GE SFP +<br \/> \t\u2022 1 puerto de consola RJ45<br \/> \t\u2022 1 puerto de consola micro-USB<br \/>Cantidad de Ventiladores<br \/>Fuente de Alimentaci\u00f3n\t100-240 V AC~50\/60 Hz<br \/>Dimensiones\t17.3 \u00d7 8.7 \u00d7 1.7 in (440 \u00d7 220 \u00d7 44 mm)<br \/>Montaje\tMontaje en Rack<br \/>Consumo de Potencia M\u00e1ximo\t32.74 W (220 V \/ 50 Hz)<br \/>Disipaci\u00f3n m\u00e1xima de calor\t111.71 BTU\/hr (220 V \/ 50 Hz)<br \/>RENDIMIENTO\t <br \/>Capacidad de Conmutaci\u00f3n\t320 Gbps<br \/>Tasa de Reenv\u00edo de Paquetes\t238.08 Mpps<br \/>Tabla de Direcciones MAC\t32 K<br \/>Memoria del Buffer de Paquete\t24 Mbit<br \/>Jumbo Frame\t9 KB<br \/>CARACTER\u00cdSTICAS DE SOFTWARE <br \/>Calidad de Servicio\t\u2022 8 colas de prioridad<br \/> \t\u2022 Prioridad 802.1p CoS \/ DSCP<br \/> \t\u2022 Programaci\u00f3n de colas<br \/> \t&#8211; SP (prioridad estricta)<br \/> \t&#8211; WRR (Round Robin ponderado)<br \/> \t&#8211; SP + WRR<br \/> \t\u2022 Control de Ancho de Banda<br \/> \t&#8211; Limitaci\u00f3n de clasificaci\u00f3n basada en puerto \/ flujo<br \/> \t\u2022 Rendimiento m\u00e1s fluido<br \/> \t\u2022 Acci\u00f3n por los flujos<br \/> \t&#8211; Espejo (a la interfaz compatible)<br \/> \t&#8211; Redirigir (a la interfaz compatible)<br \/> \t&#8211; L\u00edmite de tarifa<br \/> \t&#8211; Observaci\u00f3n de QoS<br \/>Caracter\u00edsticas L3\t\u2022 128 interfaces IPv4 \/ IPv6<br \/> \t\u2022 Enrutamiento est\u00e1tico<br \/> \t&#8211; 48 rutas est\u00e1ticas<br \/> \t\u2022 ARP est\u00e1tico<br \/> \t&#8211; 128 entradas est\u00e1ticas<br \/> \t\u2022 Proxy ARP<br \/> \t\u2022 ARP gratuito<br \/> \t\u2022 Servidor DHCP<br \/> \t\u2022 Rel\u00e9 DHCP<br \/> \t&#8211; Rel\u00e9 de interfaz DHCP<br \/> \t&#8211; Rel\u00e9 DHCP VLAN<br \/> \t\u2022 Rel\u00e9 DHCP L2<br \/>Caracter\u00edsticas L2 y L2+\t\u2022 Agregar un link<br \/> \t&#8211; agregaci\u00f3n de enlaces est\u00e1ticos<br \/> \t&#8211; LACP 802.3ad<br \/> \t&#8211; Hasta 8 grupos de agregaci\u00f3n, que contienen 8 puertos por grupo<br \/> \t\u2022 Protocolo de \u00e1rbol de expansi\u00f3n<br \/> \t&#8211; 802.1d STP<br \/> \t&#8211; 802.1w RSTP<br \/> \t&#8211; MSTP 802.1s<br \/> \t&#8211; Seguridad STP: TC Protect, BPDU Filter, Root Protect<br \/> \t\u2022 Detecci\u00f3n de bucle invertido<br \/> \t&#8211; Basado en puerto<br \/> \t&#8211; Basado en VLAN<br \/> \t\u2022 Control de flujo<br \/> \t&#8211; Control de flujo 802.3x<br \/> \t&#8211; Prevenci\u00f3n de bloqueo HOL<br \/> \t\u2022 Reflejo<br \/> \t&#8211; Duplicaci\u00f3n de puertos<br \/> \t&#8211; Duplicaci\u00f3n de CPU<br \/> \t&#8211; Doce y cincuenta y nueve de la noche<br \/> \t&#8211; Muchos a uno<br \/> \t&#8211; Tx \/ Rx \/ Ambos<br \/>Multicast L2\t\u2022 Inspecci\u00f3n IGMP<br \/> \t&#8211; Inspecci\u00f3n IGMP v1 \/ v2 \/ v3<br \/> \t&#8211; Salida r\u00e1pida<br \/> \t&#8211; Consulta de indagaci\u00f3n IGMP<br \/> \t&#8211; Autenticaci\u00f3n IGMP<br \/> \t\u2022 Autenticaci\u00f3n IGMP<br \/> \t\u2022 Indagaci\u00f3n MLD<br \/> \t&#8211; Indagaci\u00f3n MLD v1 \/ v2<br \/> \t&#8211; Salida r\u00e1pida<br \/> \t&#8211; Consulta de indagaci\u00f3n MLD<br \/> \t&#8211; Configuraci\u00f3n de grupo est\u00e1tico<br \/> \t&#8211; Multidifusi\u00f3n IP limitada<br \/> \t\u2022 MVR<br \/> \t\u2022 Filtrado de multidifusi\u00f3n: 256 perfiles y 16 entradas por perfil<br \/>Caracter\u00edsticas Avanzadas\t\u2022 Detecci\u00f3n autom\u00e1tica de dispositivos<br \/> \t\u2022 Configuraci\u00f3n por lotes<br \/> \t\u2022 Actualizaci\u00f3n de firmware por lotes<br \/> \t\u2022 Supervisi\u00f3n de red inteligente<br \/> \t\u2022 Advertencias de eventos anormales<br \/> \t\u2022 Configuraci\u00f3n unificada<br \/> \t\u2022 Horario de reinicio<br \/>VLAN\t\u2022 Grupo de VLAN<br \/> \t&#8211; Grupos m\u00e1ximos de VLAN 4K<br \/> \t\u2022 VLAN etiquetada 802.1Q<br \/> \t\u2022 MAC VLAN: 30 entradas<br \/> \t\u2022 Protocolo VLAN: plantilla de protocolo 16, protocolo VLAN 16<br \/> \t\u2022 VLAN privada<br \/> \t\u2022 GVRP<br \/> \t\u2022 VLAN VPN (QinQ)<br \/> \t&#8211; QinQ basado en puertos<br \/> \t&#8211; QinQ selectivo<br \/> \t\u2022 VLAN de voz<br \/>Lista de Control de Acceso\t\u2022 ACL basada en el tiempo<br \/> \t\u2022 MAC ACL<br \/> \t&#8211; MAC de origen<br \/> \t&#8211; MAC de destino<br \/> \t&#8211; ID de VLAN<br \/> \t&#8211; Prioridad de usuario<br \/> \t&#8211; Tipo de \u00e9ter<br \/> \t\u2022 IP ACL<br \/> \t-IP de origen<br \/> \t&#8211; IP de destino<br \/> \t&#8211; Fragmento<br \/> \t&#8211; Protocolo IP<br \/> \t&#8211; Bandera de TCP<br \/> \t&#8211; Puerto TCP \/ UDP<br \/> \t&#8211; TOS DSCP \/ IP<br \/> \t&#8211; Prioridad de usuario<br \/> \t\u2022 ACL combinado<br \/> \t\u2022 Contenido de paquete ACL<br \/> \t\u2022 ACL de IPv6<br \/> \t\u2022 Pol\u00edtica<br \/> \t&#8211; Reflejo<br \/> \t&#8211; Redirigir<br \/> \t&#8211; L\u00edmite de tarifa<br \/> \t&#8211; Observaci\u00f3n de QoS<br \/> \t\u2022 ACL se aplica al puerto \/ VLAN<br \/>Seguridad\t\u2022 Enlace de puerto IP-MAC<br \/> \t&#8211; 512 entradas<br \/> \t&#8211; Indagaci\u00f3n DHCP<br \/> \t&#8211; Inspecci\u00f3n ARP<br \/> \t&#8211; Protecci\u00f3n de fuente IPv4: 100 entradas<br \/> \t\u2022 Enlace IPv6-MAC-Port<br \/> \t&#8211; 512 entradas<br \/> \t&#8211; Indagaci\u00f3n DHCPv6<br \/> \t&#8211; Detecci\u00f3n ND<br \/> \t&#8211; Protecci\u00f3n de fuente IPv6: 100 entradas<br \/> \t\u2022 Defensa DoS<br \/> \t\u2022 Seguridad de puerto est\u00e1tica \/ din\u00e1mica<br \/> \t&#8211; Hasta 64 direcciones MAC por puerto<br \/> \t\u2022 Control de tormentas de difusi\u00f3n \/ multidifusi\u00f3n \/ unidifusi\u00f3n<br \/> \t&#8211; modo de control de kbps \/ relaci\u00f3n<br \/> \t\u2022 802.1X<br \/> \t&#8211; Autenticaci\u00f3n de base de puerto<br \/> \t&#8211; Autenticaci\u00f3n de base de Mac<br \/> \t&#8211; Asignaci\u00f3n de VLAN<br \/> \t&#8211; MAB<br \/> \t&#8211; VLAN de invitado<br \/> \t&#8211; Admite autenticaci\u00f3n y rendici\u00f3n de cuentas de Radius<br \/> \t\u2022 AAA (incluido TACACS +)<br \/> \t\u2022 Aislamiento de puertos<br \/> \t\u2022 Gesti\u00f3n web segura a trav\u00e9s de https con SSLv3 \/ TLS 1.2<br \/> \t\u2022 Gesti\u00f3n segura de la interfaz de l\u00ednea de comandos (CLI) con SSHv1 \/ SSHv2<br \/> \t\u2022 Control de acceso basado en IP \/ Puerto \/ MAC<br \/>IPv6\t\u2022 IPv6 doble IPv4 \/ IPv6<br \/> \t\u2022 Detecci\u00f3n de detecci\u00f3n de escucha de multidifusi\u00f3n (MLD)<br \/> \t\u2022 ACL de IPv6<br \/> \t\u2022 Interfaz IPv6<br \/> \t\u2022 Enrutamiento IPv6 est\u00e1tico<br \/> \t\u2022 Descubrimiento de vecinos IPv6 (ND)<br \/> \t\u2022 Descubrimiento de la unidad de transmisi\u00f3n m\u00e1xima de ruta (MTU)<br \/> \t\u2022 Protocolo de mensajes de control de Internet (ICMP) versi\u00f3n 6<br \/> \t\u2022 TCPv6 \/ UDPv6<br \/> \t\u2022 Aplicaciones IPv6<br \/> \t&#8211; Cliente DHCPv6<br \/> \t&#8211; Ping6<br \/> \t&#8211; Tracert6<br \/> \t&#8211; Telnet (v6)<br \/> \t&#8211; IPv6 SNMP<br \/> \t&#8211; IPv6 SSH<br \/> \t&#8211; SSL IPv6<br \/> \t&#8211; http \/ https<br \/> \t&#8211; IPv6 TFTP<br \/>MIBs\t\u2022 MIB II (RFC1213)<br \/> \t\u2022 Interfaz MIB (RFC2233)<br \/> \t\u2022 Interfaz Ethernet MIB (RFC1643)<br \/> \t\u2022 Puente MIB (RFC1493)<br \/> \t\u2022 P \/ Q-Bridge MIB (RFC2674)<br \/> \t\u2022 RMON MIB (RFC2819)<br \/> \t\u2022 RMON2 MIB (RFC2021)<br \/> \t\u2022 MIB de cliente de contabilidad Radius (RFC2620)<br \/> \t\u2022 MIB de cliente de autenticaci\u00f3n Radius (RFC2618)<br \/> \t\u2022 Ping remoto, Traceroute MIB (RFC2925)<br \/> \t\u2022 Admite MIB privado TP-Link<br \/>GESTI\u00d3N <br \/>Omada App\tYes. Requiring the use of OC300, OC200, Omada Cloud-Based Controller, or Omada Software Controller.<br \/>Gesti\u00f3n Centralizada\t\u2022 Controlador basado en la nube Omada<br \/> \t\u2022 Controlador de hardware Omada (OC300)<br \/> \t\u2022 Controlador de hardware Omada (OC200)<br \/> \t\u2022 Controlador de software Omada<br \/>Acceso a la nube\tS\u00ed. Requiere el uso de OC300, OC200, controlador basado en la nube Omada o controlador de software Omada.<br \/>Aprovisionamiento sin contacto\tS\u00ed. Requiere el uso del controlador basado en la nube de Omada.<br \/>Funciones de gesti\u00f3n\t\u2022 Interfaz gr\u00e1fica de usuario basada en web<br \/> \t\u2022 Interfaz de l\u00ednea de comandos (CLI) a trav\u00e9s del puerto de la consola, telnet<br \/> \t\u2022 SNMP v1\/v2c\/v3<br \/> \t&#8211; Trampa\/Informar<br \/> \t&#8211; RMON (1,2,3,9 grupos)<br \/> \t\u2022 Plantilla MDF<br \/> \t\u2022 Cliente DHCP\/BOOTP<br \/> \t\u2022 802.1ab LLDP\/LLDP-MED<br \/> \t\u2022 Instalaci\u00f3n autom\u00e1tica de DHCP<br \/> \t\u2022 Imagen dual, configuraci\u00f3n dual<br \/> \t\u2022 Supervisi\u00f3n de CPU<br \/> \t\u2022 Diagn\u00f3stico de cables<br \/> \t\u2022 AEE<br \/> \t\u2022 Recuperaci\u00f3n de contrase\u00f1a<br \/> \t\u2022 SNTP<br \/> \t\u2022 Registro del sistema<\/p>\n","protected":false},"excerpt":{"rendered":"<p>CARACTER\u00cdSTICAS DE HARDWARE Interfaz \u2022 Ranuras 16 \u00d7 10GE SFP + \u2022 1 puerto de consola RJ45 \u2022 1 puerto de consola micro-USBCantidad de VentiladoresFuente de Alimentaci\u00f3n 100-240 V AC~50\/60 HzDimensiones 17.3 \u00d7 8.7 \u00d7 1.7 in (440 \u00d7 220 \u00d7 44 mm)Montaje Montaje en RackConsumo de Potencia M\u00e1ximo 32.74 W (220 V \/ 50 [&hellip;]<\/p>\n","protected":false},"featured_media":54868,"comment_status":"open","ping_status":"closed","template":"","meta":{"_uag_custom_page_level_css":""},"product_brand":[546],"product_cat":[122],"product_tag":[],"class_list":{"0":"post-54867","1":"product","2":"type-product","3":"status-publish","4":"has-post-thumbnail","6":"product_brand-tplink","7":"product_cat-redes-y-conectividad","9":"first","10":"outofstock","11":"sale","12":"taxable","13":"shipping-taxable","14":"purchasable","15":"product-type-simple"},"uagb_featured_image_src":{"full":["https:\/\/rms-enlinea.com.ar\/wp-content\/uploads\/2025\/08\/D_837854-MLA90768470589_082025-F.jpg",1001,191,false],"thumbnail":["https:\/\/rms-enlinea.com.ar\/wp-content\/uploads\/2025\/08\/D_837854-MLA90768470589_082025-F-150x150.jpg",150,150,true],"medium":["https:\/\/rms-enlinea.com.ar\/wp-content\/uploads\/2025\/08\/D_837854-MLA90768470589_082025-F-300x57.jpg",300,57,true],"medium_large":["https:\/\/rms-enlinea.com.ar\/wp-content\/uploads\/2025\/08\/D_837854-MLA90768470589_082025-F-768x147.jpg",768,147,true],"large":["https:\/\/rms-enlinea.com.ar\/wp-content\/uploads\/2025\/08\/D_837854-MLA90768470589_082025-F.jpg",1001,191,false],"1536x1536":["https:\/\/rms-enlinea.com.ar\/wp-content\/uploads\/2025\/08\/D_837854-MLA90768470589_082025-F.jpg",1001,191,false],"2048x2048":["https:\/\/rms-enlinea.com.ar\/wp-content\/uploads\/2025\/08\/D_837854-MLA90768470589_082025-F.jpg",1001,191,false],"woocommerce_thumbnail":["https:\/\/rms-enlinea.com.ar\/wp-content\/uploads\/2025\/08\/D_837854-MLA90768470589_082025-F-450x191.jpg",450,191,true],"woocommerce_single":["https:\/\/rms-enlinea.com.ar\/wp-content\/uploads\/2025\/08\/D_837854-MLA90768470589_082025-F-600x114.jpg",600,114,true],"woocommerce_gallery_thumbnail":["https:\/\/rms-enlinea.com.ar\/wp-content\/uploads\/2025\/08\/D_837854-MLA90768470589_082025-F-100x100.jpg",100,100,true]},"uagb_author_info":{"display_name":"nelson","author_link":"https:\/\/rms-enlinea.com.ar\/tienda\/author\/"},"uagb_comment_info":0,"uagb_excerpt":"CARACTER\u00cdSTICAS DE HARDWARE Interfaz \u2022 Ranuras 16 \u00d7 10GE SFP + \u2022 1 puerto de consola RJ45 \u2022 1 puerto de consola micro-USBCantidad de VentiladoresFuente de Alimentaci\u00f3n 100-240 V AC~50\/60 HzDimensiones 17.3 \u00d7 8.7 \u00d7 1.7 in (440 \u00d7 220 \u00d7 44 mm)Montaje Montaje en RackConsumo de Potencia M\u00e1ximo 32.74 W (220 V \/ 50&hellip;","_links":{"self":[{"href":"https:\/\/rms-enlinea.com.ar\/tienda\/wp-json\/wp\/v2\/product\/54867","targetHints":{"allow":["GET"]}}],"collection":[{"href":"https:\/\/rms-enlinea.com.ar\/tienda\/wp-json\/wp\/v2\/product"}],"about":[{"href":"https:\/\/rms-enlinea.com.ar\/tienda\/wp-json\/wp\/v2\/types\/product"}],"replies":[{"embeddable":true,"href":"https:\/\/rms-enlinea.com.ar\/tienda\/wp-json\/wp\/v2\/comments?post=54867"}],"wp:featuredmedia":[{"embeddable":true,"href":"https:\/\/rms-enlinea.com.ar\/tienda\/wp-json\/wp\/v2\/media\/54868"}],"wp:attachment":[{"href":"https:\/\/rms-enlinea.com.ar\/tienda\/wp-json\/wp\/v2\/media?parent=54867"}],"wp:term":[{"taxonomy":"product_brand","embeddable":true,"href":"https:\/\/rms-enlinea.com.ar\/tienda\/wp-json\/wp\/v2\/product_brand?post=54867"},{"taxonomy":"product_cat","embeddable":true,"href":"https:\/\/rms-enlinea.com.ar\/tienda\/wp-json\/wp\/v2\/product_cat?post=54867"},{"taxonomy":"product_tag","embeddable":true,"href":"https:\/\/rms-enlinea.com.ar\/tienda\/wp-json\/wp\/v2\/product_tag?post=54867"}],"curies":[{"name":"wp","href":"https:\/\/api.w.org\/{rel}","templated":true}]}}