{"id":54870,"date":"2025-08-22T18:21:53","date_gmt":"2025-08-22T21:21:53","guid":{"rendered":"https:\/\/rms-enlinea.com.ar\/tienda\/producto\/switch-16-puertos-1-gigabit-tp-link-ds1016g-omada-rackeable\/"},"modified":"2026-04-14T16:40:39","modified_gmt":"2026-04-14T19:40:39","slug":"switch-16-puertos-1-gigabit-tp-link-ds1016g-omada-rackeable","status":"publish","type":"product","link":"https:\/\/rms-enlinea.com.ar\/tienda\/producto\/switch-16-puertos-1-gigabit-tp-link-ds1016g-omada-rackeable\/","title":{"rendered":"Switch 16 Puertos 1 Gigabit Tp-link Ds1016g Omada Rackeable"},"content":{"rendered":"<p>CARACTER\u00cdSTICAS DEL HARDWARE<br \/>Normas y protocolos\tIEEE 802.3i, IEEE 802.3u, IEEE 802.3ab, IEEE 802.3x, IEEE 802.1p<br \/>Interfaz\t16 puertos RJ45 de 10\/100\/1000 Mbps (negociaci\u00f3n autom\u00e1tica\/MDI\/MDIX autom\u00e1tico)<br \/>Medios de comunicaci\u00f3n en red\t10BASE-T: cable UTP de categor\u00eda 3, 4, 5 (m\u00e1ximo 100 m) 100BASE-TX\/1000BASE-T: cable UTP de categor\u00eda 5, 5e o superior (m\u00e1ximo 100 m)<br \/>Cantidad de fans\tSin ventilador<br \/>Cerradura de seguridad f\u00edsica\tS\u00ed<br \/>Fuente de alimentaci\u00f3n\t100-240 V CA, 50\/60 Hz<br \/>Dimensiones (Ancho x Profundidad x Alto)\t17,3 \u00d7 5,5 \u00d7 1,7 pulgadas (440 \u00d7 140 \u00d7 44 mm)<br \/>Montaje\tMontaje en rack<br \/>Consumo m\u00e1ximo de energ\u00eda\t10,68 W (220 V\/50 Hz)<br \/>Disipaci\u00f3n m\u00e1xima de calor\t36,31 BTU\/h<br \/>ACTUACI\u00d3N<br \/>Capacidad de conmutaci\u00f3n\t32 Gbps<br \/>Tasa de reenv\u00edo de paquetes\t23,8 Mpps<br \/>Tabla de direcciones MAC\t8K<br \/>Marco gigante\t10 KB<br \/>CARACTER\u00cdSTICAS DEL SOFTWARE<br \/>Funciones avanzadas\t\u2022 Modo de aislamiento: Puertos 1-14 <br \/> \t\u2022 Prevenci\u00f3n de bucles: Puertos 1-16<br \/> \t\u2022 QoS 802.1P\/DSCP<br \/> \t\u2022 Tecnolog\u00eda Ethernet ecol\u00f3gica<br \/>M\u00e9todo de transmisi\u00f3n\tAlmacenar y reenviar<\/p>\n","protected":false},"excerpt":{"rendered":"<p>CARACTER\u00cdSTICAS DEL HARDWARENormas y protocolos IEEE 802.3i, IEEE 802.3u, IEEE 802.3ab, IEEE 802.3x, IEEE 802.1pInterfaz 16 puertos RJ45 de 10\/100\/1000 Mbps (negociaci\u00f3n autom\u00e1tica\/MDI\/MDIX autom\u00e1tico)Medios de comunicaci\u00f3n en red 10BASE-T: cable UTP de categor\u00eda 3, 4, 5 (m\u00e1ximo 100 m) 100BASE-TX\/1000BASE-T: cable UTP de categor\u00eda 5, 5e o superior (m\u00e1ximo 100 m)Cantidad de fans Sin ventiladorCerradura [&hellip;]<\/p>\n","protected":false},"featured_media":54871,"comment_status":"open","ping_status":"closed","template":"","meta":{"_uag_custom_page_level_css":""},"product_brand":[546],"product_cat":[122],"product_tag":[],"class_list":{"0":"post-54870","1":"product","2":"type-product","3":"status-publish","4":"has-post-thumbnail","6":"product_brand-tplink","7":"product_cat-redes-y-conectividad","9":"first","10":"outofstock","11":"sale","12":"taxable","13":"shipping-taxable","14":"purchasable","15":"product-type-simple"},"uagb_featured_image_src":{"full":["https:\/\/rms-enlinea.com.ar\/wp-content\/uploads\/2025\/08\/D_748230-MLA90768819521_082025-F.jpg",1200,204,false],"thumbnail":["https:\/\/rms-enlinea.com.ar\/wp-content\/uploads\/2025\/08\/D_748230-MLA90768819521_082025-F-150x150.jpg",150,150,true],"medium":["https:\/\/rms-enlinea.com.ar\/wp-content\/uploads\/2025\/08\/D_748230-MLA90768819521_082025-F-300x51.jpg",300,51,true],"medium_large":["https:\/\/rms-enlinea.com.ar\/wp-content\/uploads\/2025\/08\/D_748230-MLA90768819521_082025-F-768x131.jpg",768,131,true],"large":["https:\/\/rms-enlinea.com.ar\/wp-content\/uploads\/2025\/08\/D_748230-MLA90768819521_082025-F-1024x174.jpg",1024,174,true],"1536x1536":["https:\/\/rms-enlinea.com.ar\/wp-content\/uploads\/2025\/08\/D_748230-MLA90768819521_082025-F.jpg",1200,204,false],"2048x2048":["https:\/\/rms-enlinea.com.ar\/wp-content\/uploads\/2025\/08\/D_748230-MLA90768819521_082025-F.jpg",1200,204,false],"woocommerce_thumbnail":["https:\/\/rms-enlinea.com.ar\/wp-content\/uploads\/2025\/08\/D_748230-MLA90768819521_082025-F-450x204.jpg",450,204,true],"woocommerce_single":["https:\/\/rms-enlinea.com.ar\/wp-content\/uploads\/2025\/08\/D_748230-MLA90768819521_082025-F-600x102.jpg",600,102,true],"woocommerce_gallery_thumbnail":["https:\/\/rms-enlinea.com.ar\/wp-content\/uploads\/2025\/08\/D_748230-MLA90768819521_082025-F-100x100.jpg",100,100,true]},"uagb_author_info":{"display_name":"nelson","author_link":"https:\/\/rms-enlinea.com.ar\/tienda\/author\/"},"uagb_comment_info":0,"uagb_excerpt":"CARACTER\u00cdSTICAS DEL HARDWARENormas y protocolos IEEE 802.3i, IEEE 802.3u, IEEE 802.3ab, IEEE 802.3x, IEEE 802.1pInterfaz 16 puertos RJ45 de 10\/100\/1000 Mbps (negociaci\u00f3n autom\u00e1tica\/MDI\/MDIX autom\u00e1tico)Medios de comunicaci\u00f3n en red 10BASE-T: cable UTP de categor\u00eda 3, 4, 5 (m\u00e1ximo 100 m) 100BASE-TX\/1000BASE-T: cable UTP de categor\u00eda 5, 5e o superior (m\u00e1ximo 100 m)Cantidad de fans Sin ventiladorCerradura&hellip;","_links":{"self":[{"href":"https:\/\/rms-enlinea.com.ar\/tienda\/wp-json\/wp\/v2\/product\/54870","targetHints":{"allow":["GET"]}}],"collection":[{"href":"https:\/\/rms-enlinea.com.ar\/tienda\/wp-json\/wp\/v2\/product"}],"about":[{"href":"https:\/\/rms-enlinea.com.ar\/tienda\/wp-json\/wp\/v2\/types\/product"}],"replies":[{"embeddable":true,"href":"https:\/\/rms-enlinea.com.ar\/tienda\/wp-json\/wp\/v2\/comments?post=54870"}],"wp:featuredmedia":[{"embeddable":true,"href":"https:\/\/rms-enlinea.com.ar\/tienda\/wp-json\/wp\/v2\/media\/54871"}],"wp:attachment":[{"href":"https:\/\/rms-enlinea.com.ar\/tienda\/wp-json\/wp\/v2\/media?parent=54870"}],"wp:term":[{"taxonomy":"product_brand","embeddable":true,"href":"https:\/\/rms-enlinea.com.ar\/tienda\/wp-json\/wp\/v2\/product_brand?post=54870"},{"taxonomy":"product_cat","embeddable":true,"href":"https:\/\/rms-enlinea.com.ar\/tienda\/wp-json\/wp\/v2\/product_cat?post=54870"},{"taxonomy":"product_tag","embeddable":true,"href":"https:\/\/rms-enlinea.com.ar\/tienda\/wp-json\/wp\/v2\/product_tag?post=54870"}],"curies":[{"name":"wp","href":"https:\/\/api.w.org\/{rel}","templated":true}]}}