{"id":54878,"date":"2025-08-22T18:22:22","date_gmt":"2025-08-22T21:22:22","guid":{"rendered":"https:\/\/rms-enlinea.com.ar\/tienda\/producto\/switch-8-puertos-gigabit-tp-link-tl-sg1008p-4-puertos-poe\/"},"modified":"2026-04-06T12:18:09","modified_gmt":"2026-04-06T15:18:09","slug":"switch-8-puertos-gigabit-tp-link-tl-sg1008p-4-puertos-poe","status":"publish","type":"product","link":"https:\/\/rms-enlinea.com.ar\/tienda\/producto\/switch-8-puertos-gigabit-tp-link-tl-sg1008p-4-puertos-poe\/","title":{"rendered":"Switch 8 Puertos Gigabit Tp-link Tl-sg1008p 4 Puertos Poe"},"content":{"rendered":"<p>8 Puertos 10\/100\/1000 Mbps RJ45.<br \/>4 Puertos PoE+ transfieren datos y energ\u00eda a trav\u00e9s de cables individuales.<br \/>Compatible con dispositivos PD que cumplen con IEEE 802.3af\/at.<br \/>Plug and Play, no se requiere configuraci\u00f3n ni instalaci\u00f3n.<br \/>QoS 802.1p\/DSCP para un tr\u00e1fico fluido y sensible a la latencia.<br \/>Admite potencia PoE de hasta 30 W para cada puerto PoE.<br \/>Admite potencia PoE de hasta 64 W para todos los puertos PoE*.<br \/>Hasta 250 m de alcance de transmisi\u00f3n de datos y energ\u00eda en el Modo de Extensi\u00f3n**<br \/>La Recuperaci\u00f3n Autom\u00e1tica de PoE garantiza la operaci\u00f3n estable de los dispositivos PoE al reiniciar autom\u00e1ticamente los dispositivos PD que se desconecten o no respondan.<\/p>\n","protected":false},"excerpt":{"rendered":"<p>8 Puertos 10\/100\/1000 Mbps RJ45.4 Puertos PoE+ transfieren datos y energ\u00eda a trav\u00e9s de cables individuales.Compatible con dispositivos PD que cumplen con IEEE 802.3af\/at.Plug and Play, no se requiere configuraci\u00f3n ni instalaci\u00f3n.QoS 802.1p\/DSCP para un tr\u00e1fico fluido y sensible a la latencia.Admite potencia PoE de hasta 30 W para cada puerto PoE.Admite potencia PoE de [&hellip;]<\/p>\n","protected":false},"featured_media":32556,"comment_status":"open","ping_status":"closed","template":"","meta":{"_uag_custom_page_level_css":""},"product_brand":[546],"product_cat":[122],"product_tag":[],"class_list":{"0":"post-54878","1":"product","2":"type-product","3":"status-publish","4":"has-post-thumbnail","6":"product_brand-tplink","7":"product_cat-redes-y-conectividad","9":"first","10":"outofstock","11":"sale","12":"taxable","13":"shipping-taxable","14":"purchasable","15":"product-type-simple"},"uagb_featured_image_src":{"full":["https:\/\/rms-enlinea.com.ar\/wp-content\/uploads\/2025\/06\/D_656775-MLA74652496110_022024-F.jpg",1200,349,false],"thumbnail":["https:\/\/rms-enlinea.com.ar\/wp-content\/uploads\/2025\/06\/D_656775-MLA74652496110_022024-F-150x150.jpg",150,150,true],"medium":["https:\/\/rms-enlinea.com.ar\/wp-content\/uploads\/2025\/06\/D_656775-MLA74652496110_022024-F-300x87.jpg",300,87,true],"medium_large":["https:\/\/rms-enlinea.com.ar\/wp-content\/uploads\/2025\/06\/D_656775-MLA74652496110_022024-F-768x223.jpg",768,223,true],"large":["https:\/\/rms-enlinea.com.ar\/wp-content\/uploads\/2025\/06\/D_656775-MLA74652496110_022024-F-1024x298.jpg",1024,298,true],"1536x1536":["https:\/\/rms-enlinea.com.ar\/wp-content\/uploads\/2025\/06\/D_656775-MLA74652496110_022024-F.jpg",1200,349,false],"2048x2048":["https:\/\/rms-enlinea.com.ar\/wp-content\/uploads\/2025\/06\/D_656775-MLA74652496110_022024-F.jpg",1200,349,false],"woocommerce_thumbnail":["https:\/\/rms-enlinea.com.ar\/wp-content\/uploads\/2025\/06\/D_656775-MLA74652496110_022024-F-450x349.jpg",450,349,true],"woocommerce_single":["https:\/\/rms-enlinea.com.ar\/wp-content\/uploads\/2025\/06\/D_656775-MLA74652496110_022024-F-600x175.jpg",600,175,true],"woocommerce_gallery_thumbnail":["https:\/\/rms-enlinea.com.ar\/wp-content\/uploads\/2025\/06\/D_656775-MLA74652496110_022024-F-100x100.jpg",100,100,true]},"uagb_author_info":{"display_name":"nelson","author_link":"https:\/\/rms-enlinea.com.ar\/tienda\/author\/"},"uagb_comment_info":0,"uagb_excerpt":"8 Puertos 10\/100\/1000 Mbps RJ45.4 Puertos PoE+ transfieren datos y energ\u00eda a trav\u00e9s de cables individuales.Compatible con dispositivos PD que cumplen con IEEE 802.3af\/at.Plug and Play, no se requiere configuraci\u00f3n ni instalaci\u00f3n.QoS 802.1p\/DSCP para un tr\u00e1fico fluido y sensible a la latencia.Admite potencia PoE de hasta 30 W para cada puerto PoE.Admite potencia PoE de&hellip;","_links":{"self":[{"href":"https:\/\/rms-enlinea.com.ar\/tienda\/wp-json\/wp\/v2\/product\/54878","targetHints":{"allow":["GET"]}}],"collection":[{"href":"https:\/\/rms-enlinea.com.ar\/tienda\/wp-json\/wp\/v2\/product"}],"about":[{"href":"https:\/\/rms-enlinea.com.ar\/tienda\/wp-json\/wp\/v2\/types\/product"}],"replies":[{"embeddable":true,"href":"https:\/\/rms-enlinea.com.ar\/tienda\/wp-json\/wp\/v2\/comments?post=54878"}],"wp:featuredmedia":[{"embeddable":true,"href":"https:\/\/rms-enlinea.com.ar\/tienda\/wp-json\/wp\/v2\/media\/32556"}],"wp:attachment":[{"href":"https:\/\/rms-enlinea.com.ar\/tienda\/wp-json\/wp\/v2\/media?parent=54878"}],"wp:term":[{"taxonomy":"product_brand","embeddable":true,"href":"https:\/\/rms-enlinea.com.ar\/tienda\/wp-json\/wp\/v2\/product_brand?post=54878"},{"taxonomy":"product_cat","embeddable":true,"href":"https:\/\/rms-enlinea.com.ar\/tienda\/wp-json\/wp\/v2\/product_cat?post=54878"},{"taxonomy":"product_tag","embeddable":true,"href":"https:\/\/rms-enlinea.com.ar\/tienda\/wp-json\/wp\/v2\/product_tag?post=54878"}],"curies":[{"name":"wp","href":"https:\/\/api.w.org\/{rel}","templated":true}]}}