{"id":54891,"date":"2025-08-23T03:20:46","date_gmt":"2025-08-23T06:20:46","guid":{"rendered":"https:\/\/rms-enlinea.com.ar\/tienda\/producto\/bafle-potenciado-8-150w-rms-ampro-tecshow-bambt-800a\/"},"modified":"2026-03-31T20:11:40","modified_gmt":"2026-03-31T23:11:40","slug":"bafle-potenciado-8-150w-rms-ampro-tecshow-bambt-800a","status":"publish","type":"product","link":"https:\/\/rms-enlinea.com.ar\/tienda\/producto\/bafle-potenciado-8-150w-rms-ampro-tecshow-bambt-800a\/","title":{"rendered":"Bafle Potenciado 8 150w Rms Ampro Tecshow Bambt-800a"},"content":{"rendered":"<p>Altoparlante autoamplificado de 2 v\u00edas con control v\u00eda Bluetooth estereo<br \/>Bam BT-800A es un altavoz autoamplificado con un parlante de 8&#8243; con doble bobina, un driver de compresi\u00f3n de 1&#8243; y una salida de potencia de 150W RMS con una respuesta de frecuencia de 60Hz -18 kHz (\u20133 dB). La unidad est\u00e1 equipada con 3 controles de nivel, un control de volumen principal, ecualizador de 2 bandas y control v\u00eda Bluetooth. Bam BT-800A tiene un gabinete de copol\u00edmero resistente al impacto, es ideal para aplicaciones m\u00f3viles o comerciales y, debido a su dise\u00f1o, se puede utilizar como monitor de sonido y refuerzo sonoro. La unidad viene con entradas\/salidas RCA, XLR\/1\/4&#8243; y salida de Plug 1\/4&#8243;<\/p>\n<p>COMPONENTES<br \/>&#8211; BF: ALTAVOZ DE 8&#8243; CON DOBLE BOBINA<br \/>&#8211; AF: DRIVER DE COMPRESI\u00d3N DE 1&#8243;<\/p>\n<p>CARACTER\u00cdSTICAS<br \/>SISTEMA AUTOAMPLIFICADO A DOS V\u00cdAS DE 8&#8243;<br \/>SALIDA DE POTENCIA: 150W RMS<br \/>PICO SPL @ 1M: 126 DB<br \/>DISPERSI\u00d3N NOMINAL (HXV): 100\u00baX60\u00ba<\/p>\n<p>AMPLIFICADOR &amp; CONTROL<br \/>SALIDA DE POTENCIA:<br \/>&#8211; BF: 100W<br \/>&#8211; AF: 50W<br \/>FRECUENCIA DE CROSSOVER : 3KHZ<br \/>RESPUESTA DE FRECUENCIA: (-10DB): 55HZ-20KHZ<br \/>THD: MENOS QUE 0.1% @ POTENCIA NOMINAL<br \/>IMPEDANCIA DE SALIDA: 64KOHM (BALANCEADO) &amp; 32KOHM (DESBALANCEADO)<br \/>INDICADOR DE PICO<br \/>CONTROL: VOLUMEN PRINCIPAL, NIVEL MP3, MIC, NIVELES DE L\u00cdNEA &amp; ECUALIZACI\u00d3N A 2 BANDAS<br \/>CONECTIVIDAD BLUETOOTH STEREO<\/p>\n<p>CONECTORES<br \/>2 ENTRADAS XLR<br \/>1 ENTRADA RCA<br \/>1 ENTRADA PLUG 1\/4&#8243; TRS<br \/>1 SALIDA PLUG 1\/4&#8243; TRS<\/p>\n<p>F\u00cdSICO<br \/>DIMENSIONES: 410X280X210 MM. \/ 16.2X11X8.3 PULG.<br \/>PESO: 7 KG. \/ 15.4 LBS.<\/p>\n","protected":false},"excerpt":{"rendered":"<p>Altoparlante autoamplificado de 2 v\u00edas con control v\u00eda Bluetooth estereoBam BT-800A es un altavoz autoamplificado con un parlante de 8&#8243; con doble bobina, un driver de compresi\u00f3n de 1&#8243; y una salida de potencia de 150W RMS con una respuesta de frecuencia de 60Hz -18 kHz (\u20133 dB). La unidad est\u00e1 equipada con 3 controles [&hellip;]<\/p>\n","protected":false},"featured_media":54892,"comment_status":"open","ping_status":"closed","template":"","meta":{"_uag_custom_page_level_css":""},"product_brand":[477],"product_cat":[36,15],"product_tag":[],"class_list":{"0":"post-54891","1":"product","2":"type-product","3":"status-publish","4":"has-post-thumbnail","6":"product_brand-ampro","7":"product_cat-bafles","8":"product_cat-sin-categorizar","10":"first","11":"outofstock","12":"sale","13":"taxable","14":"shipping-taxable","15":"purchasable","16":"product-type-simple"},"uagb_featured_image_src":{"full":["https:\/\/rms-enlinea.com.ar\/wp-content\/uploads\/2025\/08\/D_751251-MLA90787142475_082025-F.jpg",779,1200,false],"thumbnail":["https:\/\/rms-enlinea.com.ar\/wp-content\/uploads\/2025\/08\/D_751251-MLA90787142475_082025-F-150x150.jpg",150,150,true],"medium":["https:\/\/rms-enlinea.com.ar\/wp-content\/uploads\/2025\/08\/D_751251-MLA90787142475_082025-F-195x300.jpg",195,300,true],"medium_large":["https:\/\/rms-enlinea.com.ar\/wp-content\/uploads\/2025\/08\/D_751251-MLA90787142475_082025-F-768x1183.jpg",768,1183,true],"large":["https:\/\/rms-enlinea.com.ar\/wp-content\/uploads\/2025\/08\/D_751251-MLA90787142475_082025-F-665x1024.jpg",665,1024,true],"1536x1536":["https:\/\/rms-enlinea.com.ar\/wp-content\/uploads\/2025\/08\/D_751251-MLA90787142475_082025-F.jpg",779,1200,false],"2048x2048":["https:\/\/rms-enlinea.com.ar\/wp-content\/uploads\/2025\/08\/D_751251-MLA90787142475_082025-F.jpg",779,1200,false],"woocommerce_thumbnail":["https:\/\/rms-enlinea.com.ar\/wp-content\/uploads\/2025\/08\/D_751251-MLA90787142475_082025-F-450x450.jpg",450,450,true],"woocommerce_single":["https:\/\/rms-enlinea.com.ar\/wp-content\/uploads\/2025\/08\/D_751251-MLA90787142475_082025-F-600x924.jpg",600,924,true],"woocommerce_gallery_thumbnail":["https:\/\/rms-enlinea.com.ar\/wp-content\/uploads\/2025\/08\/D_751251-MLA90787142475_082025-F-100x100.jpg",100,100,true]},"uagb_author_info":{"display_name":"nelson","author_link":"https:\/\/rms-enlinea.com.ar\/tienda\/author\/"},"uagb_comment_info":0,"uagb_excerpt":"Altoparlante autoamplificado de 2 v\u00edas con control v\u00eda Bluetooth estereoBam BT-800A es un altavoz autoamplificado con un parlante de 8&#8243; con doble bobina, un driver de compresi\u00f3n de 1&#8243; y una salida de potencia de 150W RMS con una respuesta de frecuencia de 60Hz -18 kHz (\u20133 dB). La unidad est\u00e1 equipada con 3 controles&hellip;","_links":{"self":[{"href":"https:\/\/rms-enlinea.com.ar\/tienda\/wp-json\/wp\/v2\/product\/54891","targetHints":{"allow":["GET"]}}],"collection":[{"href":"https:\/\/rms-enlinea.com.ar\/tienda\/wp-json\/wp\/v2\/product"}],"about":[{"href":"https:\/\/rms-enlinea.com.ar\/tienda\/wp-json\/wp\/v2\/types\/product"}],"replies":[{"embeddable":true,"href":"https:\/\/rms-enlinea.com.ar\/tienda\/wp-json\/wp\/v2\/comments?post=54891"}],"wp:featuredmedia":[{"embeddable":true,"href":"https:\/\/rms-enlinea.com.ar\/tienda\/wp-json\/wp\/v2\/media\/54892"}],"wp:attachment":[{"href":"https:\/\/rms-enlinea.com.ar\/tienda\/wp-json\/wp\/v2\/media?parent=54891"}],"wp:term":[{"taxonomy":"product_brand","embeddable":true,"href":"https:\/\/rms-enlinea.com.ar\/tienda\/wp-json\/wp\/v2\/product_brand?post=54891"},{"taxonomy":"product_cat","embeddable":true,"href":"https:\/\/rms-enlinea.com.ar\/tienda\/wp-json\/wp\/v2\/product_cat?post=54891"},{"taxonomy":"product_tag","embeddable":true,"href":"https:\/\/rms-enlinea.com.ar\/tienda\/wp-json\/wp\/v2\/product_tag?post=54891"}],"curies":[{"name":"wp","href":"https:\/\/api.w.org\/{rel}","templated":true}]}}