{"id":54899,"date":"2025-08-23T10:30:59","date_gmt":"2025-08-23T13:30:59","guid":{"rendered":"https:\/\/rms-enlinea.com.ar\/tienda\/producto\/switch-tp-link-tl-sg1005d-5-puertos-gigabit-1000mbps\/"},"modified":"2026-04-21T06:47:37","modified_gmt":"2026-04-21T09:47:37","slug":"switch-tp-link-tl-sg1005d-5-puertos-gigabit-1000mbps","status":"publish","type":"product","link":"https:\/\/rms-enlinea.com.ar\/tienda\/producto\/switch-tp-link-tl-sg1005d-5-puertos-gigabit-1000mbps\/","title":{"rendered":"Switch Tp-link Tl-sg1005d 5 Puertos Gigabit 1000mbps"},"content":{"rendered":"<p>CARACTER\u00cdSTICAS DE HARDWARE <br \/>Interfaz\t5 puertos RJ45 a 10\/100\/1000 Mbps<br \/> \tNegociaci\u00f3n autom\u00e1tica, MDI\/MDIX autom\u00e1tico<br \/>Cantidad de Ventiladores\tSin ventilador<br \/>Bloqueo de Seguridad F\u00edsico\tNo<br \/>Fuente de Alimentaci\u00f3n Externa\tAdaptador de corriente externo (salida: 9VDC \/ 0.6A)<br \/>Dimensiones\t140*88*23 mm<br \/>Consumo de Potencia M\u00e1ximo\t2.41W(220V\/50Hz)<br \/>Max Heat Dissipation\t8.22BTU\/h<br \/>CARACTER\u00cdSTICAS DE SOFTWARE <br \/>M\u00e9todo de Transmisi\u00f3n\tAlmacenamiento y reenv\u00edo<br \/>Funciones Avanzadas\tTecnolog\u00eda verde<br \/> \tControl de flujo 802.3x<br \/> \tContrapresi\u00f3n<br \/> \t802.1p \/ DSCP QoS (para V7 y versiones posteriores)<\/p>\n","protected":false},"excerpt":{"rendered":"<p>CARACTER\u00cdSTICAS DE HARDWARE Interfaz 5 puertos RJ45 a 10\/100\/1000 Mbps Negociaci\u00f3n autom\u00e1tica, MDI\/MDIX autom\u00e1ticoCantidad de Ventiladores Sin ventiladorBloqueo de Seguridad F\u00edsico NoFuente de Alimentaci\u00f3n Externa Adaptador de corriente externo (salida: 9VDC \/ 0.6A)Dimensiones 140*88*23 mmConsumo de Potencia M\u00e1ximo 2.41W(220V\/50Hz)Max Heat Dissipation 8.22BTU\/hCARACTER\u00cdSTICAS DE SOFTWARE M\u00e9todo de Transmisi\u00f3n Almacenamiento y reenv\u00edoFunciones Avanzadas Tecnolog\u00eda verde Control de [&hellip;]<\/p>\n","protected":false},"featured_media":28278,"comment_status":"open","ping_status":"closed","template":"","meta":{"_uag_custom_page_level_css":""},"product_brand":[546],"product_cat":[122],"product_tag":[],"class_list":{"0":"post-54899","1":"product","2":"type-product","3":"status-publish","4":"has-post-thumbnail","6":"product_brand-tplink","7":"product_cat-redes-y-conectividad","9":"first","10":"outofstock","11":"sale","12":"taxable","13":"shipping-taxable","14":"purchasable","15":"product-type-simple"},"uagb_featured_image_src":{"full":["https:\/\/rms-enlinea.com.ar\/wp-content\/uploads\/2025\/06\/D_897110-MLU75015106651_032024-F.jpg",1182,393,false],"thumbnail":["https:\/\/rms-enlinea.com.ar\/wp-content\/uploads\/2025\/06\/D_897110-MLU75015106651_032024-F-150x150.jpg",150,150,true],"medium":["https:\/\/rms-enlinea.com.ar\/wp-content\/uploads\/2025\/06\/D_897110-MLU75015106651_032024-F-300x100.jpg",300,100,true],"medium_large":["https:\/\/rms-enlinea.com.ar\/wp-content\/uploads\/2025\/06\/D_897110-MLU75015106651_032024-F-768x255.jpg",768,255,true],"large":["https:\/\/rms-enlinea.com.ar\/wp-content\/uploads\/2025\/06\/D_897110-MLU75015106651_032024-F-1024x340.jpg",1024,340,true],"1536x1536":["https:\/\/rms-enlinea.com.ar\/wp-content\/uploads\/2025\/06\/D_897110-MLU75015106651_032024-F.jpg",1182,393,false],"2048x2048":["https:\/\/rms-enlinea.com.ar\/wp-content\/uploads\/2025\/06\/D_897110-MLU75015106651_032024-F.jpg",1182,393,false],"woocommerce_thumbnail":["https:\/\/rms-enlinea.com.ar\/wp-content\/uploads\/2025\/06\/D_897110-MLU75015106651_032024-F-450x393.jpg",450,393,true],"woocommerce_single":["https:\/\/rms-enlinea.com.ar\/wp-content\/uploads\/2025\/06\/D_897110-MLU75015106651_032024-F-600x199.jpg",600,199,true],"woocommerce_gallery_thumbnail":["https:\/\/rms-enlinea.com.ar\/wp-content\/uploads\/2025\/06\/D_897110-MLU75015106651_032024-F-100x100.jpg",100,100,true]},"uagb_author_info":{"display_name":"nelson","author_link":"https:\/\/rms-enlinea.com.ar\/tienda\/author\/"},"uagb_comment_info":0,"uagb_excerpt":"CARACTER\u00cdSTICAS DE HARDWARE Interfaz 5 puertos RJ45 a 10\/100\/1000 Mbps Negociaci\u00f3n autom\u00e1tica, MDI\/MDIX autom\u00e1ticoCantidad de Ventiladores Sin ventiladorBloqueo de Seguridad F\u00edsico NoFuente de Alimentaci\u00f3n Externa Adaptador de corriente externo (salida: 9VDC \/ 0.6A)Dimensiones 140*88*23 mmConsumo de Potencia M\u00e1ximo 2.41W(220V\/50Hz)Max Heat Dissipation 8.22BTU\/hCARACTER\u00cdSTICAS DE SOFTWARE M\u00e9todo de Transmisi\u00f3n Almacenamiento y reenv\u00edoFunciones Avanzadas Tecnolog\u00eda verde Control de&hellip;","_links":{"self":[{"href":"https:\/\/rms-enlinea.com.ar\/tienda\/wp-json\/wp\/v2\/product\/54899","targetHints":{"allow":["GET"]}}],"collection":[{"href":"https:\/\/rms-enlinea.com.ar\/tienda\/wp-json\/wp\/v2\/product"}],"about":[{"href":"https:\/\/rms-enlinea.com.ar\/tienda\/wp-json\/wp\/v2\/types\/product"}],"replies":[{"embeddable":true,"href":"https:\/\/rms-enlinea.com.ar\/tienda\/wp-json\/wp\/v2\/comments?post=54899"}],"wp:featuredmedia":[{"embeddable":true,"href":"https:\/\/rms-enlinea.com.ar\/tienda\/wp-json\/wp\/v2\/media\/28278"}],"wp:attachment":[{"href":"https:\/\/rms-enlinea.com.ar\/tienda\/wp-json\/wp\/v2\/media?parent=54899"}],"wp:term":[{"taxonomy":"product_brand","embeddable":true,"href":"https:\/\/rms-enlinea.com.ar\/tienda\/wp-json\/wp\/v2\/product_brand?post=54899"},{"taxonomy":"product_cat","embeddable":true,"href":"https:\/\/rms-enlinea.com.ar\/tienda\/wp-json\/wp\/v2\/product_cat?post=54899"},{"taxonomy":"product_tag","embeddable":true,"href":"https:\/\/rms-enlinea.com.ar\/tienda\/wp-json\/wp\/v2\/product_tag?post=54899"}],"curies":[{"name":"wp","href":"https:\/\/api.w.org\/{rel}","templated":true}]}}