{"id":54917,"date":"2025-08-23T11:20:51","date_gmt":"2025-08-23T14:20:51","guid":{"rendered":"https:\/\/rms-enlinea.com.ar\/tienda\/producto\/disco-rigido-4tb-seagate-ironwolf-256mb-5400rpm-st4000vn006\/"},"modified":"2026-04-11T15:40:12","modified_gmt":"2026-04-11T18:40:12","slug":"disco-rigido-4tb-seagate-ironwolf-256mb-5400rpm-st4000vn006","status":"publish","type":"product","link":"https:\/\/rms-enlinea.com.ar\/tienda\/producto\/disco-rigido-4tb-seagate-ironwolf-256mb-5400rpm-st4000vn006\/","title":{"rendered":"Disco Rigido 4tb Seagate Ironwolf 256mb 5400rpm St4000vn006"},"content":{"rendered":"<p>Capacidad 4 TB<\/p>\n<p>N\u00famero de modelo est\u00e1ndar ST4000VN006<\/p>\n<p>Interfaz SATA a 6 Gb\/s<\/p>\n<p>Bah\u00edas para unidades admitidas de 1 a 8 bah\u00edas<\/p>\n<p>Tecnolog\u00eda de grabaci\u00f3n CMR<\/p>\n<p>Dise\u00f1o de la unidad (aire o helio) Aire<\/p>\n<p>L\u00edmite de tasa de carga de trabajo (WRL) 180<\/p>\n<p>Sensor de vibraci\u00f3n giratoria (VG) S\u00ed<\/p>\n<p>Equilibrado de plano doble S\u00ed<\/p>\n<p>Control de recuperaci\u00f3n de errores S\u00ed<\/p>\n<p>M\u00e1x. velocidad de transferencia sostenida OD (MB\/s) 202MB\/s<\/p>\n<p>Velocidad de giro (rpm) 5.400<\/p>\n<p>Cach\u00e9 (MB) 256<\/p>\n","protected":false},"excerpt":{"rendered":"<p>Capacidad 4 TB N\u00famero de modelo est\u00e1ndar ST4000VN006 Interfaz SATA a 6 Gb\/s Bah\u00edas para unidades admitidas de 1 a 8 bah\u00edas Tecnolog\u00eda de grabaci\u00f3n CMR Dise\u00f1o de la unidad (aire o helio) Aire L\u00edmite de tasa de carga de trabajo (WRL) 180 Sensor de vibraci\u00f3n giratoria (VG) S\u00ed Equilibrado de plano doble S\u00ed Control [&hellip;]<\/p>\n","protected":false},"featured_media":54918,"comment_status":"open","ping_status":"closed","template":"","meta":{"_uag_custom_page_level_css":""},"product_brand":[554],"product_cat":[106],"product_tag":[],"class_list":{"0":"post-54917","1":"product","2":"type-product","3":"status-publish","4":"has-post-thumbnail","6":"product_brand-seagate","7":"product_cat-discos-rigidos-ssd","9":"first","10":"outofstock","11":"sale","12":"taxable","13":"shipping-taxable","14":"purchasable","15":"product-type-simple"},"uagb_featured_image_src":{"full":["https:\/\/rms-enlinea.com.ar\/wp-content\/uploads\/2025\/08\/D_782871-MLA90815585903_082025-F.jpg",709,991,false],"thumbnail":["https:\/\/rms-enlinea.com.ar\/wp-content\/uploads\/2025\/08\/D_782871-MLA90815585903_082025-F-150x150.jpg",150,150,true],"medium":["https:\/\/rms-enlinea.com.ar\/wp-content\/uploads\/2025\/08\/D_782871-MLA90815585903_082025-F-215x300.jpg",215,300,true],"medium_large":["https:\/\/rms-enlinea.com.ar\/wp-content\/uploads\/2025\/08\/D_782871-MLA90815585903_082025-F.jpg",709,991,false],"large":["https:\/\/rms-enlinea.com.ar\/wp-content\/uploads\/2025\/08\/D_782871-MLA90815585903_082025-F.jpg",709,991,false],"1536x1536":["https:\/\/rms-enlinea.com.ar\/wp-content\/uploads\/2025\/08\/D_782871-MLA90815585903_082025-F.jpg",709,991,false],"2048x2048":["https:\/\/rms-enlinea.com.ar\/wp-content\/uploads\/2025\/08\/D_782871-MLA90815585903_082025-F.jpg",709,991,false],"woocommerce_thumbnail":["https:\/\/rms-enlinea.com.ar\/wp-content\/uploads\/2025\/08\/D_782871-MLA90815585903_082025-F-450x450.jpg",450,450,true],"woocommerce_single":["https:\/\/rms-enlinea.com.ar\/wp-content\/uploads\/2025\/08\/D_782871-MLA90815585903_082025-F-600x839.jpg",600,839,true],"woocommerce_gallery_thumbnail":["https:\/\/rms-enlinea.com.ar\/wp-content\/uploads\/2025\/08\/D_782871-MLA90815585903_082025-F-100x100.jpg",100,100,true]},"uagb_author_info":{"display_name":"nelson","author_link":"https:\/\/rms-enlinea.com.ar\/tienda\/author\/"},"uagb_comment_info":0,"uagb_excerpt":"Capacidad 4 TB N\u00famero de modelo est\u00e1ndar ST4000VN006 Interfaz SATA a 6 Gb\/s Bah\u00edas para unidades admitidas de 1 a 8 bah\u00edas Tecnolog\u00eda de grabaci\u00f3n CMR Dise\u00f1o de la unidad (aire o helio) Aire L\u00edmite de tasa de carga de trabajo (WRL) 180 Sensor de vibraci\u00f3n giratoria (VG) S\u00ed Equilibrado de plano doble S\u00ed Control&hellip;","_links":{"self":[{"href":"https:\/\/rms-enlinea.com.ar\/tienda\/wp-json\/wp\/v2\/product\/54917","targetHints":{"allow":["GET"]}}],"collection":[{"href":"https:\/\/rms-enlinea.com.ar\/tienda\/wp-json\/wp\/v2\/product"}],"about":[{"href":"https:\/\/rms-enlinea.com.ar\/tienda\/wp-json\/wp\/v2\/types\/product"}],"replies":[{"embeddable":true,"href":"https:\/\/rms-enlinea.com.ar\/tienda\/wp-json\/wp\/v2\/comments?post=54917"}],"wp:featuredmedia":[{"embeddable":true,"href":"https:\/\/rms-enlinea.com.ar\/tienda\/wp-json\/wp\/v2\/media\/54918"}],"wp:attachment":[{"href":"https:\/\/rms-enlinea.com.ar\/tienda\/wp-json\/wp\/v2\/media?parent=54917"}],"wp:term":[{"taxonomy":"product_brand","embeddable":true,"href":"https:\/\/rms-enlinea.com.ar\/tienda\/wp-json\/wp\/v2\/product_brand?post=54917"},{"taxonomy":"product_cat","embeddable":true,"href":"https:\/\/rms-enlinea.com.ar\/tienda\/wp-json\/wp\/v2\/product_cat?post=54917"},{"taxonomy":"product_tag","embeddable":true,"href":"https:\/\/rms-enlinea.com.ar\/tienda\/wp-json\/wp\/v2\/product_tag?post=54917"}],"curies":[{"name":"wp","href":"https:\/\/api.w.org\/{rel}","templated":true}]}}