{"id":55016,"date":"2025-08-24T19:20:08","date_gmt":"2025-08-24T22:20:08","guid":{"rendered":"https:\/\/rms-enlinea.com.ar\/tienda\/producto\/monitor-22-pulgadas-asus-vy229hf-fhd-ips-100hz-1ms\/"},"modified":"2026-04-06T14:29:13","modified_gmt":"2026-04-06T17:29:13","slug":"monitor-22-pulgadas-asus-vy229hf-fhd-ips-100hz-1ms","status":"publish","type":"product","link":"https:\/\/rms-enlinea.com.ar\/tienda\/producto\/monitor-22-pulgadas-asus-vy229hf-fhd-ips-100hz-1ms\/","title":{"rendered":"Monitor 22 Pulgadas Asus Vy229hf Fhd Ips 100hz 1ms"},"content":{"rendered":"<p>El monitor ASUS VY229HF de 22 pulgadas es la elecci\u00f3n perfecta para quienes buscan calidad de imagen y rendimiento. Con su tecnolog\u00eda de panel IPS y una resoluci\u00f3n FHD de 1920 x 1080 p\u00edxeles, ofrece colores vibrantes y amplios \u00e1ngulos de visi\u00f3n, lo que lo convierte en una opci\u00f3n ideal para tareas cotidianas y para disfrutar de contenido multimedia.<\/p>\n<p>Con una frecuencia de actualizaci\u00f3n de 100 Hz, este monitor garantiza una experiencia fluida, especialmente para los entusiastas de los videojuegos. Su tecnolog\u00eda FreeSync reduce el desgarro de imagen, brindando un rendimiento \u00f3ptimo durante las partidas m\u00e1s intensas.<\/p>\n<p>El dise\u00f1o elegante en color negro y su pantalla LED ofrecen un aspecto moderno que se adapta f\u00e1cilmente a cualquier configuraci\u00f3n. Adem\u00e1s, su eficiencia energ\u00e9tica A++ lo convierte en una opci\u00f3n responsable en t\u00e9rminos de consumo el\u00e9ctrico.<\/p>\n<p>El monitor incluye conexiones VGA y HDMI, lo que facilita la compatibilidad con diversos dispositivos. Aunque no cuenta con caracter\u00edsticas como parlantes incorporados o altura ajustable, su rendimiento general y calidad de imagen hacen del ASUS VY229HF una excelente elecci\u00f3n para el hogar o la oficina.<\/p>\n","protected":false},"excerpt":{"rendered":"<p>El monitor ASUS VY229HF de 22 pulgadas es la elecci\u00f3n perfecta para quienes buscan calidad de imagen y rendimiento. Con su tecnolog\u00eda de panel IPS y una resoluci\u00f3n FHD de 1920 x 1080 p\u00edxeles, ofrece colores vibrantes y amplios \u00e1ngulos de visi\u00f3n, lo que lo convierte en una opci\u00f3n ideal para tareas cotidianas y para [&hellip;]<\/p>\n","protected":false},"featured_media":55017,"comment_status":"open","ping_status":"closed","template":"","meta":{"_uag_custom_page_level_css":""},"product_brand":[586],"product_cat":[114],"product_tag":[],"class_list":{"0":"post-55016","1":"product","2":"type-product","3":"status-publish","4":"has-post-thumbnail","6":"product_brand-asus","7":"product_cat-monitores","9":"first","10":"outofstock","11":"sale","12":"taxable","13":"shipping-taxable","14":"purchasable","15":"product-type-simple"},"uagb_featured_image_src":{"full":["https:\/\/rms-enlinea.com.ar\/wp-content\/uploads\/2025\/08\/D_910475-MLA81893453534_012025-F.jpg",722,537,false],"thumbnail":["https:\/\/rms-enlinea.com.ar\/wp-content\/uploads\/2025\/08\/D_910475-MLA81893453534_012025-F-150x150.jpg",150,150,true],"medium":["https:\/\/rms-enlinea.com.ar\/wp-content\/uploads\/2025\/08\/D_910475-MLA81893453534_012025-F-300x223.jpg",300,223,true],"medium_large":["https:\/\/rms-enlinea.com.ar\/wp-content\/uploads\/2025\/08\/D_910475-MLA81893453534_012025-F.jpg",722,537,false],"large":["https:\/\/rms-enlinea.com.ar\/wp-content\/uploads\/2025\/08\/D_910475-MLA81893453534_012025-F.jpg",722,537,false],"1536x1536":["https:\/\/rms-enlinea.com.ar\/wp-content\/uploads\/2025\/08\/D_910475-MLA81893453534_012025-F.jpg",722,537,false],"2048x2048":["https:\/\/rms-enlinea.com.ar\/wp-content\/uploads\/2025\/08\/D_910475-MLA81893453534_012025-F.jpg",722,537,false],"woocommerce_thumbnail":["https:\/\/rms-enlinea.com.ar\/wp-content\/uploads\/2025\/08\/D_910475-MLA81893453534_012025-F-450x450.jpg",450,450,true],"woocommerce_single":["https:\/\/rms-enlinea.com.ar\/wp-content\/uploads\/2025\/08\/D_910475-MLA81893453534_012025-F-600x446.jpg",600,446,true],"woocommerce_gallery_thumbnail":["https:\/\/rms-enlinea.com.ar\/wp-content\/uploads\/2025\/08\/D_910475-MLA81893453534_012025-F-100x100.jpg",100,100,true]},"uagb_author_info":{"display_name":"nelson","author_link":"https:\/\/rms-enlinea.com.ar\/tienda\/author\/"},"uagb_comment_info":0,"uagb_excerpt":"El monitor ASUS VY229HF de 22 pulgadas es la elecci\u00f3n perfecta para quienes buscan calidad de imagen y rendimiento. Con su tecnolog\u00eda de panel IPS y una resoluci\u00f3n FHD de 1920 x 1080 p\u00edxeles, ofrece colores vibrantes y amplios \u00e1ngulos de visi\u00f3n, lo que lo convierte en una opci\u00f3n ideal para tareas cotidianas y para&hellip;","_links":{"self":[{"href":"https:\/\/rms-enlinea.com.ar\/tienda\/wp-json\/wp\/v2\/product\/55016","targetHints":{"allow":["GET"]}}],"collection":[{"href":"https:\/\/rms-enlinea.com.ar\/tienda\/wp-json\/wp\/v2\/product"}],"about":[{"href":"https:\/\/rms-enlinea.com.ar\/tienda\/wp-json\/wp\/v2\/types\/product"}],"replies":[{"embeddable":true,"href":"https:\/\/rms-enlinea.com.ar\/tienda\/wp-json\/wp\/v2\/comments?post=55016"}],"wp:featuredmedia":[{"embeddable":true,"href":"https:\/\/rms-enlinea.com.ar\/tienda\/wp-json\/wp\/v2\/media\/55017"}],"wp:attachment":[{"href":"https:\/\/rms-enlinea.com.ar\/tienda\/wp-json\/wp\/v2\/media?parent=55016"}],"wp:term":[{"taxonomy":"product_brand","embeddable":true,"href":"https:\/\/rms-enlinea.com.ar\/tienda\/wp-json\/wp\/v2\/product_brand?post=55016"},{"taxonomy":"product_cat","embeddable":true,"href":"https:\/\/rms-enlinea.com.ar\/tienda\/wp-json\/wp\/v2\/product_cat?post=55016"},{"taxonomy":"product_tag","embeddable":true,"href":"https:\/\/rms-enlinea.com.ar\/tienda\/wp-json\/wp\/v2\/product_tag?post=55016"}],"curies":[{"name":"wp","href":"https:\/\/api.w.org\/{rel}","templated":true}]}}