{"id":55025,"date":"2025-08-24T21:10:50","date_gmt":"2025-08-25T00:10:50","guid":{"rendered":"https:\/\/rms-enlinea.com.ar\/tienda\/producto\/bafle-potenciado-12-350w-rms-ampro-tecshow-bamwts-1200a\/"},"modified":"2026-04-06T11:30:43","modified_gmt":"2026-04-06T14:30:43","slug":"bafle-potenciado-12-350w-rms-ampro-tecshow-bamwts-1200a","status":"publish","type":"product","link":"https:\/\/rms-enlinea.com.ar\/tienda\/producto\/bafle-potenciado-12-350w-rms-ampro-tecshow-bamwts-1200a\/","title":{"rendered":"Bafle Potenciado 12 350w Rms Ampro Tecshow Bamwts-1200a"},"content":{"rendered":"<p>*importante* Se entrega el nuevo modelo mejorado BAM BT-1200A versi\u00f3n 2023. el cual reemplaza al viejo BAM WTS 1200 A.<\/p>\n<p>\u00a1Presentamos el BAM BT-1200A! Con mejoras significativas en la etapa del Bluetooth STEREO, nuestro producto ofrece una conectividad m\u00e1s fluida y una calidad de audio excepcional.<\/p>\n<p>Bam BT-1200A es un altavoz autoamplificado con un parlante de 12&#8243;, un driver de compresi\u00f3n de 1.35&#8243; y una salida de potencia de 350W RMS con una respuesta de frecuencia de 50Hz -18 kHz (\u20133 dB). La unidad est\u00e1 equipada con 3 controles de nivel, un control de volumen principal, ecualizador de 2 bandas y control stereo v\u00eda Bluetooth. Bam BT-1200A tiene un gabinete de copol\u00edmero resistente al impacto, es ideal para aplicaciones m\u00f3viles o comerciales y, debido a su dise\u00f1o, se puede utilizar como monitor de sonido y refuerzo sonoro. La unidad cuenta con un conector de salida speakon para alimentar unidades pasivas.<\/p>\n<p>&#8211; BF: ALTAVOZ DE 12&#8243; CON DOBLE BOBINA DE 2&#8243;<br \/>\n&#8211; AF: DRIVER DE COMPRESI\u00d3N DE 1.35&#8243;<\/p>\n<p>CARACTER\u00cdSTICAS<br \/>\nSISTEMA AUTOAMPLIFICADO A DOS V\u00cdAS DE 12&#8243;<br \/>\nSALIDA DE POTENCIA: 350W RMS<br \/>\nPICO SPL @ 1M: 128 DB<br \/>\nDISPERSI\u00d3N NOMINAL (HXV): 100\u00baX60\u00ba<\/p>\n<p>AMPLIFICADOR &amp; CONTROL<br \/>\nSALIDA DE POTENCIA:<br \/>\n&#8211; BF: 250W<br \/>\n&#8211; AF: 100W<br \/>\nFRECUENCIA DE CROSSOVER : 3.5KHZ<br \/>\nRESPUESTA DE FRECUENCIA: (-10DB): 45HZ-20KHZ<br \/>\nTHD: MENOS QUE 0.1% @ POTENCIA NOMINAL<br \/>\nIMPEDANCIA DE SALIDA: 64KOHM (BALANCEADO) &amp; 32KOHM (DESBALANCEADO)<br \/>\nINDICADOR DE PICO<br \/>\nCONTROL: VOLUMEN PRINCIPAL, NIVEL MP3, MIC, NIVELES DE L\u00cdNEA &amp; ECUALIZACI\u00d3N A 2 BANDAS<br \/>\nCONECTIVIDAD BLUETOOTH STEREO<br \/>\nRANGO DE ENTRADA DE VOLTAJE: AC100\u2013240V, 50-60HZ<\/p>\n<p>CONECTORES<br \/>\n2 ENTRADAS XLR<br \/>\n1 ENTRADA RCA<br \/>\n1 ENTRADA PLUG 1\/4&#8243; TRS<br \/>\n1 SALIDA PLUG 1\/4&#8243; TRS<br \/>\n1 SALIDA XLR<br \/>\n1 SALIDA SPEAKON<\/p>\n<p>F\u00cdSICO<br \/>\nDIMENSIONES: 570X360X300 MM. \/ 22.4X14.2X11.8 PULG.<br \/>\nPESO: 12 KG. \/ 26.4 LBS.<\/p>\n","protected":false},"excerpt":{"rendered":"<p>*importante* Se entrega el nuevo modelo mejorado BAM BT-1200A versi\u00f3n 2023. el cual reemplaza al viejo BAM WTS 1200 A. \u00a1Presentamos el BAM BT-1200A! Con mejoras significativas en la etapa del Bluetooth STEREO, nuestro producto ofrece una conectividad m\u00e1s fluida y una calidad de audio excepcional. Bam BT-1200A es un altavoz autoamplificado con un parlante [&hellip;]<\/p>\n","protected":false},"featured_media":55026,"comment_status":"open","ping_status":"closed","template":"","meta":{"_uag_custom_page_level_css":""},"product_brand":[477],"product_cat":[36,15],"product_tag":[],"class_list":{"0":"post-55025","1":"product","2":"type-product","3":"status-publish","4":"has-post-thumbnail","6":"product_brand-ampro","7":"product_cat-bafles","8":"product_cat-sin-categorizar","10":"first","11":"outofstock","12":"sale","13":"taxable","14":"shipping-taxable","15":"purchasable","16":"product-type-simple"},"uagb_featured_image_src":{"full":["https:\/\/rms-enlinea.com.ar\/wp-content\/uploads\/2025\/08\/D_714339-MLA90486132550_082025-F.jpg",663,1020,false],"thumbnail":["https:\/\/rms-enlinea.com.ar\/wp-content\/uploads\/2025\/08\/D_714339-MLA90486132550_082025-F-150x150.jpg",150,150,true],"medium":["https:\/\/rms-enlinea.com.ar\/wp-content\/uploads\/2025\/08\/D_714339-MLA90486132550_082025-F-195x300.jpg",195,300,true],"medium_large":["https:\/\/rms-enlinea.com.ar\/wp-content\/uploads\/2025\/08\/D_714339-MLA90486132550_082025-F.jpg",663,1020,false],"large":["https:\/\/rms-enlinea.com.ar\/wp-content\/uploads\/2025\/08\/D_714339-MLA90486132550_082025-F.jpg",663,1020,false],"1536x1536":["https:\/\/rms-enlinea.com.ar\/wp-content\/uploads\/2025\/08\/D_714339-MLA90486132550_082025-F.jpg",663,1020,false],"2048x2048":["https:\/\/rms-enlinea.com.ar\/wp-content\/uploads\/2025\/08\/D_714339-MLA90486132550_082025-F.jpg",663,1020,false],"woocommerce_thumbnail":["https:\/\/rms-enlinea.com.ar\/wp-content\/uploads\/2025\/08\/D_714339-MLA90486132550_082025-F-450x450.jpg",450,450,true],"woocommerce_single":["https:\/\/rms-enlinea.com.ar\/wp-content\/uploads\/2025\/08\/D_714339-MLA90486132550_082025-F-600x923.jpg",600,923,true],"woocommerce_gallery_thumbnail":["https:\/\/rms-enlinea.com.ar\/wp-content\/uploads\/2025\/08\/D_714339-MLA90486132550_082025-F-100x100.jpg",100,100,true]},"uagb_author_info":{"display_name":"nelson","author_link":"https:\/\/rms-enlinea.com.ar\/tienda\/author\/"},"uagb_comment_info":0,"uagb_excerpt":"*importante* Se entrega el nuevo modelo mejorado BAM BT-1200A versi\u00f3n 2023. el cual reemplaza al viejo BAM WTS 1200 A. \u00a1Presentamos el BAM BT-1200A! Con mejoras significativas en la etapa del Bluetooth STEREO, nuestro producto ofrece una conectividad m\u00e1s fluida y una calidad de audio excepcional. Bam BT-1200A es un altavoz autoamplificado con un parlante&hellip;","_links":{"self":[{"href":"https:\/\/rms-enlinea.com.ar\/tienda\/wp-json\/wp\/v2\/product\/55025","targetHints":{"allow":["GET"]}}],"collection":[{"href":"https:\/\/rms-enlinea.com.ar\/tienda\/wp-json\/wp\/v2\/product"}],"about":[{"href":"https:\/\/rms-enlinea.com.ar\/tienda\/wp-json\/wp\/v2\/types\/product"}],"replies":[{"embeddable":true,"href":"https:\/\/rms-enlinea.com.ar\/tienda\/wp-json\/wp\/v2\/comments?post=55025"}],"wp:featuredmedia":[{"embeddable":true,"href":"https:\/\/rms-enlinea.com.ar\/tienda\/wp-json\/wp\/v2\/media\/55026"}],"wp:attachment":[{"href":"https:\/\/rms-enlinea.com.ar\/tienda\/wp-json\/wp\/v2\/media?parent=55025"}],"wp:term":[{"taxonomy":"product_brand","embeddable":true,"href":"https:\/\/rms-enlinea.com.ar\/tienda\/wp-json\/wp\/v2\/product_brand?post=55025"},{"taxonomy":"product_cat","embeddable":true,"href":"https:\/\/rms-enlinea.com.ar\/tienda\/wp-json\/wp\/v2\/product_cat?post=55025"},{"taxonomy":"product_tag","embeddable":true,"href":"https:\/\/rms-enlinea.com.ar\/tienda\/wp-json\/wp\/v2\/product_tag?post=55025"}],"curies":[{"name":"wp","href":"https:\/\/api.w.org\/{rel}","templated":true}]}}