{"id":55093,"date":"2025-08-26T19:00:13","date_gmt":"2025-08-26T22:00:13","guid":{"rendered":"https:\/\/rms-enlinea.com.ar\/tienda\/producto\/pad-mouse-trust-gxt-764-glide-flex-xxl-rgb-93x30x3mm\/"},"modified":"2026-04-21T05:03:34","modified_gmt":"2026-04-21T08:03:34","slug":"pad-mouse-trust-gxt-764-glide-flex-xxl-rgb-93x30x3mm","status":"publish","type":"product","link":"https:\/\/rms-enlinea.com.ar\/tienda\/producto\/pad-mouse-trust-gxt-764-glide-flex-xxl-rgb-93x30x3mm\/","title":{"rendered":"Pad Mouse Trust Gxt 764 Glide Flex Xxl Rgb 93x30x3mm"},"content":{"rendered":"<p>Marca<\/p>\n<p>Trust<br \/>Es antideslizante<\/p>\n<p>S\u00ed<br \/>Largo<\/p>\n<p>93 cm<br \/>L\u00ednea<\/p>\n<p>GXT<br \/>Materiales<\/p>\n<p>Goma<br \/>Modelo<\/p>\n<p>GXT 764<br \/>Tama\u00f1o del mouse pad<\/p>\n<p>XXL<br \/>Espesor<\/p>\n<p>3 cm<br \/>Ancho<\/p>\n<p>30 cm<br \/>Con carga inal\u00e1mbrica de dispositivos<\/p>\n<p>No<br \/>Con apoya mu\u00f1eca<\/p>\n<p>No<\/p>\n","protected":false},"excerpt":{"rendered":"<p>Marca TrustEs antideslizante S\u00edLargo 93 cmL\u00ednea GXTMateriales GomaModelo GXT 764Tama\u00f1o del mouse pad XXLEspesor 3 cmAncho 30 cmCon carga inal\u00e1mbrica de dispositivos NoCon apoya mu\u00f1eca No<\/p>\n","protected":false},"featured_media":29359,"comment_status":"open","ping_status":"closed","template":"","meta":{"_uag_custom_page_level_css":""},"product_brand":[542],"product_cat":[125],"product_tag":[],"class_list":{"0":"post-55093","1":"product","2":"type-product","3":"status-publish","4":"has-post-thumbnail","6":"product_brand-trustgaming","7":"product_cat-teclados-y-mouses","9":"first","10":"outofstock","11":"sale","12":"taxable","13":"shipping-taxable","14":"purchasable","15":"product-type-simple"},"uagb_featured_image_src":{"full":["https:\/\/rms-enlinea.com.ar\/wp-content\/uploads\/2025\/06\/D_921097-MLA46881452803_072021-F.jpg",1200,599,false],"thumbnail":["https:\/\/rms-enlinea.com.ar\/wp-content\/uploads\/2025\/06\/D_921097-MLA46881452803_072021-F-150x150.jpg",150,150,true],"medium":["https:\/\/rms-enlinea.com.ar\/wp-content\/uploads\/2025\/06\/D_921097-MLA46881452803_072021-F-300x150.jpg",300,150,true],"medium_large":["https:\/\/rms-enlinea.com.ar\/wp-content\/uploads\/2025\/06\/D_921097-MLA46881452803_072021-F-768x383.jpg",768,383,true],"large":["https:\/\/rms-enlinea.com.ar\/wp-content\/uploads\/2025\/06\/D_921097-MLA46881452803_072021-F-1024x511.jpg",1024,511,true],"1536x1536":["https:\/\/rms-enlinea.com.ar\/wp-content\/uploads\/2025\/06\/D_921097-MLA46881452803_072021-F.jpg",1200,599,false],"2048x2048":["https:\/\/rms-enlinea.com.ar\/wp-content\/uploads\/2025\/06\/D_921097-MLA46881452803_072021-F.jpg",1200,599,false],"woocommerce_thumbnail":["https:\/\/rms-enlinea.com.ar\/wp-content\/uploads\/2025\/06\/D_921097-MLA46881452803_072021-F-450x450.jpg",450,450,true],"woocommerce_single":["https:\/\/rms-enlinea.com.ar\/wp-content\/uploads\/2025\/06\/D_921097-MLA46881452803_072021-F-600x300.jpg",600,300,true],"woocommerce_gallery_thumbnail":["https:\/\/rms-enlinea.com.ar\/wp-content\/uploads\/2025\/06\/D_921097-MLA46881452803_072021-F-100x100.jpg",100,100,true]},"uagb_author_info":{"display_name":"nelson","author_link":"https:\/\/rms-enlinea.com.ar\/tienda\/author\/"},"uagb_comment_info":0,"uagb_excerpt":"Marca TrustEs antideslizante S\u00edLargo 93 cmL\u00ednea GXTMateriales GomaModelo GXT 764Tama\u00f1o del mouse pad XXLEspesor 3 cmAncho 30 cmCon carga inal\u00e1mbrica de dispositivos NoCon apoya mu\u00f1eca No","_links":{"self":[{"href":"https:\/\/rms-enlinea.com.ar\/tienda\/wp-json\/wp\/v2\/product\/55093","targetHints":{"allow":["GET"]}}],"collection":[{"href":"https:\/\/rms-enlinea.com.ar\/tienda\/wp-json\/wp\/v2\/product"}],"about":[{"href":"https:\/\/rms-enlinea.com.ar\/tienda\/wp-json\/wp\/v2\/types\/product"}],"replies":[{"embeddable":true,"href":"https:\/\/rms-enlinea.com.ar\/tienda\/wp-json\/wp\/v2\/comments?post=55093"}],"wp:featuredmedia":[{"embeddable":true,"href":"https:\/\/rms-enlinea.com.ar\/tienda\/wp-json\/wp\/v2\/media\/29359"}],"wp:attachment":[{"href":"https:\/\/rms-enlinea.com.ar\/tienda\/wp-json\/wp\/v2\/media?parent=55093"}],"wp:term":[{"taxonomy":"product_brand","embeddable":true,"href":"https:\/\/rms-enlinea.com.ar\/tienda\/wp-json\/wp\/v2\/product_brand?post=55093"},{"taxonomy":"product_cat","embeddable":true,"href":"https:\/\/rms-enlinea.com.ar\/tienda\/wp-json\/wp\/v2\/product_cat?post=55093"},{"taxonomy":"product_tag","embeddable":true,"href":"https:\/\/rms-enlinea.com.ar\/tienda\/wp-json\/wp\/v2\/product_tag?post=55093"}],"curies":[{"name":"wp","href":"https:\/\/api.w.org\/{rel}","templated":true}]}}