{"id":55108,"date":"2025-08-26T19:10:57","date_gmt":"2025-08-26T22:10:57","guid":{"rendered":"https:\/\/rms-enlinea.com.ar\/tienda\/producto\/mouse-gamer-vertical-trust-rexx-ergo-gxt144-10000dpi\/"},"modified":"2026-05-04T12:17:23","modified_gmt":"2026-05-04T15:17:23","slug":"mouse-gamer-vertical-trust-rexx-ergo-gxt144-10000dpi","status":"publish","type":"product","link":"https:\/\/rms-enlinea.com.ar\/tienda\/producto\/mouse-gamer-vertical-trust-rexx-ergo-gxt144-10000dpi\/","title":{"rendered":"Mouse Gamer Vertical Trust Rexx Ergo Gxt144 10000dpi"},"content":{"rendered":"<p>Modelo alfanum\u00e9rico<\/p>\n<p>GXT 144<br \/>Marca<\/p>\n<p>Trust<br \/>Tipo de mouse<\/p>\n<p>Ergonomico<br \/>Interfaz<\/p>\n<p>USB<br \/>Es recargable<\/p>\n<p>No<br \/>Es inal\u00e1mbrico USB<\/p>\n<p>No<br \/>Alcance m\u00e1ximo<\/p>\n<p>7499477 m<br \/>Modelo<\/p>\n<p>Gxt 144 Rexx<br \/>Cantidad de botones<\/p>\n<p>6<br \/>Resoluci\u00f3n del sensor<\/p>\n<p>123385 dpi<br \/>Tipo de sensor<\/p>\n<p>\u00d3ptico<br \/>Con Bluetooth<\/p>\n<p>No<br \/>Con cable<\/p>\n<p>S\u00ed<br \/>Es gamer<\/p>\n<p>S\u00ed<br \/>Modelo alfanum\u00e9rico<\/p>\n<p>GXT 144<br \/>Marca<\/p>\n<p>Trust<br \/>Tipo de mouse<\/p>\n<p>Vertical<br \/>Interfaz<\/p>\n<p>USB<br \/>Es recargable<\/p>\n<p>No<br \/>Es inal\u00e1mbrico USB<\/p>\n<p>No<br \/>Alcance m\u00e1ximo<\/p>\n<p>1.8 m<br \/>Modelo<\/p>\n<p>GXT 144<br \/>Cantidad de botones<\/p>\n<p>6<br \/>Resoluci\u00f3n del sensor<\/p>\n<p>10000 dpi<br \/>Tipo de sensor<\/p>\n<p>\u00d3ptico<br \/>Con Bluetooth<\/p>\n<p>No<br \/>Con cable<\/p>\n<p>S\u00ed<\/p>\n","protected":false},"excerpt":{"rendered":"<p>Modelo alfanum\u00e9rico GXT 144Marca TrustTipo de mouse ErgonomicoInterfaz USBEs recargable NoEs inal\u00e1mbrico USB NoAlcance m\u00e1ximo 7499477 mModelo Gxt 144 RexxCantidad de botones 6Resoluci\u00f3n del sensor 123385 dpiTipo de sensor \u00d3pticoCon Bluetooth NoCon cable S\u00edEs gamer S\u00edModelo alfanum\u00e9rico GXT 144Marca TrustTipo de mouse VerticalInterfaz USBEs recargable NoEs inal\u00e1mbrico USB NoAlcance m\u00e1ximo 1.8 mModelo GXT 144Cantidad de [&hellip;]<\/p>\n","protected":false},"featured_media":30508,"comment_status":"open","ping_status":"closed","template":"","meta":{"_uag_custom_page_level_css":""},"product_brand":[542],"product_cat":[125],"product_tag":[],"class_list":{"0":"post-55108","1":"product","2":"type-product","3":"status-publish","4":"has-post-thumbnail","6":"product_brand-trustgaming","7":"product_cat-teclados-y-mouses","9":"first","10":"outofstock","11":"sale","12":"taxable","13":"shipping-taxable","14":"purchasable","15":"product-type-simple"},"uagb_featured_image_src":{"full":["https:\/\/rms-enlinea.com.ar\/wp-content\/uploads\/2025\/06\/D_942772-MLU72571485904_112023-F.jpg",792,790,false],"thumbnail":["https:\/\/rms-enlinea.com.ar\/wp-content\/uploads\/2025\/06\/D_942772-MLU72571485904_112023-F-150x150.jpg",150,150,true],"medium":["https:\/\/rms-enlinea.com.ar\/wp-content\/uploads\/2025\/06\/D_942772-MLU72571485904_112023-F-300x300.jpg",300,300,true],"medium_large":["https:\/\/rms-enlinea.com.ar\/wp-content\/uploads\/2025\/06\/D_942772-MLU72571485904_112023-F-768x766.jpg",768,766,true],"large":["https:\/\/rms-enlinea.com.ar\/wp-content\/uploads\/2025\/06\/D_942772-MLU72571485904_112023-F.jpg",792,790,false],"1536x1536":["https:\/\/rms-enlinea.com.ar\/wp-content\/uploads\/2025\/06\/D_942772-MLU72571485904_112023-F.jpg",792,790,false],"2048x2048":["https:\/\/rms-enlinea.com.ar\/wp-content\/uploads\/2025\/06\/D_942772-MLU72571485904_112023-F.jpg",792,790,false],"woocommerce_thumbnail":["https:\/\/rms-enlinea.com.ar\/wp-content\/uploads\/2025\/06\/D_942772-MLU72571485904_112023-F-450x450.jpg",450,450,true],"woocommerce_single":["https:\/\/rms-enlinea.com.ar\/wp-content\/uploads\/2025\/06\/D_942772-MLU72571485904_112023-F-600x598.jpg",600,598,true],"woocommerce_gallery_thumbnail":["https:\/\/rms-enlinea.com.ar\/wp-content\/uploads\/2025\/06\/D_942772-MLU72571485904_112023-F-100x100.jpg",100,100,true]},"uagb_author_info":{"display_name":"nelson","author_link":"https:\/\/rms-enlinea.com.ar\/tienda\/author\/"},"uagb_comment_info":0,"uagb_excerpt":"Modelo alfanum\u00e9rico GXT 144Marca TrustTipo de mouse ErgonomicoInterfaz USBEs recargable NoEs inal\u00e1mbrico USB NoAlcance m\u00e1ximo 7499477 mModelo Gxt 144 RexxCantidad de botones 6Resoluci\u00f3n del sensor 123385 dpiTipo de sensor \u00d3pticoCon Bluetooth NoCon cable S\u00edEs gamer S\u00edModelo alfanum\u00e9rico GXT 144Marca TrustTipo de mouse VerticalInterfaz USBEs recargable NoEs inal\u00e1mbrico USB NoAlcance m\u00e1ximo 1.8 mModelo GXT 144Cantidad de&hellip;","_links":{"self":[{"href":"https:\/\/rms-enlinea.com.ar\/tienda\/wp-json\/wp\/v2\/product\/55108","targetHints":{"allow":["GET"]}}],"collection":[{"href":"https:\/\/rms-enlinea.com.ar\/tienda\/wp-json\/wp\/v2\/product"}],"about":[{"href":"https:\/\/rms-enlinea.com.ar\/tienda\/wp-json\/wp\/v2\/types\/product"}],"replies":[{"embeddable":true,"href":"https:\/\/rms-enlinea.com.ar\/tienda\/wp-json\/wp\/v2\/comments?post=55108"}],"wp:featuredmedia":[{"embeddable":true,"href":"https:\/\/rms-enlinea.com.ar\/tienda\/wp-json\/wp\/v2\/media\/30508"}],"wp:attachment":[{"href":"https:\/\/rms-enlinea.com.ar\/tienda\/wp-json\/wp\/v2\/media?parent=55108"}],"wp:term":[{"taxonomy":"product_brand","embeddable":true,"href":"https:\/\/rms-enlinea.com.ar\/tienda\/wp-json\/wp\/v2\/product_brand?post=55108"},{"taxonomy":"product_cat","embeddable":true,"href":"https:\/\/rms-enlinea.com.ar\/tienda\/wp-json\/wp\/v2\/product_cat?post=55108"},{"taxonomy":"product_tag","embeddable":true,"href":"https:\/\/rms-enlinea.com.ar\/tienda\/wp-json\/wp\/v2\/product_tag?post=55108"}],"curies":[{"name":"wp","href":"https:\/\/api.w.org\/{rel}","templated":true}]}}