{"id":55133,"date":"2025-08-26T23:01:58","date_gmt":"2025-08-27T02:01:58","guid":{"rendered":"https:\/\/rms-enlinea.com.ar\/tienda\/producto\/mouse-inalambrico-trust-bayo-ii-ergo-2400dpi\/"},"modified":"2026-04-02T16:27:44","modified_gmt":"2026-04-02T19:27:44","slug":"mouse-inalambrico-trust-bayo-ii-ergo-2400dpi","status":"publish","type":"product","link":"https:\/\/rms-enlinea.com.ar\/tienda\/producto\/mouse-inalambrico-trust-bayo-ii-ergo-2400dpi\/","title":{"rendered":"Mouse Inalambrico Trust Bayo Ii + Ergo 2400dpi"},"content":{"rendered":"<p>El Mouse Inalambrico Trust Bayo II es la soluci\u00f3n perfecta para quienes buscan comodidad y funcionalidad en su experiencia inform\u00e1tica. Dise\u00f1ado ergon\u00f3micamente, su forma se adapta a la mano diestro, ofreciendo una sujeci\u00f3n natural que reduce la fatiga durante el uso prolongado. Su elegante color negro aportar\u00e1 un toque de sofisticaci\u00f3n a su entorno de trabajo.<\/p>\n<p>Equipado con un sensor \u00f3ptico de alta precisi\u00f3n, este mouse ofrece una resoluci\u00f3n de hasta 2400 DPI, permiti\u00e9ndole disfrutar de una navegaci\u00f3n r\u00e1pida y precisa. Con una velocidad m\u00e1xima de 2400 IPS, es ideal para tareas tanto profesionales como de ocio. Adem\u00e1s, su conexi\u00f3n inal\u00e1mbrica a trav\u00e9s de tecnolog\u00eda de 2.4 GHz proporciona un alcance de hasta 10 metros, eliminando la necesidad de cables y facilitando una mayor movilidad.<\/p>\n<p>Con un total de seis botones, el mouse permite una personalizaci\u00f3n simple y eficiente seg\u00fan sus necesidades. Compatible con sistemas operativos como Linux, Mac OS y Windows, se adapta a una amplia variedad de dispositivos. Su funcionamiento es mediante bater\u00eda, asegurando un rendimiento cont\u00ednuo sin la molestia de cables, y su dise\u00f1o compacto lo convierte en un acompa\u00f1ante ideal para el hogar o la oficina.<\/p>\n","protected":false},"excerpt":{"rendered":"<p>El Mouse Inalambrico Trust Bayo II es la soluci\u00f3n perfecta para quienes buscan comodidad y funcionalidad en su experiencia inform\u00e1tica. Dise\u00f1ado ergon\u00f3micamente, su forma se adapta a la mano diestro, ofreciendo una sujeci\u00f3n natural que reduce la fatiga durante el uso prolongado. Su elegante color negro aportar\u00e1 un toque de sofisticaci\u00f3n a su entorno de [&hellip;]<\/p>\n","protected":false},"featured_media":55134,"comment_status":"open","ping_status":"closed","template":"","meta":{"_uag_custom_page_level_css":""},"product_brand":[542],"product_cat":[125],"product_tag":[],"class_list":{"0":"post-55133","1":"product","2":"type-product","3":"status-publish","4":"has-post-thumbnail","6":"product_brand-trustgaming","7":"product_cat-teclados-y-mouses","9":"first","10":"outofstock","11":"sale","12":"taxable","13":"shipping-taxable","14":"purchasable","15":"product-type-simple"},"uagb_featured_image_src":{"full":["https:\/\/rms-enlinea.com.ar\/wp-content\/uploads\/2025\/08\/D_647863-MLA90662644322_082025-F.jpg",744,1198,false],"thumbnail":["https:\/\/rms-enlinea.com.ar\/wp-content\/uploads\/2025\/08\/D_647863-MLA90662644322_082025-F-150x150.jpg",150,150,true],"medium":["https:\/\/rms-enlinea.com.ar\/wp-content\/uploads\/2025\/08\/D_647863-MLA90662644322_082025-F-186x300.jpg",186,300,true],"medium_large":["https:\/\/rms-enlinea.com.ar\/wp-content\/uploads\/2025\/08\/D_647863-MLA90662644322_082025-F.jpg",744,1198,false],"large":["https:\/\/rms-enlinea.com.ar\/wp-content\/uploads\/2025\/08\/D_647863-MLA90662644322_082025-F-636x1024.jpg",636,1024,true],"1536x1536":["https:\/\/rms-enlinea.com.ar\/wp-content\/uploads\/2025\/08\/D_647863-MLA90662644322_082025-F.jpg",744,1198,false],"2048x2048":["https:\/\/rms-enlinea.com.ar\/wp-content\/uploads\/2025\/08\/D_647863-MLA90662644322_082025-F.jpg",744,1198,false],"woocommerce_thumbnail":["https:\/\/rms-enlinea.com.ar\/wp-content\/uploads\/2025\/08\/D_647863-MLA90662644322_082025-F-450x450.jpg",450,450,true],"woocommerce_single":["https:\/\/rms-enlinea.com.ar\/wp-content\/uploads\/2025\/08\/D_647863-MLA90662644322_082025-F-600x966.jpg",600,966,true],"woocommerce_gallery_thumbnail":["https:\/\/rms-enlinea.com.ar\/wp-content\/uploads\/2025\/08\/D_647863-MLA90662644322_082025-F-100x100.jpg",100,100,true]},"uagb_author_info":{"display_name":"nelson","author_link":"https:\/\/rms-enlinea.com.ar\/tienda\/author\/"},"uagb_comment_info":0,"uagb_excerpt":"El Mouse Inalambrico Trust Bayo II es la soluci\u00f3n perfecta para quienes buscan comodidad y funcionalidad en su experiencia inform\u00e1tica. Dise\u00f1ado ergon\u00f3micamente, su forma se adapta a la mano diestro, ofreciendo una sujeci\u00f3n natural que reduce la fatiga durante el uso prolongado. Su elegante color negro aportar\u00e1 un toque de sofisticaci\u00f3n a su entorno de&hellip;","_links":{"self":[{"href":"https:\/\/rms-enlinea.com.ar\/tienda\/wp-json\/wp\/v2\/product\/55133","targetHints":{"allow":["GET"]}}],"collection":[{"href":"https:\/\/rms-enlinea.com.ar\/tienda\/wp-json\/wp\/v2\/product"}],"about":[{"href":"https:\/\/rms-enlinea.com.ar\/tienda\/wp-json\/wp\/v2\/types\/product"}],"replies":[{"embeddable":true,"href":"https:\/\/rms-enlinea.com.ar\/tienda\/wp-json\/wp\/v2\/comments?post=55133"}],"wp:featuredmedia":[{"embeddable":true,"href":"https:\/\/rms-enlinea.com.ar\/tienda\/wp-json\/wp\/v2\/media\/55134"}],"wp:attachment":[{"href":"https:\/\/rms-enlinea.com.ar\/tienda\/wp-json\/wp\/v2\/media?parent=55133"}],"wp:term":[{"taxonomy":"product_brand","embeddable":true,"href":"https:\/\/rms-enlinea.com.ar\/tienda\/wp-json\/wp\/v2\/product_brand?post=55133"},{"taxonomy":"product_cat","embeddable":true,"href":"https:\/\/rms-enlinea.com.ar\/tienda\/wp-json\/wp\/v2\/product_cat?post=55133"},{"taxonomy":"product_tag","embeddable":true,"href":"https:\/\/rms-enlinea.com.ar\/tienda\/wp-json\/wp\/v2\/product_tag?post=55133"}],"curies":[{"name":"wp","href":"https:\/\/api.w.org\/{rel}","templated":true}]}}