{"id":55160,"date":"2025-08-26T23:31:51","date_gmt":"2025-08-27T02:31:51","guid":{"rendered":"https:\/\/rms-enlinea.com.ar\/tienda\/producto\/alfombra-para-silla-gamer-trust-gxt715-22524-120x99cm\/"},"modified":"2026-04-21T04:16:51","modified_gmt":"2026-04-21T07:16:51","slug":"alfombra-para-silla-gamer-trust-gxt715-22524-120x99cm","status":"publish","type":"product","link":"https:\/\/rms-enlinea.com.ar\/tienda\/producto\/alfombra-para-silla-gamer-trust-gxt715-22524-120x99cm\/","title":{"rendered":"Alfombra Para Silla Gamer Trust Gxt715 22524 120x99cm"},"content":{"rendered":"<p>Medidas<\/p>\n<p>1200mm x 990mm<br \/>\nPeso<\/p>\n<p>3200g<br \/>\nMarca<\/p>\n<p>Trust<br \/>\nCantidad de cajones<\/p>\n<p>1<br \/>\nEs gamer<\/p>\n<p>S\u00ed<br \/>\nEs en forma de L<\/p>\n<p>No<br \/>\nModelo<\/p>\n<p>GAMER TRUST GXT715<br \/>\nMarca<\/p>\n<p>Trust<br \/>\nEs antideslizante<\/p>\n<p>S\u00ed<br \/>\nL\u00ednea<\/p>\n<p>GXT<br \/>\nModelo<\/p>\n<p>GXT 715<br \/>\nCon carga inal\u00e1mbrica de dispositivos<\/p>\n<p>No<br \/>\nCon apoya mu\u00f1eca<\/p>\n<p>No<\/p>\n","protected":false},"excerpt":{"rendered":"<p>Medidas 1200mm x 990mm Peso 3200g Marca Trust Cantidad de cajones 1 Es gamer S\u00ed Es en forma de L No Modelo GAMER TRUST GXT715 Marca Trust Es antideslizante S\u00ed L\u00ednea GXT Modelo GXT 715 Con carga inal\u00e1mbrica de dispositivos No Con apoya mu\u00f1eca No<\/p>\n","protected":false},"featured_media":55161,"comment_status":"open","ping_status":"closed","template":"","meta":{"_uag_custom_page_level_css":""},"product_brand":[542],"product_cat":[15],"product_tag":[],"class_list":{"0":"post-55160","1":"product","2":"type-product","3":"status-publish","4":"has-post-thumbnail","6":"product_brand-trustgaming","7":"product_cat-sin-categorizar","9":"first","10":"outofstock","11":"sale","12":"taxable","13":"shipping-taxable","14":"purchasable","15":"product-type-simple"},"uagb_featured_image_src":{"full":["https:\/\/rms-enlinea.com.ar\/wp-content\/uploads\/2025\/08\/D_611804-MLA90665832690_082025-F.jpg",991,1200,false],"thumbnail":["https:\/\/rms-enlinea.com.ar\/wp-content\/uploads\/2025\/08\/D_611804-MLA90665832690_082025-F-150x150.jpg",150,150,true],"medium":["https:\/\/rms-enlinea.com.ar\/wp-content\/uploads\/2025\/08\/D_611804-MLA90665832690_082025-F-248x300.jpg",248,300,true],"medium_large":["https:\/\/rms-enlinea.com.ar\/wp-content\/uploads\/2025\/08\/D_611804-MLA90665832690_082025-F-768x930.jpg",768,930,true],"large":["https:\/\/rms-enlinea.com.ar\/wp-content\/uploads\/2025\/08\/D_611804-MLA90665832690_082025-F-846x1024.jpg",846,1024,true],"1536x1536":["https:\/\/rms-enlinea.com.ar\/wp-content\/uploads\/2025\/08\/D_611804-MLA90665832690_082025-F.jpg",991,1200,false],"2048x2048":["https:\/\/rms-enlinea.com.ar\/wp-content\/uploads\/2025\/08\/D_611804-MLA90665832690_082025-F.jpg",991,1200,false],"woocommerce_thumbnail":["https:\/\/rms-enlinea.com.ar\/wp-content\/uploads\/2025\/08\/D_611804-MLA90665832690_082025-F-450x450.jpg",450,450,true],"woocommerce_single":["https:\/\/rms-enlinea.com.ar\/wp-content\/uploads\/2025\/08\/D_611804-MLA90665832690_082025-F-600x727.jpg",600,727,true],"woocommerce_gallery_thumbnail":["https:\/\/rms-enlinea.com.ar\/wp-content\/uploads\/2025\/08\/D_611804-MLA90665832690_082025-F-100x100.jpg",100,100,true]},"uagb_author_info":{"display_name":"nelson","author_link":"https:\/\/rms-enlinea.com.ar\/tienda\/author\/"},"uagb_comment_info":0,"uagb_excerpt":"Medidas 1200mm x 990mm Peso 3200g Marca Trust Cantidad de cajones 1 Es gamer S\u00ed Es en forma de L No Modelo GAMER TRUST GXT715 Marca Trust Es antideslizante S\u00ed L\u00ednea GXT Modelo GXT 715 Con carga inal\u00e1mbrica de dispositivos No Con apoya mu\u00f1eca No","_links":{"self":[{"href":"https:\/\/rms-enlinea.com.ar\/tienda\/wp-json\/wp\/v2\/product\/55160","targetHints":{"allow":["GET"]}}],"collection":[{"href":"https:\/\/rms-enlinea.com.ar\/tienda\/wp-json\/wp\/v2\/product"}],"about":[{"href":"https:\/\/rms-enlinea.com.ar\/tienda\/wp-json\/wp\/v2\/types\/product"}],"replies":[{"embeddable":true,"href":"https:\/\/rms-enlinea.com.ar\/tienda\/wp-json\/wp\/v2\/comments?post=55160"}],"wp:featuredmedia":[{"embeddable":true,"href":"https:\/\/rms-enlinea.com.ar\/tienda\/wp-json\/wp\/v2\/media\/55161"}],"wp:attachment":[{"href":"https:\/\/rms-enlinea.com.ar\/tienda\/wp-json\/wp\/v2\/media?parent=55160"}],"wp:term":[{"taxonomy":"product_brand","embeddable":true,"href":"https:\/\/rms-enlinea.com.ar\/tienda\/wp-json\/wp\/v2\/product_brand?post=55160"},{"taxonomy":"product_cat","embeddable":true,"href":"https:\/\/rms-enlinea.com.ar\/tienda\/wp-json\/wp\/v2\/product_cat?post=55160"},{"taxonomy":"product_tag","embeddable":true,"href":"https:\/\/rms-enlinea.com.ar\/tienda\/wp-json\/wp\/v2\/product_tag?post=55160"}],"curies":[{"name":"wp","href":"https:\/\/api.w.org\/{rel}","templated":true}]}}