{"id":55184,"date":"2025-08-27T01:30:05","date_gmt":"2025-08-27T04:30:05","guid":{"rendered":"https:\/\/rms-enlinea.com.ar\/tienda\/producto\/monitor-gamer-asus-24-vg249ql3a-fhd-180hz-ips-hdmi-dp\/"},"modified":"2026-05-04T13:16:01","modified_gmt":"2026-05-04T16:16:01","slug":"monitor-gamer-asus-24-vg249ql3a-fhd-180hz-ips-hdmi-dp","status":"publish","type":"product","link":"https:\/\/rms-enlinea.com.ar\/tienda\/producto\/monitor-gamer-asus-24-vg249ql3a-fhd-180hz-ips-hdmi-dp\/","title":{"rendered":"Monitor Gamer Asus 24 Vg249ql3a Fhd 180hz Ips Hdmi Dp"},"content":{"rendered":"<p>Monitor de juegos IPS r\u00e1pido Full HD (1920 x 1080) de 23,8 pulgadas con frecuencia de actualizaci\u00f3n de 180 Hz dise\u00f1ado para jugadores profesionales y juegos inmersivos<\/p>\n<p>Tiempo de respuesta de 1 ms (GTG) para un juego fluido y tecnolog\u00eda ASUS Extreme Low Motion Blur (ELMB\u2122) para reducir a\u00fan m\u00e1s las im\u00e1genes fantasma y el desenfoque de movimiento<\/p>\n<p>La compatibilidad con FreeSync Premium y G-Sync ofrece una experiencia de juego fluida y sin interrupciones al habilitar VRR (frecuencia de actualizaci\u00f3n variable) de forma predeterminada.<\/p>\n<p>Shadow Boost mejora los detalles de la imagen en \u00e1reas oscuras, iluminando escenas sin sobreexponer \u00e1reas brillantes<\/p>\n","protected":false},"excerpt":{"rendered":"<p>Monitor de juegos IPS r\u00e1pido Full HD (1920 x 1080) de 23,8 pulgadas con frecuencia de actualizaci\u00f3n de 180 Hz dise\u00f1ado para jugadores profesionales y juegos inmersivos Tiempo de respuesta de 1 ms (GTG) para un juego fluido y tecnolog\u00eda ASUS Extreme Low Motion Blur (ELMB\u2122) para reducir a\u00fan m\u00e1s las im\u00e1genes fantasma y el [&hellip;]<\/p>\n","protected":false},"featured_media":55185,"comment_status":"open","ping_status":"closed","template":"","meta":{"_uag_custom_page_level_css":""},"product_brand":[586],"product_cat":[114],"product_tag":[],"class_list":{"0":"post-55184","1":"product","2":"type-product","3":"status-publish","4":"has-post-thumbnail","6":"product_brand-asus","7":"product_cat-monitores","9":"first","10":"instock","11":"sale","12":"taxable","13":"shipping-taxable","14":"purchasable","15":"product-type-simple"},"uagb_featured_image_src":{"full":["https:\/\/rms-enlinea.com.ar\/wp-content\/uploads\/2025\/08\/D_890479-MLA90564809079_082025-F.jpg",1200,895,false],"thumbnail":["https:\/\/rms-enlinea.com.ar\/wp-content\/uploads\/2025\/08\/D_890479-MLA90564809079_082025-F-150x150.jpg",150,150,true],"medium":["https:\/\/rms-enlinea.com.ar\/wp-content\/uploads\/2025\/08\/D_890479-MLA90564809079_082025-F-300x224.jpg",300,224,true],"medium_large":["https:\/\/rms-enlinea.com.ar\/wp-content\/uploads\/2025\/08\/D_890479-MLA90564809079_082025-F-768x573.jpg",768,573,true],"large":["https:\/\/rms-enlinea.com.ar\/wp-content\/uploads\/2025\/08\/D_890479-MLA90564809079_082025-F-1024x764.jpg",1024,764,true],"1536x1536":["https:\/\/rms-enlinea.com.ar\/wp-content\/uploads\/2025\/08\/D_890479-MLA90564809079_082025-F.jpg",1200,895,false],"2048x2048":["https:\/\/rms-enlinea.com.ar\/wp-content\/uploads\/2025\/08\/D_890479-MLA90564809079_082025-F.jpg",1200,895,false],"woocommerce_thumbnail":["https:\/\/rms-enlinea.com.ar\/wp-content\/uploads\/2025\/08\/D_890479-MLA90564809079_082025-F-450x450.jpg",450,450,true],"woocommerce_single":["https:\/\/rms-enlinea.com.ar\/wp-content\/uploads\/2025\/08\/D_890479-MLA90564809079_082025-F-600x448.jpg",600,448,true],"woocommerce_gallery_thumbnail":["https:\/\/rms-enlinea.com.ar\/wp-content\/uploads\/2025\/08\/D_890479-MLA90564809079_082025-F-100x100.jpg",100,100,true]},"uagb_author_info":{"display_name":"nelson","author_link":"https:\/\/rms-enlinea.com.ar\/tienda\/author\/"},"uagb_comment_info":0,"uagb_excerpt":"Monitor de juegos IPS r\u00e1pido Full HD (1920 x 1080) de 23,8 pulgadas con frecuencia de actualizaci\u00f3n de 180 Hz dise\u00f1ado para jugadores profesionales y juegos inmersivos Tiempo de respuesta de 1 ms (GTG) para un juego fluido y tecnolog\u00eda ASUS Extreme Low Motion Blur (ELMB\u2122) para reducir a\u00fan m\u00e1s las im\u00e1genes fantasma y el&hellip;","_links":{"self":[{"href":"https:\/\/rms-enlinea.com.ar\/tienda\/wp-json\/wp\/v2\/product\/55184","targetHints":{"allow":["GET"]}}],"collection":[{"href":"https:\/\/rms-enlinea.com.ar\/tienda\/wp-json\/wp\/v2\/product"}],"about":[{"href":"https:\/\/rms-enlinea.com.ar\/tienda\/wp-json\/wp\/v2\/types\/product"}],"replies":[{"embeddable":true,"href":"https:\/\/rms-enlinea.com.ar\/tienda\/wp-json\/wp\/v2\/comments?post=55184"}],"wp:featuredmedia":[{"embeddable":true,"href":"https:\/\/rms-enlinea.com.ar\/tienda\/wp-json\/wp\/v2\/media\/55185"}],"wp:attachment":[{"href":"https:\/\/rms-enlinea.com.ar\/tienda\/wp-json\/wp\/v2\/media?parent=55184"}],"wp:term":[{"taxonomy":"product_brand","embeddable":true,"href":"https:\/\/rms-enlinea.com.ar\/tienda\/wp-json\/wp\/v2\/product_brand?post=55184"},{"taxonomy":"product_cat","embeddable":true,"href":"https:\/\/rms-enlinea.com.ar\/tienda\/wp-json\/wp\/v2\/product_cat?post=55184"},{"taxonomy":"product_tag","embeddable":true,"href":"https:\/\/rms-enlinea.com.ar\/tienda\/wp-json\/wp\/v2\/product_tag?post=55184"}],"curies":[{"name":"wp","href":"https:\/\/api.w.org\/{rel}","templated":true}]}}