{"id":55190,"date":"2025-08-27T12:00:40","date_gmt":"2025-08-27T15:00:40","guid":{"rendered":"https:\/\/rms-enlinea.com.ar\/tienda\/producto\/sistema-mesh-x-2-mercusys-halo-h30-ac1200-dual-band\/"},"modified":"2026-05-04T12:53:54","modified_gmt":"2026-05-04T15:53:54","slug":"sistema-mesh-x-2-mercusys-halo-h30-ac1200-dual-band","status":"publish","type":"product","link":"https:\/\/rms-enlinea.com.ar\/tienda\/producto\/sistema-mesh-x-2-mercusys-halo-h30-ac1200-dual-band\/","title":{"rendered":"Sistema Mesh X 2 Mercusys Halo H30 Ac1200 Dual Band"},"content":{"rendered":"<p>Est\u00e1ndares inal\u00e1mbricos IEEE 802.11 a\/n\/ac 5 GHz, IEEE 802.11 b\/g\/n 2,4 GHz<br \/>\nVelocidades de WiFi 867 Mbps en 5 GHz, 300 Mbps en 2,4 GHz<br \/>\nSensibilidad de recepci\u00f3n 2,4 GHz:<br \/>\n11 g 6 Mbps: -96 dBm<br \/>\n11 g 54 Mbps: -78 dBm<br \/>\n11n HT20 MCS7: -76 dBm<br \/>\n11n HT40 MCS7: -73 dBm<br \/>\n5 GHz:<br \/>\n11 a 6 Mbps: -95 dBm<br \/>\n11 a 54 Mbps: -77 dBm<br \/>\n11 ac VHT20 MCS8: -72 dBm<br \/>\n11 ac VHT40 MCS9: -67 dBm<br \/>\n11 ac VHT80 MCS9: -63 dBm<br \/>\nPotencia de transmisi\u00f3n 2,4 GHz &lt; 20 dBm (PIRE)<br \/>\n5 GHz &lt; 23 dBm (PIRE)<br \/>\nSeguridad inal\u00e1mbrica WPA-PSK\/WPA2-PSK<br \/>\nProtocolo de malla 802.11k\/v\/r<br \/>\nDimensiones 3,5 \u00d7 3,5 \u00d7 3,5 pulgadas (88 \u00d7 88 \u00d7 88 mm)<br \/>\nInterfaces 2 puertos Ethernet de 10\/100 Mbps por unidad Halo (detecci\u00f3n autom\u00e1tica de WAN\/LAN)<br \/>\nBot\u00f3n Bot\u00f3n de reinicio<br \/>\nModo de operaci\u00f3n Enrutador, punto de acceso<br \/>\nCalidad del Servicio WMM<br \/>\nTipo de WAN IP din\u00e1mica\/IP est\u00e1tica\/PPPoE\/L2TP\/PPTP<br \/>\nGesti\u00f3n Administraci\u00f3n local, administraci\u00f3n remota, m\u00faltiples administradores<br \/>\nSeguridad del firewall Cortafuegos SPI<br \/>\nProtocolos Admite IPv4 e IPv6<br \/>\nRed de invitados Red de invitados de 2,4 GHz x 1, Red de invitados de 5 GHz x 1<br \/>\nDHCP Servidor, Cliente<br \/>\nContenido del paquete 2 unidades de Halo H30<br \/>\n1 cable Ethernet RJ45<br \/>\n2 adaptadores de corriente<br \/>\nGu\u00eda de instalaci\u00f3n r\u00e1pida<\/p>\n","protected":false},"excerpt":{"rendered":"<p>Est\u00e1ndares inal\u00e1mbricos IEEE 802.11 a\/n\/ac 5 GHz, IEEE 802.11 b\/g\/n 2,4 GHz Velocidades de WiFi 867 Mbps en 5 GHz, 300 Mbps en 2,4 GHz Sensibilidad de recepci\u00f3n 2,4 GHz: 11 g 6 Mbps: -96 dBm 11 g 54 Mbps: -78 dBm 11n HT20 MCS7: -76 dBm 11n HT40 MCS7: -73 dBm 5 GHz: 11 [&hellip;]<\/p>\n","protected":false},"featured_media":55191,"comment_status":"open","ping_status":"closed","template":"","meta":{"_uag_custom_page_level_css":""},"product_brand":[605],"product_cat":[122],"product_tag":[],"class_list":{"0":"post-55190","1":"product","2":"type-product","3":"status-publish","4":"has-post-thumbnail","6":"product_brand-mercusys","7":"product_cat-redes-y-conectividad","9":"first","10":"outofstock","11":"sale","12":"taxable","13":"shipping-taxable","14":"purchasable","15":"product-type-simple"},"uagb_featured_image_src":{"full":["https:\/\/rms-enlinea.com.ar\/wp-content\/uploads\/2025\/08\/D_720567-MLA91125837823_082025-F.jpg",928,612,false],"thumbnail":["https:\/\/rms-enlinea.com.ar\/wp-content\/uploads\/2025\/08\/D_720567-MLA91125837823_082025-F-150x150.jpg",150,150,true],"medium":["https:\/\/rms-enlinea.com.ar\/wp-content\/uploads\/2025\/08\/D_720567-MLA91125837823_082025-F-300x198.jpg",300,198,true],"medium_large":["https:\/\/rms-enlinea.com.ar\/wp-content\/uploads\/2025\/08\/D_720567-MLA91125837823_082025-F-768x506.jpg",768,506,true],"large":["https:\/\/rms-enlinea.com.ar\/wp-content\/uploads\/2025\/08\/D_720567-MLA91125837823_082025-F.jpg",928,612,false],"1536x1536":["https:\/\/rms-enlinea.com.ar\/wp-content\/uploads\/2025\/08\/D_720567-MLA91125837823_082025-F.jpg",928,612,false],"2048x2048":["https:\/\/rms-enlinea.com.ar\/wp-content\/uploads\/2025\/08\/D_720567-MLA91125837823_082025-F.jpg",928,612,false],"woocommerce_thumbnail":["https:\/\/rms-enlinea.com.ar\/wp-content\/uploads\/2025\/08\/D_720567-MLA91125837823_082025-F-450x450.jpg",450,450,true],"woocommerce_single":["https:\/\/rms-enlinea.com.ar\/wp-content\/uploads\/2025\/08\/D_720567-MLA91125837823_082025-F-600x396.jpg",600,396,true],"woocommerce_gallery_thumbnail":["https:\/\/rms-enlinea.com.ar\/wp-content\/uploads\/2025\/08\/D_720567-MLA91125837823_082025-F-100x100.jpg",100,100,true]},"uagb_author_info":{"display_name":"nelson","author_link":"https:\/\/rms-enlinea.com.ar\/tienda\/author\/"},"uagb_comment_info":0,"uagb_excerpt":"Est\u00e1ndares inal\u00e1mbricos IEEE 802.11 a\/n\/ac 5 GHz, IEEE 802.11 b\/g\/n 2,4 GHz Velocidades de WiFi 867 Mbps en 5 GHz, 300 Mbps en 2,4 GHz Sensibilidad de recepci\u00f3n 2,4 GHz: 11 g 6 Mbps: -96 dBm 11 g 54 Mbps: -78 dBm 11n HT20 MCS7: -76 dBm 11n HT40 MCS7: -73 dBm 5 GHz: 11&hellip;","_links":{"self":[{"href":"https:\/\/rms-enlinea.com.ar\/tienda\/wp-json\/wp\/v2\/product\/55190","targetHints":{"allow":["GET"]}}],"collection":[{"href":"https:\/\/rms-enlinea.com.ar\/tienda\/wp-json\/wp\/v2\/product"}],"about":[{"href":"https:\/\/rms-enlinea.com.ar\/tienda\/wp-json\/wp\/v2\/types\/product"}],"replies":[{"embeddable":true,"href":"https:\/\/rms-enlinea.com.ar\/tienda\/wp-json\/wp\/v2\/comments?post=55190"}],"wp:featuredmedia":[{"embeddable":true,"href":"https:\/\/rms-enlinea.com.ar\/tienda\/wp-json\/wp\/v2\/media\/55191"}],"wp:attachment":[{"href":"https:\/\/rms-enlinea.com.ar\/tienda\/wp-json\/wp\/v2\/media?parent=55190"}],"wp:term":[{"taxonomy":"product_brand","embeddable":true,"href":"https:\/\/rms-enlinea.com.ar\/tienda\/wp-json\/wp\/v2\/product_brand?post=55190"},{"taxonomy":"product_cat","embeddable":true,"href":"https:\/\/rms-enlinea.com.ar\/tienda\/wp-json\/wp\/v2\/product_cat?post=55190"},{"taxonomy":"product_tag","embeddable":true,"href":"https:\/\/rms-enlinea.com.ar\/tienda\/wp-json\/wp\/v2\/product_tag?post=55190"}],"curies":[{"name":"wp","href":"https:\/\/api.w.org\/{rel}","templated":true}]}}