{"id":55208,"date":"2025-08-27T12:40:39","date_gmt":"2025-08-27T15:40:39","guid":{"rendered":"https:\/\/rms-enlinea.com.ar\/tienda\/producto\/convertidor-de-medios-tp-link-mc420l-omada-10g-sfp\/"},"modified":"2026-03-31T18:02:07","modified_gmt":"2026-03-31T21:02:07","slug":"convertidor-de-medios-tp-link-mc420l-omada-10g-sfp","status":"publish","type":"product","link":"https:\/\/rms-enlinea.com.ar\/tienda\/producto\/convertidor-de-medios-tp-link-mc420l-omada-10g-sfp\/","title":{"rendered":"Convertidor De Medios Tp-link Mc420l Omada 10g Sfp"},"content":{"rendered":"<p>Est\u00e1ndares y Protocolos\tIEEE 802.3ab, IEEE 802.3an, IEEE 802.3z, IEEE 802.3ae, IEEE 802.3aq, IEEE 802.3x<br \/>Funciones B\u00e1sicas\t\u2022 Negociaci\u00f3n autom\u00e1tica de modo de transferencia Half-Duplex \/ Full-Duplex<br \/> \t\u2022 La distancia m\u00e1xima de transmisi\u00f3n depende del m\u00f3dulo SFP insertado<br \/>Puertos\t\u2022 1\u00d7 puerto SFP+<br \/> \t\u2022 1\u00d7 puerto RJ45 1G\/2.5G\/5G\/10Gbps<br \/>Longitud de Onda\tDepende del m\u00f3dulo SFP utilizado<br \/>Media de Red 10GBASE-R\tM\u00f3dulo SFP+ de modo m\u00faltiple \/ modo \u00fanico<br \/>Media de Red 10GBASE-T\t1000BASE-T\/2.5GBASE-T\/5GBASE-T: UTP cat.5e o superior (m\u00e1x. 100m);<br \/> \t10GBASE-T: UTP cat.6 (m\u00e1x. 55m), STP Cat. 6 o superior (m\u00e1x. 100m)<br \/>Dimensiones (WDH)\t3.72.91.1 in. (94.573.027.0 mm)<br \/>Fuente de Alimentaci\u00f3n\tAdaptador de corriente externo<br \/>Consumo m\u00e1ximo de energ\u00eda\t4.12W<br \/>LED\tPWR, Link\/Act<br \/>Seguridad y Emisi\u00f3n\tUL, RoHS<br \/>Contenidos del paquete\t\u2022 MC420L<br \/> \t\u2022 Adaptador de corriente<br \/> \t\u2022 Gu\u00eda de instalaci\u00f3n<\/p>\n","protected":false},"excerpt":{"rendered":"<p>Est\u00e1ndares y Protocolos IEEE 802.3ab, IEEE 802.3an, IEEE 802.3z, IEEE 802.3ae, IEEE 802.3aq, IEEE 802.3xFunciones B\u00e1sicas \u2022 Negociaci\u00f3n autom\u00e1tica de modo de transferencia Half-Duplex \/ Full-Duplex \u2022 La distancia m\u00e1xima de transmisi\u00f3n depende del m\u00f3dulo SFP insertadoPuertos \u2022 1\u00d7 puerto SFP+ \u2022 1\u00d7 puerto RJ45 1G\/2.5G\/5G\/10GbpsLongitud de Onda Depende del m\u00f3dulo SFP utilizadoMedia de Red [&hellip;]<\/p>\n","protected":false},"featured_media":55209,"comment_status":"open","ping_status":"closed","template":"","meta":{"_uag_custom_page_level_css":""},"product_brand":[546],"product_cat":[122],"product_tag":[],"class_list":{"0":"post-55208","1":"product","2":"type-product","3":"status-publish","4":"has-post-thumbnail","6":"product_brand-tplink","7":"product_cat-redes-y-conectividad","9":"first","10":"outofstock","11":"sale","12":"taxable","13":"shipping-taxable","14":"purchasable","15":"product-type-simple"},"uagb_featured_image_src":{"full":["https:\/\/rms-enlinea.com.ar\/wp-content\/uploads\/2025\/08\/D_929327-MLA90739907924_082025-F.jpg",462,379,false],"thumbnail":["https:\/\/rms-enlinea.com.ar\/wp-content\/uploads\/2025\/08\/D_929327-MLA90739907924_082025-F-150x150.jpg",150,150,true],"medium":["https:\/\/rms-enlinea.com.ar\/wp-content\/uploads\/2025\/08\/D_929327-MLA90739907924_082025-F-300x246.jpg",300,246,true],"medium_large":["https:\/\/rms-enlinea.com.ar\/wp-content\/uploads\/2025\/08\/D_929327-MLA90739907924_082025-F.jpg",462,379,false],"large":["https:\/\/rms-enlinea.com.ar\/wp-content\/uploads\/2025\/08\/D_929327-MLA90739907924_082025-F.jpg",462,379,false],"1536x1536":["https:\/\/rms-enlinea.com.ar\/wp-content\/uploads\/2025\/08\/D_929327-MLA90739907924_082025-F.jpg",462,379,false],"2048x2048":["https:\/\/rms-enlinea.com.ar\/wp-content\/uploads\/2025\/08\/D_929327-MLA90739907924_082025-F.jpg",462,379,false],"woocommerce_thumbnail":["https:\/\/rms-enlinea.com.ar\/wp-content\/uploads\/2025\/08\/D_929327-MLA90739907924_082025-F-450x379.jpg",450,379,true],"woocommerce_single":["https:\/\/rms-enlinea.com.ar\/wp-content\/uploads\/2025\/08\/D_929327-MLA90739907924_082025-F.jpg",462,379,false],"woocommerce_gallery_thumbnail":["https:\/\/rms-enlinea.com.ar\/wp-content\/uploads\/2025\/08\/D_929327-MLA90739907924_082025-F-100x100.jpg",100,100,true]},"uagb_author_info":{"display_name":"nelson","author_link":"https:\/\/rms-enlinea.com.ar\/tienda\/author\/"},"uagb_comment_info":0,"uagb_excerpt":"Est\u00e1ndares y Protocolos IEEE 802.3ab, IEEE 802.3an, IEEE 802.3z, IEEE 802.3ae, IEEE 802.3aq, IEEE 802.3xFunciones B\u00e1sicas \u2022 Negociaci\u00f3n autom\u00e1tica de modo de transferencia Half-Duplex \/ Full-Duplex \u2022 La distancia m\u00e1xima de transmisi\u00f3n depende del m\u00f3dulo SFP insertadoPuertos \u2022 1\u00d7 puerto SFP+ \u2022 1\u00d7 puerto RJ45 1G\/2.5G\/5G\/10GbpsLongitud de Onda Depende del m\u00f3dulo SFP utilizadoMedia de Red&hellip;","_links":{"self":[{"href":"https:\/\/rms-enlinea.com.ar\/tienda\/wp-json\/wp\/v2\/product\/55208","targetHints":{"allow":["GET"]}}],"collection":[{"href":"https:\/\/rms-enlinea.com.ar\/tienda\/wp-json\/wp\/v2\/product"}],"about":[{"href":"https:\/\/rms-enlinea.com.ar\/tienda\/wp-json\/wp\/v2\/types\/product"}],"replies":[{"embeddable":true,"href":"https:\/\/rms-enlinea.com.ar\/tienda\/wp-json\/wp\/v2\/comments?post=55208"}],"wp:featuredmedia":[{"embeddable":true,"href":"https:\/\/rms-enlinea.com.ar\/tienda\/wp-json\/wp\/v2\/media\/55209"}],"wp:attachment":[{"href":"https:\/\/rms-enlinea.com.ar\/tienda\/wp-json\/wp\/v2\/media?parent=55208"}],"wp:term":[{"taxonomy":"product_brand","embeddable":true,"href":"https:\/\/rms-enlinea.com.ar\/tienda\/wp-json\/wp\/v2\/product_brand?post=55208"},{"taxonomy":"product_cat","embeddable":true,"href":"https:\/\/rms-enlinea.com.ar\/tienda\/wp-json\/wp\/v2\/product_cat?post=55208"},{"taxonomy":"product_tag","embeddable":true,"href":"https:\/\/rms-enlinea.com.ar\/tienda\/wp-json\/wp\/v2\/product_tag?post=55208"}],"curies":[{"name":"wp","href":"https:\/\/api.w.org\/{rel}","templated":true}]}}