{"id":55215,"date":"2025-08-27T13:20:22","date_gmt":"2025-08-27T16:20:22","guid":{"rendered":"https:\/\/rms-enlinea.com.ar\/tienda\/producto\/router-tp-link-ex511-ax3000-wifi6-wisp-aginet-dual-band\/"},"modified":"2026-04-21T04:41:16","modified_gmt":"2026-04-21T07:41:16","slug":"router-tp-link-ex511-ax3000-wifi6-wisp-aginet-dual-band","status":"publish","type":"product","link":"https:\/\/rms-enlinea.com.ar\/tienda\/producto\/router-tp-link-ex511-ax3000-wifi6-wisp-aginet-dual-band\/","title":{"rendered":"Router Tp-link Ex511 Ax3000 Wifi6 Wisp Aginet Dual Band"},"content":{"rendered":"<p>CARACTER\u00cdSTICAS DEL HARDWARE <br \/>Antena\tCuatro antenas externas de alto rendimiento<br \/>Fuente de alimentaci\u00f3n externa\t12 V\/1,5 A<br \/>Interfaz\t1 puerto WAN RJ45 de 10\/100\/1000 Mbps<br \/> \t4 puertos LAN RJ45 de 10\/100\/1000 Mbps<br \/>Bot\u00f3n\tBot\u00f3n de encendido\/apagado, bot\u00f3n de reinicio, bot\u00f3n Wi-Fi\/WPS<br \/>Dimensiones (Ancho x Profundidad x Alto)\t10,2 \u00d7 5,3 \u00d7 1,5 pulgadas (260,2 \u00d7 135,0 \u00d7 41,6 mm)<br \/>FUNCIONES INAL\u00c1MBRICAS <br \/>Frecuencia\t2,4 GHz y 5 GHz<br \/>Velocidad de la se\u00f1al\tAX3000<br \/> \t5 GHz: Hasta 2402 Mbps<br \/> \t2,4 GHz: Hasta 574 Mbps<br \/>Funciones inal\u00e1mbricas\tHabilitar\/deshabilitar radio inal\u00e1mbrica, WMM, estad\u00edsticas inal\u00e1mbricas<br \/>Seguridad inal\u00e1mbrica\tCifrados WPA\/WPA2\/WPA3<br \/>Est\u00e1ndares inal\u00e1mbricos\tIEEE 802.11a\/n\/ac\/ax 5 GHz<br \/> \tIEEE 802.11b\/g\/n\/ax 2,4 GHz<br \/>Potencia de transmisi\u00f3n\tCE:<br \/>Multi-SSID\t2 SSID m\u00faltiples de 5 GHz<br \/> \t2 SSID m\u00faltiples de 2,4 GHz<br \/>Horario inal\u00e1mbrico\tAdmite programaci\u00f3n inal\u00e1mbrica de 2,4 GHz y 5 GHz<br \/>Tecnolog\u00eda de malla\tCompatible con EasyMesh y soporte 802.11k\/v\/r<\/p>\n","protected":false},"excerpt":{"rendered":"<p>CARACTER\u00cdSTICAS DEL HARDWARE Antena Cuatro antenas externas de alto rendimientoFuente de alimentaci\u00f3n externa 12 V\/1,5 AInterfaz 1 puerto WAN RJ45 de 10\/100\/1000 Mbps 4 puertos LAN RJ45 de 10\/100\/1000 MbpsBot\u00f3n Bot\u00f3n de encendido\/apagado, bot\u00f3n de reinicio, bot\u00f3n Wi-Fi\/WPSDimensiones (Ancho x Profundidad x Alto) 10,2 \u00d7 5,3 \u00d7 1,5 pulgadas (260,2 \u00d7 135,0 \u00d7 41,6 mm)FUNCIONES [&hellip;]<\/p>\n","protected":false},"featured_media":22191,"comment_status":"open","ping_status":"closed","template":"","meta":{"_uag_custom_page_level_css":""},"product_brand":[546],"product_cat":[122],"product_tag":[],"class_list":{"0":"post-55215","1":"product","2":"type-product","3":"status-publish","4":"has-post-thumbnail","6":"product_brand-tplink","7":"product_cat-redes-y-conectividad","9":"first","10":"outofstock","11":"sale","12":"taxable","13":"shipping-taxable","14":"purchasable","15":"product-type-simple"},"uagb_featured_image_src":{"full":["https:\/\/rms-enlinea.com.ar\/wp-content\/uploads\/2025\/06\/D_856455-MLA80892101558_122024-F.jpg",895,709,false],"thumbnail":["https:\/\/rms-enlinea.com.ar\/wp-content\/uploads\/2025\/06\/D_856455-MLA80892101558_122024-F-150x150.jpg",150,150,true],"medium":["https:\/\/rms-enlinea.com.ar\/wp-content\/uploads\/2025\/06\/D_856455-MLA80892101558_122024-F-300x238.jpg",300,238,true],"medium_large":["https:\/\/rms-enlinea.com.ar\/wp-content\/uploads\/2025\/06\/D_856455-MLA80892101558_122024-F-768x608.jpg",768,608,true],"large":["https:\/\/rms-enlinea.com.ar\/wp-content\/uploads\/2025\/06\/D_856455-MLA80892101558_122024-F.jpg",895,709,false],"1536x1536":["https:\/\/rms-enlinea.com.ar\/wp-content\/uploads\/2025\/06\/D_856455-MLA80892101558_122024-F.jpg",895,709,false],"2048x2048":["https:\/\/rms-enlinea.com.ar\/wp-content\/uploads\/2025\/06\/D_856455-MLA80892101558_122024-F.jpg",895,709,false],"woocommerce_thumbnail":["https:\/\/rms-enlinea.com.ar\/wp-content\/uploads\/2025\/06\/D_856455-MLA80892101558_122024-F-450x450.jpg",450,450,true],"woocommerce_single":["https:\/\/rms-enlinea.com.ar\/wp-content\/uploads\/2025\/06\/D_856455-MLA80892101558_122024-F-600x475.jpg",600,475,true],"woocommerce_gallery_thumbnail":["https:\/\/rms-enlinea.com.ar\/wp-content\/uploads\/2025\/06\/D_856455-MLA80892101558_122024-F-100x100.jpg",100,100,true]},"uagb_author_info":{"display_name":"nelson","author_link":"https:\/\/rms-enlinea.com.ar\/tienda\/author\/"},"uagb_comment_info":0,"uagb_excerpt":"CARACTER\u00cdSTICAS DEL HARDWARE Antena Cuatro antenas externas de alto rendimientoFuente de alimentaci\u00f3n externa 12 V\/1,5 AInterfaz 1 puerto WAN RJ45 de 10\/100\/1000 Mbps 4 puertos LAN RJ45 de 10\/100\/1000 MbpsBot\u00f3n Bot\u00f3n de encendido\/apagado, bot\u00f3n de reinicio, bot\u00f3n Wi-Fi\/WPSDimensiones (Ancho x Profundidad x Alto) 10,2 \u00d7 5,3 \u00d7 1,5 pulgadas (260,2 \u00d7 135,0 \u00d7 41,6 mm)FUNCIONES&hellip;","_links":{"self":[{"href":"https:\/\/rms-enlinea.com.ar\/tienda\/wp-json\/wp\/v2\/product\/55215","targetHints":{"allow":["GET"]}}],"collection":[{"href":"https:\/\/rms-enlinea.com.ar\/tienda\/wp-json\/wp\/v2\/product"}],"about":[{"href":"https:\/\/rms-enlinea.com.ar\/tienda\/wp-json\/wp\/v2\/types\/product"}],"replies":[{"embeddable":true,"href":"https:\/\/rms-enlinea.com.ar\/tienda\/wp-json\/wp\/v2\/comments?post=55215"}],"wp:featuredmedia":[{"embeddable":true,"href":"https:\/\/rms-enlinea.com.ar\/tienda\/wp-json\/wp\/v2\/media\/22191"}],"wp:attachment":[{"href":"https:\/\/rms-enlinea.com.ar\/tienda\/wp-json\/wp\/v2\/media?parent=55215"}],"wp:term":[{"taxonomy":"product_brand","embeddable":true,"href":"https:\/\/rms-enlinea.com.ar\/tienda\/wp-json\/wp\/v2\/product_brand?post=55215"},{"taxonomy":"product_cat","embeddable":true,"href":"https:\/\/rms-enlinea.com.ar\/tienda\/wp-json\/wp\/v2\/product_cat?post=55215"},{"taxonomy":"product_tag","embeddable":true,"href":"https:\/\/rms-enlinea.com.ar\/tienda\/wp-json\/wp\/v2\/product_tag?post=55215"}],"curies":[{"name":"wp","href":"https:\/\/api.w.org\/{rel}","templated":true}]}}