{"id":55216,"date":"2025-08-27T13:20:45","date_gmt":"2025-08-27T16:20:45","guid":{"rendered":"https:\/\/rms-enlinea.com.ar\/tienda\/producto\/switch-tp-link-sg3428xmp-24-puertos-4-sfp-giga-jet-omada\/"},"modified":"2026-04-03T20:50:19","modified_gmt":"2026-04-03T23:50:19","slug":"switch-tp-link-sg3428xmp-24-puertos-4-sfp-giga-jet-omada","status":"publish","type":"product","link":"https:\/\/rms-enlinea.com.ar\/tienda\/producto\/switch-tp-link-sg3428xmp-24-puertos-4-sfp-giga-jet-omada\/","title":{"rendered":"Switch Tp-link Sg3428xmp 24 Puertos 4 Sfp Giga Jet Omada"},"content":{"rendered":"<p>CARACTER\u00cdSTICAS DE HARDWARE<br \/>Interfaz\t\u2022 Puertos RJ45 de 24 \u00d7 10\/100\/1000 Mbps<br \/> \t\u2022 4 ranuras 10G SFP +<br \/> \t\u2022 1 puerto de consola RJ45<br \/> \t\u2022 1 puerto de consola micro-USB<br \/>Cantidad de Ventiladores\t2<br \/>Fuente de Alimentaci\u00f3n\t100-240 V AC~50\/60 Hz<br \/>Puertos PoE+ (RJ45)\t\u2022 Est\u00e1ndar: compatible con 802.3at\/af<br \/> \t\u2022 Puertos PoE+: 24 puertos, hasta 30 W por puerto<br \/> \t\u2022 Presupuesto de energ\u00eda: 384 W<br \/>Dimensiones\t17.3 \u00d7 13.0 \u00d7 1.7 in (440 \u00d7 330 \u00d7 44 mm)<br \/>Montaje\tMontaje en Rack<br \/>Consumo de Potencia M\u00e1ximo\t\u2022 V1: 465,8 W (110 V\/60 Hz) (con dispositivo PD de 384 W conectado); 34,4 W (110 V\/60 Hz) (sin dispositivo PD conectado)<br \/> \t\u2022 V2: 455,5 W (110 V\/60 Hz) (con 384 W PD conectado)<br \/>Disipaci\u00f3n m\u00e1xima de calor\t\u2022 V1: 1589,31 BTU\/h (110 V\/60 Hz) (con dispositivo PD de 384 W conectado); 117,38 BTU\/h (110 V\/60 Hz) (sin dispositivo PD conectado)<br \/> \t\u2022 V2: 1554,39 BTU\/h (110 V\/60 Hz) (con PD de 384 W conectado)<\/p>\n","protected":false},"excerpt":{"rendered":"<p>CARACTER\u00cdSTICAS DE HARDWAREInterfaz \u2022 Puertos RJ45 de 24 \u00d7 10\/100\/1000 Mbps \u2022 4 ranuras 10G SFP + \u2022 1 puerto de consola RJ45 \u2022 1 puerto de consola micro-USBCantidad de Ventiladores 2Fuente de Alimentaci\u00f3n 100-240 V AC~50\/60 HzPuertos PoE+ (RJ45) \u2022 Est\u00e1ndar: compatible con 802.3at\/af \u2022 Puertos PoE+: 24 puertos, hasta 30 W por puerto [&hellip;]<\/p>\n","protected":false},"featured_media":5337,"comment_status":"open","ping_status":"closed","template":"","meta":{"_uag_custom_page_level_css":""},"product_brand":[546],"product_cat":[122],"product_tag":[],"class_list":{"0":"post-55216","1":"product","2":"type-product","3":"status-publish","4":"has-post-thumbnail","6":"product_brand-tplink","7":"product_cat-redes-y-conectividad","9":"first","10":"instock","11":"sale","12":"taxable","13":"shipping-taxable","14":"purchasable","15":"product-type-simple"},"uagb_featured_image_src":{"full":["https:\/\/rms-enlinea.com.ar\/wp-content\/uploads\/2025\/06\/D_654387-MLU74729064970_032024-F.jpg",1199,348,false],"thumbnail":["https:\/\/rms-enlinea.com.ar\/wp-content\/uploads\/2025\/06\/D_654387-MLU74729064970_032024-F-150x150.jpg",150,150,true],"medium":["https:\/\/rms-enlinea.com.ar\/wp-content\/uploads\/2025\/06\/D_654387-MLU74729064970_032024-F-300x87.jpg",300,87,true],"medium_large":["https:\/\/rms-enlinea.com.ar\/wp-content\/uploads\/2025\/06\/D_654387-MLU74729064970_032024-F-768x223.jpg",768,223,true],"large":["https:\/\/rms-enlinea.com.ar\/wp-content\/uploads\/2025\/06\/D_654387-MLU74729064970_032024-F-1024x297.jpg",1024,297,true],"1536x1536":["https:\/\/rms-enlinea.com.ar\/wp-content\/uploads\/2025\/06\/D_654387-MLU74729064970_032024-F.jpg",1199,348,false],"2048x2048":["https:\/\/rms-enlinea.com.ar\/wp-content\/uploads\/2025\/06\/D_654387-MLU74729064970_032024-F.jpg",1199,348,false],"woocommerce_thumbnail":["https:\/\/rms-enlinea.com.ar\/wp-content\/uploads\/2025\/06\/D_654387-MLU74729064970_032024-F-450x348.jpg",450,348,true],"woocommerce_single":["https:\/\/rms-enlinea.com.ar\/wp-content\/uploads\/2025\/06\/D_654387-MLU74729064970_032024-F-600x174.jpg",600,174,true],"woocommerce_gallery_thumbnail":["https:\/\/rms-enlinea.com.ar\/wp-content\/uploads\/2025\/06\/D_654387-MLU74729064970_032024-F-100x100.jpg",100,100,true]},"uagb_author_info":{"display_name":"nelson","author_link":"https:\/\/rms-enlinea.com.ar\/tienda\/author\/"},"uagb_comment_info":0,"uagb_excerpt":"CARACTER\u00cdSTICAS DE HARDWAREInterfaz \u2022 Puertos RJ45 de 24 \u00d7 10\/100\/1000 Mbps \u2022 4 ranuras 10G SFP + \u2022 1 puerto de consola RJ45 \u2022 1 puerto de consola micro-USBCantidad de Ventiladores 2Fuente de Alimentaci\u00f3n 100-240 V AC~50\/60 HzPuertos PoE+ (RJ45) \u2022 Est\u00e1ndar: compatible con 802.3at\/af \u2022 Puertos PoE+: 24 puertos, hasta 30 W por puerto&hellip;","_links":{"self":[{"href":"https:\/\/rms-enlinea.com.ar\/tienda\/wp-json\/wp\/v2\/product\/55216","targetHints":{"allow":["GET"]}}],"collection":[{"href":"https:\/\/rms-enlinea.com.ar\/tienda\/wp-json\/wp\/v2\/product"}],"about":[{"href":"https:\/\/rms-enlinea.com.ar\/tienda\/wp-json\/wp\/v2\/types\/product"}],"replies":[{"embeddable":true,"href":"https:\/\/rms-enlinea.com.ar\/tienda\/wp-json\/wp\/v2\/comments?post=55216"}],"wp:featuredmedia":[{"embeddable":true,"href":"https:\/\/rms-enlinea.com.ar\/tienda\/wp-json\/wp\/v2\/media\/5337"}],"wp:attachment":[{"href":"https:\/\/rms-enlinea.com.ar\/tienda\/wp-json\/wp\/v2\/media?parent=55216"}],"wp:term":[{"taxonomy":"product_brand","embeddable":true,"href":"https:\/\/rms-enlinea.com.ar\/tienda\/wp-json\/wp\/v2\/product_brand?post=55216"},{"taxonomy":"product_cat","embeddable":true,"href":"https:\/\/rms-enlinea.com.ar\/tienda\/wp-json\/wp\/v2\/product_cat?post=55216"},{"taxonomy":"product_tag","embeddable":true,"href":"https:\/\/rms-enlinea.com.ar\/tienda\/wp-json\/wp\/v2\/product_tag?post=55216"}],"curies":[{"name":"wp","href":"https:\/\/api.w.org\/{rel}","templated":true}]}}