{"id":55221,"date":"2025-08-27T13:30:52","date_gmt":"2025-08-27T16:30:52","guid":{"rendered":"https:\/\/rms-enlinea.com.ar\/tienda\/producto\/switch-tp-link-tl-sg1024d-24-puertos-gigabit\/"},"modified":"2026-04-21T05:03:48","modified_gmt":"2026-04-21T08:03:48","slug":"switch-tp-link-tl-sg1024d-24-puertos-gigabit","status":"publish","type":"product","link":"https:\/\/rms-enlinea.com.ar\/tienda\/producto\/switch-tp-link-tl-sg1024d-24-puertos-gigabit\/","title":{"rendered":"Switch Tp-link Tl-sg1024d 24 Puertos Gigabit"},"content":{"rendered":"<p>CARACTER\u00cdSTICAS DE HARDWARE <br \/>Est\u00e1ndares y Protocolos\tIEEE 802.3i, IEEE 802.3u, IEEE 802.3ab , IEEE 802.3x<br \/>Interfaz\t24 puertos RJ45 a 10\/100\/1000 Mbps con negociaci\u00f3n autom\u00e1tica<br \/> \t(MDI\/MDIX autom\u00e1tico)<br \/>Medios de Red\t10BASE-T: cable UTP categor\u00eda 3, 4, 5 (100 metros m\u00e1ximo)<br \/> \t100BASE-TX\/1000BASE-T: cable UTP categor\u00eda 5, 5e o above cable (m\u00e1ximo 100 metros)<br \/>Cantidad de Ventiladores\tSin ventilador<br \/>Bloqueo de Seguridad F\u00edsico\tNo<br \/>Fuente de Alimentaci\u00f3n\t100-240VAC, 50\/60Hz<br \/>Dimensiones\t11,6*7,1*1,7 pulgadas (294*180*44 mm)<br \/>Montaje\tMontaje en Rack<br \/>Consumo de Potencia M\u00e1ximo\t13.08W(220V\/50Hz)<br \/>Max Heat Dissipation\t44.63BTU\/h<\/p>\n","protected":false},"excerpt":{"rendered":"<p>CARACTER\u00cdSTICAS DE HARDWARE Est\u00e1ndares y Protocolos IEEE 802.3i, IEEE 802.3u, IEEE 802.3ab , IEEE 802.3xInterfaz 24 puertos RJ45 a 10\/100\/1000 Mbps con negociaci\u00f3n autom\u00e1tica (MDI\/MDIX autom\u00e1tico)Medios de Red 10BASE-T: cable UTP categor\u00eda 3, 4, 5 (100 metros m\u00e1ximo) 100BASE-TX\/1000BASE-T: cable UTP categor\u00eda 5, 5e o above cable (m\u00e1ximo 100 metros)Cantidad de Ventiladores Sin ventiladorBloqueo de [&hellip;]<\/p>\n","protected":false},"featured_media":28379,"comment_status":"open","ping_status":"closed","template":"","meta":{"_uag_custom_page_level_css":""},"product_brand":[546],"product_cat":[122],"product_tag":[],"class_list":{"0":"post-55221","1":"product","2":"type-product","3":"status-publish","4":"has-post-thumbnail","6":"product_brand-tplink","7":"product_cat-redes-y-conectividad","9":"first","10":"outofstock","11":"sale","12":"taxable","13":"shipping-taxable","14":"purchasable","15":"product-type-simple"},"uagb_featured_image_src":{"full":["https:\/\/rms-enlinea.com.ar\/wp-content\/uploads\/2025\/06\/D_668240-MLA79844764832_102024-F.jpg",829,602,false],"thumbnail":["https:\/\/rms-enlinea.com.ar\/wp-content\/uploads\/2025\/06\/D_668240-MLA79844764832_102024-F-150x150.jpg",150,150,true],"medium":["https:\/\/rms-enlinea.com.ar\/wp-content\/uploads\/2025\/06\/D_668240-MLA79844764832_102024-F-300x218.jpg",300,218,true],"medium_large":["https:\/\/rms-enlinea.com.ar\/wp-content\/uploads\/2025\/06\/D_668240-MLA79844764832_102024-F-768x558.jpg",768,558,true],"large":["https:\/\/rms-enlinea.com.ar\/wp-content\/uploads\/2025\/06\/D_668240-MLA79844764832_102024-F.jpg",829,602,false],"1536x1536":["https:\/\/rms-enlinea.com.ar\/wp-content\/uploads\/2025\/06\/D_668240-MLA79844764832_102024-F.jpg",829,602,false],"2048x2048":["https:\/\/rms-enlinea.com.ar\/wp-content\/uploads\/2025\/06\/D_668240-MLA79844764832_102024-F.jpg",829,602,false],"woocommerce_thumbnail":["https:\/\/rms-enlinea.com.ar\/wp-content\/uploads\/2025\/06\/D_668240-MLA79844764832_102024-F-450x450.jpg",450,450,true],"woocommerce_single":["https:\/\/rms-enlinea.com.ar\/wp-content\/uploads\/2025\/06\/D_668240-MLA79844764832_102024-F-600x436.jpg",600,436,true],"woocommerce_gallery_thumbnail":["https:\/\/rms-enlinea.com.ar\/wp-content\/uploads\/2025\/06\/D_668240-MLA79844764832_102024-F-100x100.jpg",100,100,true]},"uagb_author_info":{"display_name":"nelson","author_link":"https:\/\/rms-enlinea.com.ar\/tienda\/author\/"},"uagb_comment_info":0,"uagb_excerpt":"CARACTER\u00cdSTICAS DE HARDWARE Est\u00e1ndares y Protocolos IEEE 802.3i, IEEE 802.3u, IEEE 802.3ab , IEEE 802.3xInterfaz 24 puertos RJ45 a 10\/100\/1000 Mbps con negociaci\u00f3n autom\u00e1tica (MDI\/MDIX autom\u00e1tico)Medios de Red 10BASE-T: cable UTP categor\u00eda 3, 4, 5 (100 metros m\u00e1ximo) 100BASE-TX\/1000BASE-T: cable UTP categor\u00eda 5, 5e o above cable (m\u00e1ximo 100 metros)Cantidad de Ventiladores Sin ventiladorBloqueo de&hellip;","_links":{"self":[{"href":"https:\/\/rms-enlinea.com.ar\/tienda\/wp-json\/wp\/v2\/product\/55221","targetHints":{"allow":["GET"]}}],"collection":[{"href":"https:\/\/rms-enlinea.com.ar\/tienda\/wp-json\/wp\/v2\/product"}],"about":[{"href":"https:\/\/rms-enlinea.com.ar\/tienda\/wp-json\/wp\/v2\/types\/product"}],"replies":[{"embeddable":true,"href":"https:\/\/rms-enlinea.com.ar\/tienda\/wp-json\/wp\/v2\/comments?post=55221"}],"wp:featuredmedia":[{"embeddable":true,"href":"https:\/\/rms-enlinea.com.ar\/tienda\/wp-json\/wp\/v2\/media\/28379"}],"wp:attachment":[{"href":"https:\/\/rms-enlinea.com.ar\/tienda\/wp-json\/wp\/v2\/media?parent=55221"}],"wp:term":[{"taxonomy":"product_brand","embeddable":true,"href":"https:\/\/rms-enlinea.com.ar\/tienda\/wp-json\/wp\/v2\/product_brand?post=55221"},{"taxonomy":"product_cat","embeddable":true,"href":"https:\/\/rms-enlinea.com.ar\/tienda\/wp-json\/wp\/v2\/product_cat?post=55221"},{"taxonomy":"product_tag","embeddable":true,"href":"https:\/\/rms-enlinea.com.ar\/tienda\/wp-json\/wp\/v2\/product_tag?post=55221"}],"curies":[{"name":"wp","href":"https:\/\/api.w.org\/{rel}","templated":true}]}}