{"id":55227,"date":"2025-08-27T23:20:14","date_gmt":"2025-08-28T02:20:14","guid":{"rendered":"https:\/\/rms-enlinea.com.ar\/tienda\/producto\/auricular-gamer-genius-gx-hsg600v-envolvente-vibracion\/"},"modified":"2026-04-01T15:30:27","modified_gmt":"2026-04-01T18:30:27","slug":"auricular-gamer-genius-gx-hsg600v-envolvente-vibracion","status":"publish","type":"product","link":"https:\/\/rms-enlinea.com.ar\/tienda\/producto\/auricular-gamer-genius-gx-hsg600v-envolvente-vibracion\/","title":{"rendered":"Auricular Gamer Genius Gx Hsg600v Envolvente Vibracion"},"content":{"rendered":"<p>Tipo<br \/>\nGaming Auriculares<br \/>\nConectividad<br \/>\nClavija Est\u00e9reo de 3,5 mm x2 \/ USB cable de alimentaci\u00f3n (por vibraci\u00f3n s\u00f3lo) x1<br \/>\nUnidad de controlador<br \/>\n40 mm<br \/>\nRespuesta frecuente<br \/>\n20 \u2013 20 kHz (at 1 kHz Output S.P.L \u00b1 10 dB)<br \/>\nPresi\u00f3n De Sonido De La Palanca (S.P.L)<br \/>\n115 dB \u00b1 4 dB A 1 khz \/ 1 cm \/ 1mW de entrada<br \/>\nLa Carga De Impedancia<br \/>\n32 ohmios \u00b1 15%<br \/>\nMicr\u00f3fono unidad unidad<br \/>\n9.7 mm<br \/>\nMicr\u00f3fono Respuesta de frecuencia<br \/>\n100 \u2013 10000 Hz (at kHz \u00b1 6 dB)<br \/>\nMicr\u00f3fono palanca de presi\u00f3n de sonido (S.P.L)<br \/>\n\u201354 \u00b1 3 dB (0dB =1 V \/ ubar.1 kHz)<br \/>\nMicr\u00f3fono Impedancia De Salida<br \/>\n2.2 K ohm<br \/>\nMicr\u00f3fono mic. NO\/OFF<br \/>\nS\u00ed<br \/>\nMicr\u00f3fono Control de volumen<br \/>\nTipo rotatorio<br \/>\nMicr\u00f3fono la vibraci\u00f3n<br \/>\nS\u00ed<br \/>\nLongitud del cable (m)\/h6&gt;<br \/>\n1.8 m<br \/>\nOtro<br \/>\n\u2014<br \/>\nPeso (g)<br \/>\nAprox. 320 g<br \/>\nDimensiones (L x A x P) mm (pulgadas)<br \/>\n220.27 x 195.91 x 95.70 mm (8.67 x 7.71 x 3.77 pulgadas)<\/p>\n","protected":false},"excerpt":{"rendered":"<p>Tipo Gaming Auriculares Conectividad Clavija Est\u00e9reo de 3,5 mm x2 \/ USB cable de alimentaci\u00f3n (por vibraci\u00f3n s\u00f3lo) x1 Unidad de controlador 40 mm Respuesta frecuente 20 \u2013 20 kHz (at 1 kHz Output S.P.L \u00b1 10 dB) Presi\u00f3n De Sonido De La Palanca (S.P.L) 115 dB \u00b1 4 dB A 1 khz \/ 1 [&hellip;]<\/p>\n","protected":false},"featured_media":55228,"comment_status":"open","ping_status":"closed","template":"","meta":{"_uag_custom_page_level_css":""},"product_brand":[550],"product_cat":[99],"product_tag":[],"class_list":{"0":"post-55227","1":"product","2":"type-product","3":"status-publish","4":"has-post-thumbnail","6":"product_brand-genius","7":"product_cat-auriculares-computacion","9":"first","10":"outofstock","11":"sale","12":"taxable","13":"shipping-taxable","14":"purchasable","15":"product-type-simple"},"uagb_featured_image_src":{"full":["https:\/\/rms-enlinea.com.ar\/wp-content\/uploads\/2025\/08\/D_860308-MLA91154724289_082025-F.jpg",894,1198,false],"thumbnail":["https:\/\/rms-enlinea.com.ar\/wp-content\/uploads\/2025\/08\/D_860308-MLA91154724289_082025-F-150x150.jpg",150,150,true],"medium":["https:\/\/rms-enlinea.com.ar\/wp-content\/uploads\/2025\/08\/D_860308-MLA91154724289_082025-F-224x300.jpg",224,300,true],"medium_large":["https:\/\/rms-enlinea.com.ar\/wp-content\/uploads\/2025\/08\/D_860308-MLA91154724289_082025-F-768x1029.jpg",768,1029,true],"large":["https:\/\/rms-enlinea.com.ar\/wp-content\/uploads\/2025\/08\/D_860308-MLA91154724289_082025-F-764x1024.jpg",764,1024,true],"1536x1536":["https:\/\/rms-enlinea.com.ar\/wp-content\/uploads\/2025\/08\/D_860308-MLA91154724289_082025-F.jpg",894,1198,false],"2048x2048":["https:\/\/rms-enlinea.com.ar\/wp-content\/uploads\/2025\/08\/D_860308-MLA91154724289_082025-F.jpg",894,1198,false],"woocommerce_thumbnail":["https:\/\/rms-enlinea.com.ar\/wp-content\/uploads\/2025\/08\/D_860308-MLA91154724289_082025-F-450x450.jpg",450,450,true],"woocommerce_single":["https:\/\/rms-enlinea.com.ar\/wp-content\/uploads\/2025\/08\/D_860308-MLA91154724289_082025-F-600x804.jpg",600,804,true],"woocommerce_gallery_thumbnail":["https:\/\/rms-enlinea.com.ar\/wp-content\/uploads\/2025\/08\/D_860308-MLA91154724289_082025-F-100x100.jpg",100,100,true]},"uagb_author_info":{"display_name":"nelson","author_link":"https:\/\/rms-enlinea.com.ar\/tienda\/author\/"},"uagb_comment_info":0,"uagb_excerpt":"Tipo Gaming Auriculares Conectividad Clavija Est\u00e9reo de 3,5 mm x2 \/ USB cable de alimentaci\u00f3n (por vibraci\u00f3n s\u00f3lo) x1 Unidad de controlador 40 mm Respuesta frecuente 20 \u2013 20 kHz (at 1 kHz Output S.P.L \u00b1 10 dB) Presi\u00f3n De Sonido De La Palanca (S.P.L) 115 dB \u00b1 4 dB A 1 khz \/ 1&hellip;","_links":{"self":[{"href":"https:\/\/rms-enlinea.com.ar\/tienda\/wp-json\/wp\/v2\/product\/55227","targetHints":{"allow":["GET"]}}],"collection":[{"href":"https:\/\/rms-enlinea.com.ar\/tienda\/wp-json\/wp\/v2\/product"}],"about":[{"href":"https:\/\/rms-enlinea.com.ar\/tienda\/wp-json\/wp\/v2\/types\/product"}],"replies":[{"embeddable":true,"href":"https:\/\/rms-enlinea.com.ar\/tienda\/wp-json\/wp\/v2\/comments?post=55227"}],"wp:featuredmedia":[{"embeddable":true,"href":"https:\/\/rms-enlinea.com.ar\/tienda\/wp-json\/wp\/v2\/media\/55228"}],"wp:attachment":[{"href":"https:\/\/rms-enlinea.com.ar\/tienda\/wp-json\/wp\/v2\/media?parent=55227"}],"wp:term":[{"taxonomy":"product_brand","embeddable":true,"href":"https:\/\/rms-enlinea.com.ar\/tienda\/wp-json\/wp\/v2\/product_brand?post=55227"},{"taxonomy":"product_cat","embeddable":true,"href":"https:\/\/rms-enlinea.com.ar\/tienda\/wp-json\/wp\/v2\/product_cat?post=55227"},{"taxonomy":"product_tag","embeddable":true,"href":"https:\/\/rms-enlinea.com.ar\/tienda\/wp-json\/wp\/v2\/product_tag?post=55227"}],"curies":[{"name":"wp","href":"https:\/\/api.w.org\/{rel}","templated":true}]}}