{"id":55236,"date":"2025-08-27T23:40:13","date_gmt":"2025-08-28T02:40:13","guid":{"rendered":"https:\/\/rms-enlinea.com.ar\/tienda\/producto\/mouse-inalambrico-genius-rs2-nx-7125-2-4ghz-silver-3\/"},"modified":"2026-04-21T07:01:47","modified_gmt":"2026-04-21T10:01:47","slug":"mouse-inalambrico-genius-rs2-nx-7125-2-4ghz-silver-3","status":"publish","type":"product","link":"https:\/\/rms-enlinea.com.ar\/tienda\/producto\/mouse-inalambrico-genius-rs2-nx-7125-2-4ghz-silver-3\/","title":{"rendered":"Mouse Inalambrico Genius Rs2 Nx-7125 2.4ghz Silver"},"content":{"rendered":"<p>Frecuencia RF<br \/>2.4 GHz<br \/>Interfaz<br \/>Receptor USB-A <br \/>Motor del sensor<br \/>\u00d3ptico<br \/>Resoluci\u00f3n (DPI)<br \/>1200<br \/>N\u00famero de botones<br \/>4 botones (izquierdo, derecho, central con desplazamiento y tecla de activaci\u00f3n de AI Copilot)<br \/>Tipo de bater\u00eda<br \/>AA<br \/>Otros<br \/>&#8211;<br \/>Peso (g)<br \/>Aprox. 57 g (incluye receptor)<br \/>Dimensiones (An x Al x Pr) mm (pulgadas)<br \/>58.7 x 100 x 38.8 mm (2.31&#8243; x 3.94&#8243; x 1.53&#8243;)<br \/>Requisitos del sistema<br \/>Windows\u00ae 8, 10, 11 \/ macOS 10.8 o posterior \/ Puerto USB-A<\/p>\n","protected":false},"excerpt":{"rendered":"<p>Frecuencia RF2.4 GHzInterfazReceptor USB-A Motor del sensor\u00d3pticoResoluci\u00f3n (DPI)1200N\u00famero de botones4 botones (izquierdo, derecho, central con desplazamiento y tecla de activaci\u00f3n de AI Copilot)Tipo de bater\u00edaAAOtros&#8211;Peso (g)Aprox. 57 g (incluye receptor)Dimensiones (An x Al x Pr) mm (pulgadas)58.7 x 100 x 38.8 mm (2.31&#8243; x 3.94&#8243; x 1.53&#8243;)Requisitos del sistemaWindows\u00ae 8, 10, 11 \/ macOS 10.8 [&hellip;]<\/p>\n","protected":false},"featured_media":55237,"comment_status":"open","ping_status":"closed","template":"","meta":{"_uag_custom_page_level_css":""},"product_brand":[550],"product_cat":[125],"product_tag":[],"class_list":{"0":"post-55236","1":"product","2":"type-product","3":"status-publish","4":"has-post-thumbnail","6":"product_brand-genius","7":"product_cat-teclados-y-mouses","9":"first","10":"outofstock","11":"sale","12":"taxable","13":"shipping-taxable","14":"purchasable","15":"product-type-simple"},"uagb_featured_image_src":{"full":["https:\/\/rms-enlinea.com.ar\/wp-content\/uploads\/2025\/08\/D_695409-MLA91156324455_082025-F.jpg",1027,1200,false],"thumbnail":["https:\/\/rms-enlinea.com.ar\/wp-content\/uploads\/2025\/08\/D_695409-MLA91156324455_082025-F-150x150.jpg",150,150,true],"medium":["https:\/\/rms-enlinea.com.ar\/wp-content\/uploads\/2025\/08\/D_695409-MLA91156324455_082025-F-257x300.jpg",257,300,true],"medium_large":["https:\/\/rms-enlinea.com.ar\/wp-content\/uploads\/2025\/08\/D_695409-MLA91156324455_082025-F-768x897.jpg",768,897,true],"large":["https:\/\/rms-enlinea.com.ar\/wp-content\/uploads\/2025\/08\/D_695409-MLA91156324455_082025-F-876x1024.jpg",876,1024,true],"1536x1536":["https:\/\/rms-enlinea.com.ar\/wp-content\/uploads\/2025\/08\/D_695409-MLA91156324455_082025-F.jpg",1027,1200,false],"2048x2048":["https:\/\/rms-enlinea.com.ar\/wp-content\/uploads\/2025\/08\/D_695409-MLA91156324455_082025-F.jpg",1027,1200,false],"woocommerce_thumbnail":["https:\/\/rms-enlinea.com.ar\/wp-content\/uploads\/2025\/08\/D_695409-MLA91156324455_082025-F-450x450.jpg",450,450,true],"woocommerce_single":["https:\/\/rms-enlinea.com.ar\/wp-content\/uploads\/2025\/08\/D_695409-MLA91156324455_082025-F-600x701.jpg",600,701,true],"woocommerce_gallery_thumbnail":["https:\/\/rms-enlinea.com.ar\/wp-content\/uploads\/2025\/08\/D_695409-MLA91156324455_082025-F-100x100.jpg",100,100,true]},"uagb_author_info":{"display_name":"nelson","author_link":"https:\/\/rms-enlinea.com.ar\/tienda\/author\/"},"uagb_comment_info":0,"uagb_excerpt":"Frecuencia RF2.4 GHzInterfazReceptor USB-A Motor del sensor\u00d3pticoResoluci\u00f3n (DPI)1200N\u00famero de botones4 botones (izquierdo, derecho, central con desplazamiento y tecla de activaci\u00f3n de AI Copilot)Tipo de bater\u00edaAAOtros&#8211;Peso (g)Aprox. 57 g (incluye receptor)Dimensiones (An x Al x Pr) mm (pulgadas)58.7 x 100 x 38.8 mm (2.31&#8243; x 3.94&#8243; x 1.53&#8243;)Requisitos del sistemaWindows\u00ae 8, 10, 11 \/ macOS 10.8&hellip;","_links":{"self":[{"href":"https:\/\/rms-enlinea.com.ar\/tienda\/wp-json\/wp\/v2\/product\/55236","targetHints":{"allow":["GET"]}}],"collection":[{"href":"https:\/\/rms-enlinea.com.ar\/tienda\/wp-json\/wp\/v2\/product"}],"about":[{"href":"https:\/\/rms-enlinea.com.ar\/tienda\/wp-json\/wp\/v2\/types\/product"}],"replies":[{"embeddable":true,"href":"https:\/\/rms-enlinea.com.ar\/tienda\/wp-json\/wp\/v2\/comments?post=55236"}],"wp:featuredmedia":[{"embeddable":true,"href":"https:\/\/rms-enlinea.com.ar\/tienda\/wp-json\/wp\/v2\/media\/55237"}],"wp:attachment":[{"href":"https:\/\/rms-enlinea.com.ar\/tienda\/wp-json\/wp\/v2\/media?parent=55236"}],"wp:term":[{"taxonomy":"product_brand","embeddable":true,"href":"https:\/\/rms-enlinea.com.ar\/tienda\/wp-json\/wp\/v2\/product_brand?post=55236"},{"taxonomy":"product_cat","embeddable":true,"href":"https:\/\/rms-enlinea.com.ar\/tienda\/wp-json\/wp\/v2\/product_cat?post=55236"},{"taxonomy":"product_tag","embeddable":true,"href":"https:\/\/rms-enlinea.com.ar\/tienda\/wp-json\/wp\/v2\/product_tag?post=55236"}],"curies":[{"name":"wp","href":"https:\/\/api.w.org\/{rel}","templated":true}]}}