{"id":55256,"date":"2025-08-28T12:50:04","date_gmt":"2025-08-28T15:50:04","guid":{"rendered":"https:\/\/rms-enlinea.com.ar\/tienda\/producto\/parlante-genius-sp-hf180-6w-usb-color-madera-pino\/"},"modified":"2026-02-20T18:56:36","modified_gmt":"2026-02-20T21:56:36","slug":"parlante-genius-sp-hf180-6w-usb-color-madera-pino","status":"publish","type":"product","link":"https:\/\/rms-enlinea.com.ar\/tienda\/producto\/parlante-genius-sp-hf180-6w-usb-color-madera-pino\/","title":{"rendered":"Parlante Genius Sp-hf180 6w Usb Color Madera Pino"},"content":{"rendered":"<p>Fuente de alimentaci\u00f3n USB, salida de audio de 3.5mm<\/p>\n<p>Entrada de audio 3.5 mm<\/p>\n<p>Potencia total de salida (W) 2 x 3W (6W)<\/p>\n<p>Unidad de controlador 2 pulgadas<\/p>\n<p>Respuesta de frecuencia 150 Hz ~ 20 KHz<\/p>\n<p>Control de volumen S\u00ed<\/p>\n<p>Longitud del cable (m) 1.1m<\/p>\n<p>Peso (g) Aprox. 714 g<\/p>\n<p>Dimensiones (An x Al x P) mm (pulgadas) 77 x 152 x 100 ( 3.03&#8243; x 5.98&#8243; x 3.94&#8243; )<\/p>\n<p>Requisitos del sistema Compatible con una entrada de 3.5 mm, incluyendo televisores, computadoras, tel\u00e9fonos inteligentes y reproductores de m\u00fasica.<\/p>\n<p>Color Madera de pino<\/p>\n<p>\u00bfQu\u00e9 incluye? SP-HF180 (un par), Gu\u00eda r\u00e1pida en varios idiomas<\/p>\n","protected":false},"excerpt":{"rendered":"<p>Fuente de alimentaci\u00f3n USB, salida de audio de 3.5mm Entrada de audio 3.5 mm Potencia total de salida (W) 2 x 3W (6W) Unidad de controlador 2 pulgadas Respuesta de frecuencia 150 Hz ~ 20 KHz Control de volumen S\u00ed Longitud del cable (m) 1.1m Peso (g) Aprox. 714 g Dimensiones (An x Al x [&hellip;]<\/p>\n","protected":false},"featured_media":55257,"comment_status":"open","ping_status":"closed","template":"","meta":{"_uag_custom_page_level_css":""},"product_brand":[550],"product_cat":[124],"product_tag":[],"class_list":{"0":"post-55256","1":"product","2":"type-product","3":"status-publish","4":"has-post-thumbnail","6":"product_brand-genius","7":"product_cat-sistemas-de-sonido-parlantes","9":"first","10":"outofstock","11":"sale","12":"taxable","13":"shipping-taxable","14":"purchasable","15":"product-type-simple"},"uagb_featured_image_src":{"full":["https:\/\/rms-enlinea.com.ar\/wp-content\/uploads\/2025\/08\/D_641301-MLA90820066388_082025-F.jpg",1199,850,false],"thumbnail":["https:\/\/rms-enlinea.com.ar\/wp-content\/uploads\/2025\/08\/D_641301-MLA90820066388_082025-F-150x150.jpg",150,150,true],"medium":["https:\/\/rms-enlinea.com.ar\/wp-content\/uploads\/2025\/08\/D_641301-MLA90820066388_082025-F-300x213.jpg",300,213,true],"medium_large":["https:\/\/rms-enlinea.com.ar\/wp-content\/uploads\/2025\/08\/D_641301-MLA90820066388_082025-F-768x544.jpg",768,544,true],"large":["https:\/\/rms-enlinea.com.ar\/wp-content\/uploads\/2025\/08\/D_641301-MLA90820066388_082025-F-1024x726.jpg",1024,726,true],"1536x1536":["https:\/\/rms-enlinea.com.ar\/wp-content\/uploads\/2025\/08\/D_641301-MLA90820066388_082025-F.jpg",1199,850,false],"2048x2048":["https:\/\/rms-enlinea.com.ar\/wp-content\/uploads\/2025\/08\/D_641301-MLA90820066388_082025-F.jpg",1199,850,false],"woocommerce_thumbnail":["https:\/\/rms-enlinea.com.ar\/wp-content\/uploads\/2025\/08\/D_641301-MLA90820066388_082025-F-450x450.jpg",450,450,true],"woocommerce_single":["https:\/\/rms-enlinea.com.ar\/wp-content\/uploads\/2025\/08\/D_641301-MLA90820066388_082025-F-600x425.jpg",600,425,true],"woocommerce_gallery_thumbnail":["https:\/\/rms-enlinea.com.ar\/wp-content\/uploads\/2025\/08\/D_641301-MLA90820066388_082025-F-100x100.jpg",100,100,true]},"uagb_author_info":{"display_name":"nelson","author_link":"https:\/\/rms-enlinea.com.ar\/tienda\/author\/"},"uagb_comment_info":0,"uagb_excerpt":"Fuente de alimentaci\u00f3n USB, salida de audio de 3.5mm Entrada de audio 3.5 mm Potencia total de salida (W) 2 x 3W (6W) Unidad de controlador 2 pulgadas Respuesta de frecuencia 150 Hz ~ 20 KHz Control de volumen S\u00ed Longitud del cable (m) 1.1m Peso (g) Aprox. 714 g Dimensiones (An x Al x&hellip;","_links":{"self":[{"href":"https:\/\/rms-enlinea.com.ar\/tienda\/wp-json\/wp\/v2\/product\/55256","targetHints":{"allow":["GET"]}}],"collection":[{"href":"https:\/\/rms-enlinea.com.ar\/tienda\/wp-json\/wp\/v2\/product"}],"about":[{"href":"https:\/\/rms-enlinea.com.ar\/tienda\/wp-json\/wp\/v2\/types\/product"}],"replies":[{"embeddable":true,"href":"https:\/\/rms-enlinea.com.ar\/tienda\/wp-json\/wp\/v2\/comments?post=55256"}],"wp:featuredmedia":[{"embeddable":true,"href":"https:\/\/rms-enlinea.com.ar\/tienda\/wp-json\/wp\/v2\/media\/55257"}],"wp:attachment":[{"href":"https:\/\/rms-enlinea.com.ar\/tienda\/wp-json\/wp\/v2\/media?parent=55256"}],"wp:term":[{"taxonomy":"product_brand","embeddable":true,"href":"https:\/\/rms-enlinea.com.ar\/tienda\/wp-json\/wp\/v2\/product_brand?post=55256"},{"taxonomy":"product_cat","embeddable":true,"href":"https:\/\/rms-enlinea.com.ar\/tienda\/wp-json\/wp\/v2\/product_cat?post=55256"},{"taxonomy":"product_tag","embeddable":true,"href":"https:\/\/rms-enlinea.com.ar\/tienda\/wp-json\/wp\/v2\/product_tag?post=55256"}],"curies":[{"name":"wp","href":"https:\/\/api.w.org\/{rel}","templated":true}]}}