{"id":55297,"date":"2025-08-28T17:32:22","date_gmt":"2025-08-28T20:32:22","guid":{"rendered":"https:\/\/rms-enlinea.com.ar\/tienda\/producto\/router-d-link-dir-825m-ac1200-dual-band-usb-4-antenas\/"},"modified":"2026-04-06T13:00:53","modified_gmt":"2026-04-06T16:00:53","slug":"router-d-link-dir-825m-ac1200-dual-band-usb-4-antenas","status":"publish","type":"product","link":"https:\/\/rms-enlinea.com.ar\/tienda\/producto\/router-d-link-dir-825m-ac1200-dual-band-usb-4-antenas\/","title":{"rendered":"Router D-link Dir-825m Ac1200 Dual Band Usb 4 Antenas"},"content":{"rendered":"<p>Voltaje<\/p>\n<p>100V\/240V<br \/>Cantidad de puertos WAN<\/p>\n<p>1<br \/>Velocidad inal\u00e1mbrica<\/p>\n<p>1200 Mbps<br \/>Marca<\/p>\n<p>D-Link<br \/>Tipo de conexi\u00f3n<\/p>\n<p>Inal\u00e1mbrica<br \/>Frecuencias<\/p>\n<p>2.4 GHz,5 GHz<br \/>Tipo de frecuencia<\/p>\n<p>Banda doble<br \/>Funciones<\/p>\n<p>Router<br \/>Condici\u00f3n del \u00edtem<\/p>\n<p>Nuevo<br \/>Cantidad de puertos LAN<\/p>\n<p>4<br \/>L\u00ednea<\/p>\n<p>Xtreme N<br \/>Modelo<\/p>\n<p>DIR-825<br \/>Cantidad total de puertos<\/p>\n<p>6<br \/>Unidades por paquete<\/p>\n<p>1<br \/>Cantidad de puertos USB<\/p>\n<p>1<\/p>\n","protected":false},"excerpt":{"rendered":"<p>Voltaje 100V\/240VCantidad de puertos WAN 1Velocidad inal\u00e1mbrica 1200 MbpsMarca D-LinkTipo de conexi\u00f3n Inal\u00e1mbricaFrecuencias 2.4 GHz,5 GHzTipo de frecuencia Banda dobleFunciones RouterCondici\u00f3n del \u00edtem NuevoCantidad de puertos LAN 4L\u00ednea Xtreme NModelo DIR-825Cantidad total de puertos 6Unidades por paquete 1Cantidad de puertos USB 1<\/p>\n","protected":false},"featured_media":55298,"comment_status":"open","ping_status":"closed","template":"","meta":{"_uag_custom_page_level_css":""},"product_brand":[547],"product_cat":[122],"product_tag":[],"class_list":{"0":"post-55297","1":"product","2":"type-product","3":"status-publish","4":"has-post-thumbnail","6":"product_brand-dlink","7":"product_cat-redes-y-conectividad","9":"first","10":"outofstock","11":"sale","12":"taxable","13":"shipping-taxable","14":"purchasable","15":"product-type-simple"},"uagb_featured_image_src":{"full":["https:\/\/rms-enlinea.com.ar\/wp-content\/uploads\/2025\/08\/D_785290-MLA91223091963_082025-F.jpg",1197,870,false],"thumbnail":["https:\/\/rms-enlinea.com.ar\/wp-content\/uploads\/2025\/08\/D_785290-MLA91223091963_082025-F-150x150.jpg",150,150,true],"medium":["https:\/\/rms-enlinea.com.ar\/wp-content\/uploads\/2025\/08\/D_785290-MLA91223091963_082025-F-300x218.jpg",300,218,true],"medium_large":["https:\/\/rms-enlinea.com.ar\/wp-content\/uploads\/2025\/08\/D_785290-MLA91223091963_082025-F-768x558.jpg",768,558,true],"large":["https:\/\/rms-enlinea.com.ar\/wp-content\/uploads\/2025\/08\/D_785290-MLA91223091963_082025-F-1024x744.jpg",1024,744,true],"1536x1536":["https:\/\/rms-enlinea.com.ar\/wp-content\/uploads\/2025\/08\/D_785290-MLA91223091963_082025-F.jpg",1197,870,false],"2048x2048":["https:\/\/rms-enlinea.com.ar\/wp-content\/uploads\/2025\/08\/D_785290-MLA91223091963_082025-F.jpg",1197,870,false],"woocommerce_thumbnail":["https:\/\/rms-enlinea.com.ar\/wp-content\/uploads\/2025\/08\/D_785290-MLA91223091963_082025-F-450x450.jpg",450,450,true],"woocommerce_single":["https:\/\/rms-enlinea.com.ar\/wp-content\/uploads\/2025\/08\/D_785290-MLA91223091963_082025-F-600x436.jpg",600,436,true],"woocommerce_gallery_thumbnail":["https:\/\/rms-enlinea.com.ar\/wp-content\/uploads\/2025\/08\/D_785290-MLA91223091963_082025-F-100x100.jpg",100,100,true]},"uagb_author_info":{"display_name":"nelson","author_link":"https:\/\/rms-enlinea.com.ar\/tienda\/author\/"},"uagb_comment_info":0,"uagb_excerpt":"Voltaje 100V\/240VCantidad de puertos WAN 1Velocidad inal\u00e1mbrica 1200 MbpsMarca D-LinkTipo de conexi\u00f3n Inal\u00e1mbricaFrecuencias 2.4 GHz,5 GHzTipo de frecuencia Banda dobleFunciones RouterCondici\u00f3n del \u00edtem NuevoCantidad de puertos LAN 4L\u00ednea Xtreme NModelo DIR-825Cantidad total de puertos 6Unidades por paquete 1Cantidad de puertos USB 1","_links":{"self":[{"href":"https:\/\/rms-enlinea.com.ar\/tienda\/wp-json\/wp\/v2\/product\/55297","targetHints":{"allow":["GET"]}}],"collection":[{"href":"https:\/\/rms-enlinea.com.ar\/tienda\/wp-json\/wp\/v2\/product"}],"about":[{"href":"https:\/\/rms-enlinea.com.ar\/tienda\/wp-json\/wp\/v2\/types\/product"}],"replies":[{"embeddable":true,"href":"https:\/\/rms-enlinea.com.ar\/tienda\/wp-json\/wp\/v2\/comments?post=55297"}],"wp:featuredmedia":[{"embeddable":true,"href":"https:\/\/rms-enlinea.com.ar\/tienda\/wp-json\/wp\/v2\/media\/55298"}],"wp:attachment":[{"href":"https:\/\/rms-enlinea.com.ar\/tienda\/wp-json\/wp\/v2\/media?parent=55297"}],"wp:term":[{"taxonomy":"product_brand","embeddable":true,"href":"https:\/\/rms-enlinea.com.ar\/tienda\/wp-json\/wp\/v2\/product_brand?post=55297"},{"taxonomy":"product_cat","embeddable":true,"href":"https:\/\/rms-enlinea.com.ar\/tienda\/wp-json\/wp\/v2\/product_cat?post=55297"},{"taxonomy":"product_tag","embeddable":true,"href":"https:\/\/rms-enlinea.com.ar\/tienda\/wp-json\/wp\/v2\/product_tag?post=55297"}],"curies":[{"name":"wp","href":"https:\/\/api.w.org\/{rel}","templated":true}]}}