{"id":55302,"date":"2025-08-28T17:41:45","date_gmt":"2025-08-28T20:41:45","guid":{"rendered":"https:\/\/rms-enlinea.com.ar\/tienda\/producto\/adaptador-d-link-wifi-usb-ac1300-dwa-182-dual-band\/"},"modified":"2026-04-11T16:50:30","modified_gmt":"2026-04-11T19:50:30","slug":"adaptador-d-link-wifi-usb-ac1300-dwa-182-dual-band","status":"publish","type":"product","link":"https:\/\/rms-enlinea.com.ar\/tienda\/producto\/adaptador-d-link-wifi-usb-ac1300-dwa-182-dual-band\/","title":{"rendered":"Adaptador Usb Wifi D-link Ac1300 Dwa-182 Banda Dual 2.4g\/5g"},"content":{"rendered":"<p>Con el access point D-Link podr\u00e1s interconectar redes inal\u00e1mbricas logrando as\u00ed una conexi\u00f3n estable y segura entre la red y el dispositivo de destino.<\/p>\n","protected":false},"excerpt":{"rendered":"<p>Con el access point D-Link podr\u00e1s interconectar redes inal\u00e1mbricas logrando as\u00ed una conexi\u00f3n estable y segura entre la red y el dispositivo de destino.<\/p>\n","protected":false},"featured_media":21977,"comment_status":"open","ping_status":"closed","template":"","meta":{"_uag_custom_page_level_css":""},"product_brand":[547],"product_cat":[122],"product_tag":[],"class_list":{"0":"post-55302","1":"product","2":"type-product","3":"status-publish","4":"has-post-thumbnail","6":"product_brand-dlink","7":"product_cat-redes-y-conectividad","9":"first","10":"instock","11":"sale","12":"taxable","13":"shipping-taxable","14":"purchasable","15":"product-type-simple"},"uagb_featured_image_src":{"full":["https:\/\/rms-enlinea.com.ar\/wp-content\/uploads\/2025\/06\/D_981798-MLC53867652621_022023-F.jpg",669,369,false],"thumbnail":["https:\/\/rms-enlinea.com.ar\/wp-content\/uploads\/2025\/06\/D_981798-MLC53867652621_022023-F-150x150.jpg",150,150,true],"medium":["https:\/\/rms-enlinea.com.ar\/wp-content\/uploads\/2025\/06\/D_981798-MLC53867652621_022023-F-300x165.jpg",300,165,true],"medium_large":["https:\/\/rms-enlinea.com.ar\/wp-content\/uploads\/2025\/06\/D_981798-MLC53867652621_022023-F.jpg",669,369,false],"large":["https:\/\/rms-enlinea.com.ar\/wp-content\/uploads\/2025\/06\/D_981798-MLC53867652621_022023-F.jpg",669,369,false],"1536x1536":["https:\/\/rms-enlinea.com.ar\/wp-content\/uploads\/2025\/06\/D_981798-MLC53867652621_022023-F.jpg",669,369,false],"2048x2048":["https:\/\/rms-enlinea.com.ar\/wp-content\/uploads\/2025\/06\/D_981798-MLC53867652621_022023-F.jpg",669,369,false],"woocommerce_thumbnail":["https:\/\/rms-enlinea.com.ar\/wp-content\/uploads\/2025\/06\/D_981798-MLC53867652621_022023-F-450x369.jpg",450,369,true],"woocommerce_single":["https:\/\/rms-enlinea.com.ar\/wp-content\/uploads\/2025\/06\/D_981798-MLC53867652621_022023-F-600x331.jpg",600,331,true],"woocommerce_gallery_thumbnail":["https:\/\/rms-enlinea.com.ar\/wp-content\/uploads\/2025\/06\/D_981798-MLC53867652621_022023-F-100x100.jpg",100,100,true]},"uagb_author_info":{"display_name":"nelson","author_link":"https:\/\/rms-enlinea.com.ar\/tienda\/author\/"},"uagb_comment_info":0,"uagb_excerpt":"Con el access point D-Link podr\u00e1s interconectar redes inal\u00e1mbricas logrando as\u00ed una conexi\u00f3n estable y segura entre la red y el dispositivo de destino.","_links":{"self":[{"href":"https:\/\/rms-enlinea.com.ar\/tienda\/wp-json\/wp\/v2\/product\/55302","targetHints":{"allow":["GET"]}}],"collection":[{"href":"https:\/\/rms-enlinea.com.ar\/tienda\/wp-json\/wp\/v2\/product"}],"about":[{"href":"https:\/\/rms-enlinea.com.ar\/tienda\/wp-json\/wp\/v2\/types\/product"}],"replies":[{"embeddable":true,"href":"https:\/\/rms-enlinea.com.ar\/tienda\/wp-json\/wp\/v2\/comments?post=55302"}],"wp:featuredmedia":[{"embeddable":true,"href":"https:\/\/rms-enlinea.com.ar\/tienda\/wp-json\/wp\/v2\/media\/21977"}],"wp:attachment":[{"href":"https:\/\/rms-enlinea.com.ar\/tienda\/wp-json\/wp\/v2\/media?parent=55302"}],"wp:term":[{"taxonomy":"product_brand","embeddable":true,"href":"https:\/\/rms-enlinea.com.ar\/tienda\/wp-json\/wp\/v2\/product_brand?post=55302"},{"taxonomy":"product_cat","embeddable":true,"href":"https:\/\/rms-enlinea.com.ar\/tienda\/wp-json\/wp\/v2\/product_cat?post=55302"},{"taxonomy":"product_tag","embeddable":true,"href":"https:\/\/rms-enlinea.com.ar\/tienda\/wp-json\/wp\/v2\/product_tag?post=55302"}],"curies":[{"name":"wp","href":"https:\/\/api.w.org\/{rel}","templated":true}]}}