{"id":55307,"date":"2025-08-28T18:21:44","date_gmt":"2025-08-28T21:21:44","guid":{"rendered":"https:\/\/rms-enlinea.com.ar\/tienda\/producto\/router-d-link-dir-822-ac1200-dual-band\/"},"modified":"2026-04-06T14:08:13","modified_gmt":"2026-04-06T17:08:13","slug":"router-d-link-dir-822-ac1200-dual-band","status":"publish","type":"product","link":"https:\/\/rms-enlinea.com.ar\/tienda\/producto\/router-d-link-dir-822-ac1200-dual-band\/","title":{"rendered":"Router D-link Dir-822 Ac1200 Dual Band"},"content":{"rendered":"<p>El DIR-822 ofrece velocidad inal\u00e1mbrica y cobertura de alto rendimiento. Ofrece hasta 1200 Mbps (entre 2.4GHz 5GHz). Ahora con la nueva funci\u00f3n MESH para crear una s\u00f3la red inteligente en todo tu hogar. El DIR-822 es la combinaci\u00f3n perfecta de rendimiento y facilidad de uso.<br \/>M\u00faltiples modos de funcionamiento Router \/ Access Point \/Repeater\/WISP client<\/p>\n<p>Advanced Features<\/p>\n<p>DMZ (Demilitarized Zone) Firewall &#8211; Network Address Translation (NAT<br \/>Device Interfaces<\/p>\n<p>One 10\/100 WAN port IEEE 802.11 ac\/n\/g\/b\/a wireless LAN<br \/>Part Number<\/p>\n<p>DIR-822 AC1200 Wi-Fi Router<br \/>LEDs<\/p>\n<p>Power \u2022 Internet \u2022 WLAN 2.4 Ghz \u2022 WLAN 5 Ghz<br \/>Antenna Type<\/p>\n<p>Four external 5 dBi antennas<\/p>\n","protected":false},"excerpt":{"rendered":"<p>El DIR-822 ofrece velocidad inal\u00e1mbrica y cobertura de alto rendimiento. Ofrece hasta 1200 Mbps (entre 2.4GHz 5GHz). Ahora con la nueva funci\u00f3n MESH para crear una s\u00f3la red inteligente en todo tu hogar. El DIR-822 es la combinaci\u00f3n perfecta de rendimiento y facilidad de uso.M\u00faltiples modos de funcionamiento Router \/ Access Point \/Repeater\/WISP client Advanced [&hellip;]<\/p>\n","protected":false},"featured_media":55308,"comment_status":"open","ping_status":"closed","template":"","meta":{"_uag_custom_page_level_css":""},"product_brand":[547],"product_cat":[122],"product_tag":[],"class_list":{"0":"post-55307","1":"product","2":"type-product","3":"status-publish","4":"has-post-thumbnail","6":"product_brand-dlink","7":"product_cat-redes-y-conectividad","9":"first","10":"outofstock","11":"sale","12":"taxable","13":"shipping-taxable","14":"purchasable","15":"product-type-simple"},"uagb_featured_image_src":{"full":["https:\/\/rms-enlinea.com.ar\/wp-content\/uploads\/2025\/08\/D_989877-MLA90835216792_082025-F.jpg",1197,1025,false],"thumbnail":["https:\/\/rms-enlinea.com.ar\/wp-content\/uploads\/2025\/08\/D_989877-MLA90835216792_082025-F-150x150.jpg",150,150,true],"medium":["https:\/\/rms-enlinea.com.ar\/wp-content\/uploads\/2025\/08\/D_989877-MLA90835216792_082025-F-300x257.jpg",300,257,true],"medium_large":["https:\/\/rms-enlinea.com.ar\/wp-content\/uploads\/2025\/08\/D_989877-MLA90835216792_082025-F-768x658.jpg",768,658,true],"large":["https:\/\/rms-enlinea.com.ar\/wp-content\/uploads\/2025\/08\/D_989877-MLA90835216792_082025-F-1024x877.jpg",1024,877,true],"1536x1536":["https:\/\/rms-enlinea.com.ar\/wp-content\/uploads\/2025\/08\/D_989877-MLA90835216792_082025-F.jpg",1197,1025,false],"2048x2048":["https:\/\/rms-enlinea.com.ar\/wp-content\/uploads\/2025\/08\/D_989877-MLA90835216792_082025-F.jpg",1197,1025,false],"woocommerce_thumbnail":["https:\/\/rms-enlinea.com.ar\/wp-content\/uploads\/2025\/08\/D_989877-MLA90835216792_082025-F-450x450.jpg",450,450,true],"woocommerce_single":["https:\/\/rms-enlinea.com.ar\/wp-content\/uploads\/2025\/08\/D_989877-MLA90835216792_082025-F-600x514.jpg",600,514,true],"woocommerce_gallery_thumbnail":["https:\/\/rms-enlinea.com.ar\/wp-content\/uploads\/2025\/08\/D_989877-MLA90835216792_082025-F-100x100.jpg",100,100,true]},"uagb_author_info":{"display_name":"nelson","author_link":"https:\/\/rms-enlinea.com.ar\/tienda\/author\/"},"uagb_comment_info":0,"uagb_excerpt":"El DIR-822 ofrece velocidad inal\u00e1mbrica y cobertura de alto rendimiento. Ofrece hasta 1200 Mbps (entre 2.4GHz 5GHz). Ahora con la nueva funci\u00f3n MESH para crear una s\u00f3la red inteligente en todo tu hogar. El DIR-822 es la combinaci\u00f3n perfecta de rendimiento y facilidad de uso.M\u00faltiples modos de funcionamiento Router \/ Access Point \/Repeater\/WISP client Advanced&hellip;","_links":{"self":[{"href":"https:\/\/rms-enlinea.com.ar\/tienda\/wp-json\/wp\/v2\/product\/55307","targetHints":{"allow":["GET"]}}],"collection":[{"href":"https:\/\/rms-enlinea.com.ar\/tienda\/wp-json\/wp\/v2\/product"}],"about":[{"href":"https:\/\/rms-enlinea.com.ar\/tienda\/wp-json\/wp\/v2\/types\/product"}],"replies":[{"embeddable":true,"href":"https:\/\/rms-enlinea.com.ar\/tienda\/wp-json\/wp\/v2\/comments?post=55307"}],"wp:featuredmedia":[{"embeddable":true,"href":"https:\/\/rms-enlinea.com.ar\/tienda\/wp-json\/wp\/v2\/media\/55308"}],"wp:attachment":[{"href":"https:\/\/rms-enlinea.com.ar\/tienda\/wp-json\/wp\/v2\/media?parent=55307"}],"wp:term":[{"taxonomy":"product_brand","embeddable":true,"href":"https:\/\/rms-enlinea.com.ar\/tienda\/wp-json\/wp\/v2\/product_brand?post=55307"},{"taxonomy":"product_cat","embeddable":true,"href":"https:\/\/rms-enlinea.com.ar\/tienda\/wp-json\/wp\/v2\/product_cat?post=55307"},{"taxonomy":"product_tag","embeddable":true,"href":"https:\/\/rms-enlinea.com.ar\/tienda\/wp-json\/wp\/v2\/product_tag?post=55307"}],"curies":[{"name":"wp","href":"https:\/\/api.w.org\/{rel}","templated":true}]}}