{"id":55312,"date":"2025-08-28T18:51:54","date_gmt":"2025-08-28T21:51:54","guid":{"rendered":"https:\/\/rms-enlinea.com.ar\/tienda\/producto\/adaptador-usb-wifi-d-link-dwa-172-ac600-dual-band-c-antena\/"},"modified":"2026-04-06T14:15:29","modified_gmt":"2026-04-06T17:15:29","slug":"adaptador-usb-wifi-d-link-dwa-172-ac600-dual-band-c-antena","status":"publish","type":"product","link":"https:\/\/rms-enlinea.com.ar\/tienda\/producto\/adaptador-usb-wifi-d-link-dwa-172-ac600-dual-band-c-antena\/","title":{"rendered":"Adaptador Usb Wifi D-link Dwa-172 Ac600 Dual Band C \/antena"},"content":{"rendered":"<p>Potencia tu conectividad con el Adaptador USB WiFi D-Link DWA-172 AC600. Con una tasa de transferencia de datos de hasta 600 MB\/s, este adaptador te permitir\u00e1 disfrutar de una navegaci\u00f3n fluida y r\u00e1pida en tus dispositivos. Ideal para quienes buscan mejorar su conexi\u00f3n inal\u00e1mbrica, este modelo combina un dise\u00f1o compacto y elegante con la funcionalidad de una antena para extender el alcance de la se\u00f1al.<\/p>\n<p>Compatible con la tecnolog\u00eda de conectividad WLAN, garantiza una conexi\u00f3n estable tanto en la banda de 2.4 GHz como en la de 5 GHz, permiti\u00e9ndote elegir la mejor opci\u00f3n seg\u00fan tus necesidades. Su interfaz USB facilita la conexi\u00f3n a una amplia gama de dispositivos, incluyendo laptops y PCs de escritorio, sin complicaciones.<\/p>\n<p>La instalaci\u00f3n es sencilla, convirti\u00e9ndolo en la soluci\u00f3n perfecta para usuarios que desean mejorar su acceso a internet sin necesidad de habilidades t\u00e9cnicas. Este adaptador es una opci\u00f3n excelente para gamers, streamers y trabajadores remotos que requieren una conexi\u00f3n confiable y de alta velocidad.<\/p>\n","protected":false},"excerpt":{"rendered":"<p>Potencia tu conectividad con el Adaptador USB WiFi D-Link DWA-172 AC600. Con una tasa de transferencia de datos de hasta 600 MB\/s, este adaptador te permitir\u00e1 disfrutar de una navegaci\u00f3n fluida y r\u00e1pida en tus dispositivos. Ideal para quienes buscan mejorar su conexi\u00f3n inal\u00e1mbrica, este modelo combina un dise\u00f1o compacto y elegante con la funcionalidad [&hellip;]<\/p>\n","protected":false},"featured_media":55313,"comment_status":"open","ping_status":"closed","template":"","meta":{"_uag_custom_page_level_css":""},"product_brand":[547],"product_cat":[122],"product_tag":[],"class_list":{"0":"post-55312","1":"product","2":"type-product","3":"status-publish","4":"has-post-thumbnail","6":"product_brand-dlink","7":"product_cat-redes-y-conectividad","9":"first","10":"outofstock","11":"sale","12":"taxable","13":"shipping-taxable","14":"purchasable","15":"product-type-simple"},"uagb_featured_image_src":{"full":["https:\/\/rms-enlinea.com.ar\/wp-content\/uploads\/2025\/08\/D_779016-MLA91226474713_082025-F.jpg",231,676,false],"thumbnail":["https:\/\/rms-enlinea.com.ar\/wp-content\/uploads\/2025\/08\/D_779016-MLA91226474713_082025-F-150x150.jpg",150,150,true],"medium":["https:\/\/rms-enlinea.com.ar\/wp-content\/uploads\/2025\/08\/D_779016-MLA91226474713_082025-F-103x300.jpg",103,300,true],"medium_large":["https:\/\/rms-enlinea.com.ar\/wp-content\/uploads\/2025\/08\/D_779016-MLA91226474713_082025-F.jpg",231,676,false],"large":["https:\/\/rms-enlinea.com.ar\/wp-content\/uploads\/2025\/08\/D_779016-MLA91226474713_082025-F.jpg",231,676,false],"1536x1536":["https:\/\/rms-enlinea.com.ar\/wp-content\/uploads\/2025\/08\/D_779016-MLA91226474713_082025-F.jpg",231,676,false],"2048x2048":["https:\/\/rms-enlinea.com.ar\/wp-content\/uploads\/2025\/08\/D_779016-MLA91226474713_082025-F.jpg",231,676,false],"woocommerce_thumbnail":["https:\/\/rms-enlinea.com.ar\/wp-content\/uploads\/2025\/08\/D_779016-MLA91226474713_082025-F-231x450.jpg",231,450,true],"woocommerce_single":["https:\/\/rms-enlinea.com.ar\/wp-content\/uploads\/2025\/08\/D_779016-MLA91226474713_082025-F.jpg",231,676,false],"woocommerce_gallery_thumbnail":["https:\/\/rms-enlinea.com.ar\/wp-content\/uploads\/2025\/08\/D_779016-MLA91226474713_082025-F-100x100.jpg",100,100,true]},"uagb_author_info":{"display_name":"nelson","author_link":"https:\/\/rms-enlinea.com.ar\/tienda\/author\/"},"uagb_comment_info":0,"uagb_excerpt":"Potencia tu conectividad con el Adaptador USB WiFi D-Link DWA-172 AC600. Con una tasa de transferencia de datos de hasta 600 MB\/s, este adaptador te permitir\u00e1 disfrutar de una navegaci\u00f3n fluida y r\u00e1pida en tus dispositivos. Ideal para quienes buscan mejorar su conexi\u00f3n inal\u00e1mbrica, este modelo combina un dise\u00f1o compacto y elegante con la funcionalidad&hellip;","_links":{"self":[{"href":"https:\/\/rms-enlinea.com.ar\/tienda\/wp-json\/wp\/v2\/product\/55312","targetHints":{"allow":["GET"]}}],"collection":[{"href":"https:\/\/rms-enlinea.com.ar\/tienda\/wp-json\/wp\/v2\/product"}],"about":[{"href":"https:\/\/rms-enlinea.com.ar\/tienda\/wp-json\/wp\/v2\/types\/product"}],"replies":[{"embeddable":true,"href":"https:\/\/rms-enlinea.com.ar\/tienda\/wp-json\/wp\/v2\/comments?post=55312"}],"wp:featuredmedia":[{"embeddable":true,"href":"https:\/\/rms-enlinea.com.ar\/tienda\/wp-json\/wp\/v2\/media\/55313"}],"wp:attachment":[{"href":"https:\/\/rms-enlinea.com.ar\/tienda\/wp-json\/wp\/v2\/media?parent=55312"}],"wp:term":[{"taxonomy":"product_brand","embeddable":true,"href":"https:\/\/rms-enlinea.com.ar\/tienda\/wp-json\/wp\/v2\/product_brand?post=55312"},{"taxonomy":"product_cat","embeddable":true,"href":"https:\/\/rms-enlinea.com.ar\/tienda\/wp-json\/wp\/v2\/product_cat?post=55312"},{"taxonomy":"product_tag","embeddable":true,"href":"https:\/\/rms-enlinea.com.ar\/tienda\/wp-json\/wp\/v2\/product_tag?post=55312"}],"curies":[{"name":"wp","href":"https:\/\/api.w.org\/{rel}","templated":true}]}}