{"id":55325,"date":"2025-08-28T19:24:40","date_gmt":"2025-08-28T22:24:40","guid":{"rendered":"https:\/\/rms-enlinea.com.ar\/tienda\/producto\/mother-msi-pro-b650m-p-ddr5-am5-5ta-gen-amd-serie-7000-8000\/"},"modified":"2026-04-21T06:54:43","modified_gmt":"2026-04-21T09:54:43","slug":"mother-msi-pro-b650m-p-ddr5-am5-5ta-gen-amd-serie-7000-8000","status":"publish","type":"product","link":"https:\/\/rms-enlinea.com.ar\/tienda\/producto\/mother-msi-pro-b650m-p-ddr5-am5-5ta-gen-amd-serie-7000-8000\/","title":{"rendered":"Mother Msi Pro B650m-p Ddr5 Am5 5ta Gen Amd Serie 7000 8000"},"content":{"rendered":"<p>CONJUNTO DE CHIPS AMD B650<br \/>\nUPC Compatible con procesadores de escritorio AMD Ryzen\u2122 serie 8000\/7000<br \/>\ncon z\u00f3calo AM5<br \/>\nMEMORIA 4x DDR5, capacidad m\u00e1xima de memoria 192 GB<br \/>\nSoporte de memoria DDR5 7200+(OC)\/ 7000(OC)\/ 6800(OC)\/ 6600(OC)\/ 6400(OC)\/ 6200(OC)\/ 6000(OC)\/ 5800(OC) \/<\/p>\n<p>5600(OC)\/ 5400(OC)\/ 5200(OC)\/ 5000(OC)\/ 4800(JEDEC) MHz<\/p>\n<p>M\u00e1x. frecuencia de overclocking:<br \/>\n\u2022 1DPC 1R Velocidad m\u00e1xima hasta 7200+ MHz<br \/>\n\u2022 1DPC 2R Velocidad m\u00e1xima hasta 6000+ MHz<br \/>\n\u2022 2DPC 1R Velocidad m\u00e1xima hasta 6000+ MHz<br \/>\n\u2022 2DPC 2R Velocidad m\u00e1xima hasta 5400+ MHz<\/p>\n<p>Admite modo de doble canal<br \/>\nAdmite no -ECC, memoria sin b\u00fafer<br \/>\nSoporta AMD EXPO<br \/>\nGR\u00c1FICOS INTEGRADOS 1x HDMI\u2122<br \/>\nCompatible con HDMI TM 2.1, resoluci\u00f3n m\u00e1xima de 4K 60Hz*<br \/>\n1x DisplayPort<br \/>\nCompatible con DP 1.4, resoluci\u00f3n m\u00e1xima de 4K 60Hz*<br \/>\n1x VGA<br \/>\nCompatible con VGA, resoluci\u00f3n m\u00e1xima de 1920&#215;1200 60Hz*<br \/>\n*Disponible solo en procesadores con gr\u00e1ficos integrados. Las especificaciones gr\u00e1ficas pueden variar seg\u00fan la CPU instalada.<br \/>\nRANURA 1 ranura PCI-E x16<br \/>\n\u2022 Admite x16 (para procesadores Ryzen\u2122 serie 7000)<br \/>\n\u2022 Admite x8 (para procesadores Ryzen\u2122 7 8700G y Ryzen\u2122 5 8600G)<br \/>\n\u2022 Admite x4 (para procesador Ryzen\u2122 5 8500G)<br \/>\n2 ranuras PCI-E x1<br \/>\nPCI_E1 Gen PCIe 4.0 admite hasta x16 (desde la CPU)<br \/>\nPCI_E2 Gen PCIe 3.0 admite hasta x1 (desde el chipset)<br \/>\nPCI_E3 Gen PCIe 3.0 admite hasta x1 (desde el chipset)<br \/>\nALMACENAMIENTO 2x M.2<br \/>\nM.2_1 Fuente (desde CPU) admite hasta PCIe 4.0 x4, admite dispositivos 2280\/2260<br \/>\nM.2_2 Fuente (desde chipset) admite hasta PCIe 4.0 x4, admite dispositivos 2280\/2260<br \/>\n4x SATA 6G<br \/>\nREDADA Admite RAID 0, RAID 1 y RAID 10 para dispositivos de almacenamiento SATA<br \/>\nAdmite RAID 0 y RAID 1 para dispositivos de almacenamiento M.2 NVMe<br \/>\nLAN Realtek\u00ae 8125BG 2.5G LAN<br \/>\nAUDIO C\u00f3dec Realtek \u00ae ALC897<br \/>\nAudio de alta definici\u00f3n de 7.1 canales<br \/>\nCARACTER\u00cdSTICA LED 4x LED de depuraci\u00f3n EZ<br \/>\nSISTEMA OPERATIVO Soporte para Windows\u00ae 11 de 64 bits, Windows\u00ae 10 de 64 bits<br \/>\nINFORMACI\u00d3N DE PCB MatX 243,84 mm x 243,84 mm<\/p>\n","protected":false},"excerpt":{"rendered":"<p>CONJUNTO DE CHIPS AMD B650 UPC Compatible con procesadores de escritorio AMD Ryzen\u2122 serie 8000\/7000 con z\u00f3calo AM5 MEMORIA 4x DDR5, capacidad m\u00e1xima de memoria 192 GB Soporte de memoria DDR5 7200+(OC)\/ 7000(OC)\/ 6800(OC)\/ 6600(OC)\/ 6400(OC)\/ 6200(OC)\/ 6000(OC)\/ 5800(OC) \/ 5600(OC)\/ 5400(OC)\/ 5200(OC)\/ 5000(OC)\/ 4800(JEDEC) MHz M\u00e1x. frecuencia de overclocking: \u2022 1DPC 1R Velocidad m\u00e1xima [&hellip;]<\/p>\n","protected":false},"featured_media":1953,"comment_status":"open","ping_status":"closed","template":"","meta":{"_uag_custom_page_level_css":""},"product_brand":[557],"product_cat":[115],"product_tag":[],"class_list":{"0":"post-55325","1":"product","2":"type-product","3":"status-publish","4":"has-post-thumbnail","6":"product_brand-msi","7":"product_cat-mother","9":"first","10":"outofstock","11":"sale","12":"taxable","13":"shipping-taxable","14":"purchasable","15":"product-type-simple"},"uagb_featured_image_src":{"full":["https:\/\/rms-enlinea.com.ar\/wp-content\/uploads\/2025\/06\/D_689892-MLU73466064762_122023-F.jpg",1200,709,false],"thumbnail":["https:\/\/rms-enlinea.com.ar\/wp-content\/uploads\/2025\/06\/D_689892-MLU73466064762_122023-F-150x150.jpg",150,150,true],"medium":["https:\/\/rms-enlinea.com.ar\/wp-content\/uploads\/2025\/06\/D_689892-MLU73466064762_122023-F-300x177.jpg",300,177,true],"medium_large":["https:\/\/rms-enlinea.com.ar\/wp-content\/uploads\/2025\/06\/D_689892-MLU73466064762_122023-F-768x454.jpg",768,454,true],"large":["https:\/\/rms-enlinea.com.ar\/wp-content\/uploads\/2025\/06\/D_689892-MLU73466064762_122023-F-1024x605.jpg",1024,605,true],"1536x1536":["https:\/\/rms-enlinea.com.ar\/wp-content\/uploads\/2025\/06\/D_689892-MLU73466064762_122023-F.jpg",1200,709,false],"2048x2048":["https:\/\/rms-enlinea.com.ar\/wp-content\/uploads\/2025\/06\/D_689892-MLU73466064762_122023-F.jpg",1200,709,false],"woocommerce_thumbnail":["https:\/\/rms-enlinea.com.ar\/wp-content\/uploads\/2025\/06\/D_689892-MLU73466064762_122023-F-450x450.jpg",450,450,true],"woocommerce_single":["https:\/\/rms-enlinea.com.ar\/wp-content\/uploads\/2025\/06\/D_689892-MLU73466064762_122023-F-600x355.jpg",600,355,true],"woocommerce_gallery_thumbnail":["https:\/\/rms-enlinea.com.ar\/wp-content\/uploads\/2025\/06\/D_689892-MLU73466064762_122023-F-100x100.jpg",100,100,true]},"uagb_author_info":{"display_name":"mario","author_link":"https:\/\/rms-enlinea.com.ar\/tienda\/author\/"},"uagb_comment_info":0,"uagb_excerpt":"CONJUNTO DE CHIPS AMD B650 UPC Compatible con procesadores de escritorio AMD Ryzen\u2122 serie 8000\/7000 con z\u00f3calo AM5 MEMORIA 4x DDR5, capacidad m\u00e1xima de memoria 192 GB Soporte de memoria DDR5 7200+(OC)\/ 7000(OC)\/ 6800(OC)\/ 6600(OC)\/ 6400(OC)\/ 6200(OC)\/ 6000(OC)\/ 5800(OC) \/ 5600(OC)\/ 5400(OC)\/ 5200(OC)\/ 5000(OC)\/ 4800(JEDEC) MHz M\u00e1x. frecuencia de overclocking: \u2022 1DPC 1R Velocidad m\u00e1xima&hellip;","_links":{"self":[{"href":"https:\/\/rms-enlinea.com.ar\/tienda\/wp-json\/wp\/v2\/product\/55325","targetHints":{"allow":["GET"]}}],"collection":[{"href":"https:\/\/rms-enlinea.com.ar\/tienda\/wp-json\/wp\/v2\/product"}],"about":[{"href":"https:\/\/rms-enlinea.com.ar\/tienda\/wp-json\/wp\/v2\/types\/product"}],"replies":[{"embeddable":true,"href":"https:\/\/rms-enlinea.com.ar\/tienda\/wp-json\/wp\/v2\/comments?post=55325"}],"wp:featuredmedia":[{"embeddable":true,"href":"https:\/\/rms-enlinea.com.ar\/tienda\/wp-json\/wp\/v2\/media\/1953"}],"wp:attachment":[{"href":"https:\/\/rms-enlinea.com.ar\/tienda\/wp-json\/wp\/v2\/media?parent=55325"}],"wp:term":[{"taxonomy":"product_brand","embeddable":true,"href":"https:\/\/rms-enlinea.com.ar\/tienda\/wp-json\/wp\/v2\/product_brand?post=55325"},{"taxonomy":"product_cat","embeddable":true,"href":"https:\/\/rms-enlinea.com.ar\/tienda\/wp-json\/wp\/v2\/product_cat?post=55325"},{"taxonomy":"product_tag","embeddable":true,"href":"https:\/\/rms-enlinea.com.ar\/tienda\/wp-json\/wp\/v2\/product_tag?post=55325"}],"curies":[{"name":"wp","href":"https:\/\/api.w.org\/{rel}","templated":true}]}}