{"id":55327,"date":"2025-08-28T19:25:52","date_gmt":"2025-08-28T22:25:52","guid":{"rendered":"https:\/\/rms-enlinea.com.ar\/tienda\/producto\/disco-rigido-4tb-seagate-barracuda-256mb-5400rpm-st4000dm004\/"},"modified":"2026-04-16T12:00:27","modified_gmt":"2026-04-16T15:00:27","slug":"disco-rigido-4tb-seagate-barracuda-256mb-5400rpm-st4000dm004","status":"publish","type":"product","link":"https:\/\/rms-enlinea.com.ar\/tienda\/producto\/disco-rigido-4tb-seagate-barracuda-256mb-5400rpm-st4000dm004\/","title":{"rendered":"Disco Rigido 4tb Seagate Barracuda 256mb 5400rpm St4000dm004"},"content":{"rendered":"<p>Designaci\u00f3n Seagate BarraCuda 4 TB (ST4000DM004)<\/p>\n<p>Marca Seagate Technology Seagate Technology<\/p>\n<p>Modelo ST4000DM004<\/p>\n<p>Interfaz con el ordenador Serial ATA 6Gb\/s (SATA 3)<\/p>\n<p>Formato de disco 3&#8243; 1\/2<\/p>\n<p>Capacidad 4T<\/p>\n<p>Velocidad de giro 5400 RPM<\/p>\n<p>Tama\u00f1o de la memoria cach\u00e9 256 Mo<\/p>\n<p>Tecnolog\u00eda de grabaci\u00f3n SMR<\/p>\n<p>Tipo de disco HDD (Hard Disk Drive)<\/p>\n<p>Utilizaci\u00f3n para PC de escritorio<\/p>\n<p>Anchura 101.6 mm<\/p>\n<p>Altura 20.17 mm<\/p>\n<p>Profundidad 146.99 mm<\/p>\n<p>Peso 490 g<\/p>\n","protected":false},"excerpt":{"rendered":"<p>Designaci\u00f3n Seagate BarraCuda 4 TB (ST4000DM004) Marca Seagate Technology Seagate Technology Modelo ST4000DM004 Interfaz con el ordenador Serial ATA 6Gb\/s (SATA 3) Formato de disco 3&#8243; 1\/2 Capacidad 4T Velocidad de giro 5400 RPM Tama\u00f1o de la memoria cach\u00e9 256 Mo Tecnolog\u00eda de grabaci\u00f3n SMR Tipo de disco HDD (Hard Disk Drive) Utilizaci\u00f3n para PC [&hellip;]<\/p>\n","protected":false},"featured_media":1556,"comment_status":"open","ping_status":"closed","template":"","meta":{"_uag_custom_page_level_css":""},"product_brand":[554],"product_cat":[106],"product_tag":[],"class_list":{"0":"post-55327","1":"product","2":"type-product","3":"status-publish","4":"has-post-thumbnail","6":"product_brand-seagate","7":"product_cat-discos-rigidos-ssd","9":"first","10":"outofstock","11":"sale","12":"taxable","13":"shipping-taxable","14":"purchasable","15":"product-type-simple"},"uagb_featured_image_src":{"full":["https:\/\/rms-enlinea.com.ar\/wp-content\/uploads\/2025\/06\/D_684440-MLA69477750118_052023-F.jpg",875,1200,false],"thumbnail":["https:\/\/rms-enlinea.com.ar\/wp-content\/uploads\/2025\/06\/D_684440-MLA69477750118_052023-F-150x150.jpg",150,150,true],"medium":["https:\/\/rms-enlinea.com.ar\/wp-content\/uploads\/2025\/06\/D_684440-MLA69477750118_052023-F-219x300.jpg",219,300,true],"medium_large":["https:\/\/rms-enlinea.com.ar\/wp-content\/uploads\/2025\/06\/D_684440-MLA69477750118_052023-F-768x1053.jpg",768,1053,true],"large":["https:\/\/rms-enlinea.com.ar\/wp-content\/uploads\/2025\/06\/D_684440-MLA69477750118_052023-F-747x1024.jpg",747,1024,true],"1536x1536":["https:\/\/rms-enlinea.com.ar\/wp-content\/uploads\/2025\/06\/D_684440-MLA69477750118_052023-F.jpg",875,1200,false],"2048x2048":["https:\/\/rms-enlinea.com.ar\/wp-content\/uploads\/2025\/06\/D_684440-MLA69477750118_052023-F.jpg",875,1200,false],"woocommerce_thumbnail":["https:\/\/rms-enlinea.com.ar\/wp-content\/uploads\/2025\/06\/D_684440-MLA69477750118_052023-F-450x450.jpg",450,450,true],"woocommerce_single":["https:\/\/rms-enlinea.com.ar\/wp-content\/uploads\/2025\/06\/D_684440-MLA69477750118_052023-F-600x823.jpg",600,823,true],"woocommerce_gallery_thumbnail":["https:\/\/rms-enlinea.com.ar\/wp-content\/uploads\/2025\/06\/D_684440-MLA69477750118_052023-F-100x100.jpg",100,100,true]},"uagb_author_info":{"display_name":"mario","author_link":"https:\/\/rms-enlinea.com.ar\/tienda\/author\/"},"uagb_comment_info":0,"uagb_excerpt":"Designaci\u00f3n Seagate BarraCuda 4 TB (ST4000DM004) Marca Seagate Technology Seagate Technology Modelo ST4000DM004 Interfaz con el ordenador Serial ATA 6Gb\/s (SATA 3) Formato de disco 3&#8243; 1\/2 Capacidad 4T Velocidad de giro 5400 RPM Tama\u00f1o de la memoria cach\u00e9 256 Mo Tecnolog\u00eda de grabaci\u00f3n SMR Tipo de disco HDD (Hard Disk Drive) Utilizaci\u00f3n para PC&hellip;","_links":{"self":[{"href":"https:\/\/rms-enlinea.com.ar\/tienda\/wp-json\/wp\/v2\/product\/55327","targetHints":{"allow":["GET"]}}],"collection":[{"href":"https:\/\/rms-enlinea.com.ar\/tienda\/wp-json\/wp\/v2\/product"}],"about":[{"href":"https:\/\/rms-enlinea.com.ar\/tienda\/wp-json\/wp\/v2\/types\/product"}],"replies":[{"embeddable":true,"href":"https:\/\/rms-enlinea.com.ar\/tienda\/wp-json\/wp\/v2\/comments?post=55327"}],"wp:featuredmedia":[{"embeddable":true,"href":"https:\/\/rms-enlinea.com.ar\/tienda\/wp-json\/wp\/v2\/media\/1556"}],"wp:attachment":[{"href":"https:\/\/rms-enlinea.com.ar\/tienda\/wp-json\/wp\/v2\/media?parent=55327"}],"wp:term":[{"taxonomy":"product_brand","embeddable":true,"href":"https:\/\/rms-enlinea.com.ar\/tienda\/wp-json\/wp\/v2\/product_brand?post=55327"},{"taxonomy":"product_cat","embeddable":true,"href":"https:\/\/rms-enlinea.com.ar\/tienda\/wp-json\/wp\/v2\/product_cat?post=55327"},{"taxonomy":"product_tag","embeddable":true,"href":"https:\/\/rms-enlinea.com.ar\/tienda\/wp-json\/wp\/v2\/product_tag?post=55327"}],"curies":[{"name":"wp","href":"https:\/\/api.w.org\/{rel}","templated":true}]}}