{"id":55330,"date":"2025-08-28T19:30:26","date_gmt":"2025-08-28T22:30:26","guid":{"rendered":"https:\/\/rms-enlinea.com.ar\/tienda\/producto\/teclado-usb-logitech-k120-cable-1-5m-espanol-920-004422\/"},"modified":"2026-04-21T06:51:29","modified_gmt":"2026-04-21T09:51:29","slug":"teclado-usb-logitech-k120-cable-1-5m-espanol-920-004422","status":"publish","type":"product","link":"https:\/\/rms-enlinea.com.ar\/tienda\/producto\/teclado-usb-logitech-k120-cable-1-5m-espanol-920-004422\/","title":{"rendered":"Teclado Usb Logitech K120 Cable 1.5m Espa\u00f1ol 920-004422"},"content":{"rendered":"<p>DIMENSIONES<br \/>Altura: 155 mm<\/p>\n<p>Ancho: 450 mm<\/p>\n<p>Profundidad: 23,5 mm<\/p>\n<p>Peso: 550 g<\/p>\n<p>Longitud del cable: 150 cm<\/p>\n<p>ESPECIFICACIONES T\u00c9CNICAS<br \/>Dise\u00f1o resistente a salpicaduras<\/p>\n<p>Teclado num\u00e9rico con 10 teclas<\/p>\n<p>Indicador luminoso de bloqueo de may\u00fasculas<\/p>\n<p>Indicador luminoso de bloqueo num\u00e9rico<\/p>\n<p>Hasta 10 millones de pulsaciones (excepto la tecla de bloqueo num\u00e9rico)<\/p>\n<p>Tipo de teclas: Teclas c\u00f3ncavas<\/p>\n","protected":false},"excerpt":{"rendered":"<p>DIMENSIONESAltura: 155 mm Ancho: 450 mm Profundidad: 23,5 mm Peso: 550 g Longitud del cable: 150 cm ESPECIFICACIONES T\u00c9CNICASDise\u00f1o resistente a salpicaduras Teclado num\u00e9rico con 10 teclas Indicador luminoso de bloqueo de may\u00fasculas Indicador luminoso de bloqueo num\u00e9rico Hasta 10 millones de pulsaciones (excepto la tecla de bloqueo num\u00e9rico) Tipo de teclas: Teclas c\u00f3ncavas<\/p>\n","protected":false},"featured_media":55331,"comment_status":"open","ping_status":"closed","template":"","meta":{"_uag_custom_page_level_css":""},"product_brand":[549],"product_cat":[125],"product_tag":[],"class_list":{"0":"post-55330","1":"product","2":"type-product","3":"status-publish","4":"has-post-thumbnail","6":"product_brand-logitech","7":"product_cat-teclados-y-mouses","9":"first","10":"outofstock","11":"sale","12":"taxable","13":"shipping-taxable","14":"purchasable","15":"product-type-simple"},"uagb_featured_image_src":{"full":["https:\/\/rms-enlinea.com.ar\/wp-content\/uploads\/2025\/08\/D_923847-MLA89580900250_082025-F.jpg",1198,490,false],"thumbnail":["https:\/\/rms-enlinea.com.ar\/wp-content\/uploads\/2025\/08\/D_923847-MLA89580900250_082025-F-150x150.jpg",150,150,true],"medium":["https:\/\/rms-enlinea.com.ar\/wp-content\/uploads\/2025\/08\/D_923847-MLA89580900250_082025-F-300x123.jpg",300,123,true],"medium_large":["https:\/\/rms-enlinea.com.ar\/wp-content\/uploads\/2025\/08\/D_923847-MLA89580900250_082025-F-768x314.jpg",768,314,true],"large":["https:\/\/rms-enlinea.com.ar\/wp-content\/uploads\/2025\/08\/D_923847-MLA89580900250_082025-F-1024x419.jpg",1024,419,true],"1536x1536":["https:\/\/rms-enlinea.com.ar\/wp-content\/uploads\/2025\/08\/D_923847-MLA89580900250_082025-F.jpg",1198,490,false],"2048x2048":["https:\/\/rms-enlinea.com.ar\/wp-content\/uploads\/2025\/08\/D_923847-MLA89580900250_082025-F.jpg",1198,490,false],"woocommerce_thumbnail":["https:\/\/rms-enlinea.com.ar\/wp-content\/uploads\/2025\/08\/D_923847-MLA89580900250_082025-F-450x450.jpg",450,450,true],"woocommerce_single":["https:\/\/rms-enlinea.com.ar\/wp-content\/uploads\/2025\/08\/D_923847-MLA89580900250_082025-F-600x245.jpg",600,245,true],"woocommerce_gallery_thumbnail":["https:\/\/rms-enlinea.com.ar\/wp-content\/uploads\/2025\/08\/D_923847-MLA89580900250_082025-F-100x100.jpg",100,100,true]},"uagb_author_info":{"display_name":"mario","author_link":"https:\/\/rms-enlinea.com.ar\/tienda\/author\/"},"uagb_comment_info":0,"uagb_excerpt":"DIMENSIONESAltura: 155 mm Ancho: 450 mm Profundidad: 23,5 mm Peso: 550 g Longitud del cable: 150 cm ESPECIFICACIONES T\u00c9CNICASDise\u00f1o resistente a salpicaduras Teclado num\u00e9rico con 10 teclas Indicador luminoso de bloqueo de may\u00fasculas Indicador luminoso de bloqueo num\u00e9rico Hasta 10 millones de pulsaciones (excepto la tecla de bloqueo num\u00e9rico) Tipo de teclas: Teclas c\u00f3ncavas","_links":{"self":[{"href":"https:\/\/rms-enlinea.com.ar\/tienda\/wp-json\/wp\/v2\/product\/55330","targetHints":{"allow":["GET"]}}],"collection":[{"href":"https:\/\/rms-enlinea.com.ar\/tienda\/wp-json\/wp\/v2\/product"}],"about":[{"href":"https:\/\/rms-enlinea.com.ar\/tienda\/wp-json\/wp\/v2\/types\/product"}],"replies":[{"embeddable":true,"href":"https:\/\/rms-enlinea.com.ar\/tienda\/wp-json\/wp\/v2\/comments?post=55330"}],"wp:featuredmedia":[{"embeddable":true,"href":"https:\/\/rms-enlinea.com.ar\/tienda\/wp-json\/wp\/v2\/media\/55331"}],"wp:attachment":[{"href":"https:\/\/rms-enlinea.com.ar\/tienda\/wp-json\/wp\/v2\/media?parent=55330"}],"wp:term":[{"taxonomy":"product_brand","embeddable":true,"href":"https:\/\/rms-enlinea.com.ar\/tienda\/wp-json\/wp\/v2\/product_brand?post=55330"},{"taxonomy":"product_cat","embeddable":true,"href":"https:\/\/rms-enlinea.com.ar\/tienda\/wp-json\/wp\/v2\/product_cat?post=55330"},{"taxonomy":"product_tag","embeddable":true,"href":"https:\/\/rms-enlinea.com.ar\/tienda\/wp-json\/wp\/v2\/product_tag?post=55330"}],"curies":[{"name":"wp","href":"https:\/\/api.w.org\/{rel}","templated":true}]}}